{"id":700,"date":"2026-03-05T14:09:53","date_gmt":"2026-03-05T17:09:53","guid":{"rendered":"https:\/\/treinamentolivre.com\/si\/cyber\/?page_id=700"},"modified":"2026-04-15T18:53:10","modified_gmt":"2026-04-15T21:53:10","slug":"area-51","status":"publish","type":"page","link":"https:\/\/treinamentolivre.com\/si\/cyber\/?page_id=700","title":{"rendered":"\u00c1rea 51"},"content":{"rendered":"\n<p><\/p>\n\n\n\n<figure class=\"wp-block-embed is-type-wp-embed is-provider-seguran-a-da-informa-o wp-block-embed-seguran-a-da-informa-o\"><div class=\"wp-block-embed__wrapper\">\n<blockquote class=\"wp-embedded-content\" data-secret=\"HbsDo4y2MQ\"><a href=\"https:\/\/treinamentolivre.com\/si\/cyber\/?page_id=698\">Protegido: Exerc\u00edcios de Seguran\u00e7a Cibern\u00e9tica na JF.<\/a><\/blockquote><iframe loading=\"lazy\" class=\"wp-embedded-content\" sandbox=\"allow-scripts\" security=\"restricted\" style=\"position: absolute; visibility: hidden;\" title=\"&#8220;Protegido: Exerc\u00edcios de Seguran\u00e7a Cibern\u00e9tica na JF.&#8221; &#8212; Seguran\u00e7a da Informa\u00e7\u00e3o\" src=\"https:\/\/treinamentolivre.com\/si\/cyber\/?page_id=698&#038;embed=true#?secret=VUg7dEazdS#?secret=HbsDo4y2MQ\" data-secret=\"HbsDo4y2MQ\" width=\"500\" height=\"282\" frameborder=\"0\" marginwidth=\"0\" marginheight=\"0\" scrolling=\"no\"><\/iframe>\n<\/div><\/figure>\n\n\n\n<p><\/p>\n","protected":false},"excerpt":{"rendered":"","protected":false},"author":1,"featured_media":0,"parent":0,"menu_order":0,"comment_status":"closed","ping_status":"closed","template":"","meta":{"footnotes":""},"class_list":["post-700","page","type-page","status-publish","hentry","excerpt"],"_links":{"self":[{"href":"https:\/\/treinamentolivre.com\/si\/cyber\/index.php?rest_route=\/wp\/v2\/pages\/700","targetHints":{"allow":["GET"]}}],"collection":[{"href":"https:\/\/treinamentolivre.com\/si\/cyber\/index.php?rest_route=\/wp\/v2\/pages"}],"about":[{"href":"https:\/\/treinamentolivre.com\/si\/cyber\/index.php?rest_route=\/wp\/v2\/types\/page"}],"author":[{"embeddable":true,"href":"https:\/\/treinamentolivre.com\/si\/cyber\/index.php?rest_route=\/wp\/v2\/users\/1"}],"replies":[{"embeddable":true,"href":"https:\/\/treinamentolivre.com\/si\/cyber\/index.php?rest_route=%2Fwp%2Fv2%2Fcomments&post=700"}],"version-history":[{"count":5,"href":"https:\/\/treinamentolivre.com\/si\/cyber\/index.php?rest_route=\/wp\/v2\/pages\/700\/revisions"}],"predecessor-version":[{"id":754,"href":"https:\/\/treinamentolivre.com\/si\/cyber\/index.php?rest_route=\/wp\/v2\/pages\/700\/revisions\/754"}],"wp:attachment":[{"href":"https:\/\/treinamentolivre.com\/si\/cyber\/index.php?rest_route=%2Fwp%2Fv2%2Fmedia&parent=700"}],"curies":[{"name":"wp","href":"https:\/\/api.w.org\/{rel}","templated":true}]}}