{"id":7,"date":"2023-11-14T04:41:19","date_gmt":"2023-11-14T07:41:19","guid":{"rendered":"https:\/\/treinamentolivre.com\/si\/cyber\/?page_id=7"},"modified":"2026-03-10T18:30:36","modified_gmt":"2026-03-10T21:30:36","slug":"quem-somos","status":"publish","type":"page","link":"https:\/\/treinamentolivre.com\/si\/cyber\/","title":{"rendered":"Quem somos ?"},"content":{"rendered":"\n<div class=\"wp-block-group alignfull has-accent-background-color has-background\" style=\"margin-top:0;margin-bottom:0;padding-top:var(--wp--preset--spacing--50);padding-right:var(--wp--preset--spacing--50);padding-bottom:var(--wp--preset--spacing--50);padding-left:var(--wp--preset--spacing--50)\"><div class=\"wp-block-group__inner-container is-layout-constrained wp-container-core-group-is-layout-2bafd31c wp-block-group-is-layout-constrained\">\n<div class=\"wp-block-columns alignwide is-layout-flex wp-container-core-columns-is-layout-4d397ad4 wp-block-columns-is-layout-flex\">\n<div class=\"wp-block-column is-vertically-aligned-stretch is-layout-flow wp-block-column-is-layout-flow\" style=\"flex-basis:50%\">\n<div class=\"wp-block-group is-vertical is-content-justification-stretch is-layout-flex wp-container-core-group-is-layout-d9786264 wp-block-group-is-layout-flex\" style=\"min-height:100%\">\n<p class=\"has-heading-font-family has-x-large-font-size\" style=\"line-height:1.2\">N\u00f3s somos o Grupo de Estudos de Seguran\u00e7a da Informa\u00e7\u00e3o e Redes (GEtSI) do <a href=\"http:\/\/imbuhy.com\">I2<\/a>.<\/p>\n\n\n\n<div class=\"wp-block-group is-content-justification-left\"><div class=\"wp-block-group__inner-container is-layout-constrained wp-container-core-group-is-layout-ebdfa9d7 wp-block-group-is-layout-constrained\">\n<p class=\"wp-container-content-0733e5d0\">Estamos focados no ensino, nos padr\u00f5es, problemas, fun\u00e7\u00f5es, certifica\u00e7\u00f5es, mercado, hist\u00f3ria e estudo de casos.<\/p>\n<\/div><\/div>\n<\/div>\n<\/div>\n\n\n\n<div class=\"wp-block-column is-vertically-aligned-center is-layout-flow wp-block-column-is-layout-flow\" style=\"flex-basis:50%\">\n<figure class=\"wp-block-image size-full is-style-rounded\"><img loading=\"lazy\" decoding=\"async\" width=\"300\" height=\"168\" src=\"https:\/\/treinamentolivre.com\/si\/cyber\/wp-content\/uploads\/2023\/11\/seginfo.jpeg\" alt=\"\" class=\"wp-image-17\" style=\"aspect-ratio:3\/4;object-fit:cover\"\/><\/figure>\n<\/div>\n<\/div>\n<\/div><\/div>\n\n\n\n<div class=\"wp-block-group alignfull\" style=\"margin-top:0;margin-bottom:0;padding-top:var(--wp--preset--spacing--50);padding-right:var(--wp--preset--spacing--50);padding-bottom:var(--wp--preset--spacing--50);padding-left:var(--wp--preset--spacing--50)\"><div class=\"wp-block-group__inner-container is-layout-constrained wp-container-core-group-is-layout-2bafd31c wp-block-group-is-layout-constrained\">\n<div class=\"wp-block-group is-vertical is-content-justification-center is-layout-flex wp-container-core-group-is-layout-4b2eccd6 wp-block-group-is-layout-flex\">\n<h2 class=\"wp-block-heading has-text-align-center has-xx-large-font-size\">Conhe\u00e7a nossa equipe<\/h2>\n\n\n\n<p class=\"has-text-align-center\">Profissionais que viveram<\/p>\n\n\n\n<p class=\"has-text-align-center\">e vivem o mundo real e virtual da seguran\u00e7a da informa\u00e7\u00e3o.<\/p>\n<\/div>\n\n\n\n<div style=\"height:var(--wp--preset--spacing--30)\" aria-hidden=\"true\" class=\"wp-block-spacer\"><\/div>\n\n\n\n<div class=\"wp-block-columns alignwide is-layout-flex wp-container-core-columns-is-layout-d8280152 wp-block-columns-is-layout-flex\" style=\"padding-right:0;padding-left:0\">\n<div class=\"wp-block-column is-layout-flow wp-block-column-is-layout-flow\">\n\n\n<div class=\"wp-block-group is-vertical is-content-justification-center is-nowrap is-layout-flex wp-container-core-group-is-layout-d7ec9006 wp-block-group-is-layout-flex\">\n<p class=\"has-text-align-center has-small-font-size\"> <strong>Hali Omani<\/strong> <\/p>\n\n\n\n<p class=\"has-text-align-center has-small-font-size\">Fundador do GEtSI-I2, Diretor e fundador do <a href=\"http:\/\/imbuhy.com\" target=\"_blank\" rel=\"noreferrer noopener\">I2<\/a>.<\/p>\n<\/div>\n<\/div>\n\n\n\n<div class=\"wp-block-column is-layout-flow wp-block-column-is-layout-flow\">\n\n\n<div class=\"wp-block-group is-vertical is-content-justification-center is-nowrap is-layout-flex wp-container-core-group-is-layout-8aeacad7 wp-block-group-is-layout-flex\">\n<p class=\"has-text-align-center has-small-font-size\"><strong>R. Daniel Oliva<\/strong><\/p>\n\n\n\n<p class=\"has-text-align-center has-small-font-size\">Cyber Investigador (e, sim, ele \u00e9 uma IA)<\/p>\n<\/div>\n<\/div>\n\n\n\n<div class=\"wp-block-column is-layout-flow wp-block-column-is-layout-flow\"><\/div>\n<\/div>\n<\/div><\/div>\n\n\n\n\n\n<div class=\"wp-block-group alignfull has-base-color has-contrast-background-color has-text-color has-background has-link-color wp-elements-9d2dd4eea534c6e78bd3005f01d4b7c7\" style=\"margin-top:0;margin-bottom:0;padding-top:var(--wp--preset--spacing--50);padding-right:var(--wp--preset--spacing--50);padding-bottom:var(--wp--preset--spacing--50);padding-left:var(--wp--preset--spacing--50)\"><div class=\"wp-block-group__inner-container is-layout-constrained wp-container-core-group-is-layout-9cf8f26d wp-block-group-is-layout-constrained\">\n<h6 class=\"wp-block-heading alignwide has-base-color has-text-color has-link-color wp-elements-878337998a0c4d55ad812aa1d616327d\" style=\"font-size:10rem;letter-spacing:-0.02em\"><sup>FAQs<\/sup><\/h6>\n\n\n\n<div class=\"wp-block-group alignwide\"><div class=\"wp-block-group__inner-container is-layout-flow wp-block-group-is-layout-flow\">\n<hr class=\"wp-block-separator has-text-color has-base-color has-alpha-channel-opacity has-base-background-color has-background is-style-wide\"\/>\n\n\n\n<details class=\"wp-block-details is-style-arrow-icon-details has-medium-font-size is-layout-flow wp-block-details-is-layout-flow\" style=\"border-top-style:none;border-top-width:0px;border-right-style:none;border-right-width:0px;border-bottom-color:var(--wp--preset--color--base);border-bottom-style:solid;border-bottom-width:1px;border-left-style:none;border-left-width:0px;margin-top:0\"><summary> O que \u00e9 seguran\u00e7a ?<\/summary>\n<p class=\"has-contrast-1-color has-text-color has-link-color wp-elements-185151959be598dfc2274450fe4ca2ea\">Seguran\u00e7a \u00e9 a garantia de que o acesso a um conjunto de recursos ser\u00e1 dado a quem de direito, segundo normas, regras e leis aplic\u00e1veis \u00e0quele ambiente. \u00c9 tamb\u00e9m a garantia de que esses recursos v\u00e3o atuar de acordo com o programado para aquele conjunto de usu\u00e1rios.<\/p>\n<\/details>\n\n\n\n<details class=\"wp-block-details is-style-arrow-icon-details has-medium-font-size is-layout-flow wp-block-details-is-layout-flow\" style=\"border-top-style:none;border-top-width:0px;border-right-style:none;border-right-width:0px;border-bottom-color:var(--wp--preset--color--base);border-bottom-style:solid;border-bottom-width:1px;border-left-style:none;border-left-width:0px;margin-top:0\"><summary>Quais s\u00e3o os tipos de seguran\u00e7a ?<\/summary>\n<p class=\"has-contrast-1-color has-text-color has-link-color wp-elements-1744500d33d8a340f09e072a0c8b64ee\">Existem v\u00e1rios. Podemos citar alguns: a seguran\u00e7a patrimonial, a seguran\u00e7a biol\u00f3gica, a seguran\u00e7a da informa\u00e7\u00e3o, a seguran\u00e7a pessoal, a seguran\u00e7a cibern\u00e9tica, a seguran\u00e7a alimentar.<\/p>\n<\/details>\n\n\n\n<details class=\"wp-block-details is-style-arrow-icon-details has-medium-font-size is-layout-flow wp-block-details-is-layout-flow\" style=\"border-top-style:none;border-top-width:0px;border-right-style:none;border-right-width:0px;border-bottom-color:var(--wp--preset--color--base);border-bottom-style:solid;border-bottom-width:1px;border-left-style:none;border-left-width:0px;margin-top:0\"><summary>O que faz o profissional de seguran\u00e7a da informa\u00e7\u00e3o ?<\/summary>\n<p class=\"has-contrast-1-color has-text-color has-link-color wp-elements-fff63213af4262728c75dc1c4f7c223a\">Basicamente ele ou ela garantem que as pessoas, institui\u00e7\u00f5es e servi\u00e7os tenham acesso adequado e garantido a recursos de informa\u00e7\u00e3o, dentro dos par\u00e2metros definidos na classifica\u00e7\u00e3o dessa informa\u00e7\u00e3o.<\/p>\n<\/details>\n\n\n\n<details class=\"wp-block-details is-style-arrow-icon-details has-medium-font-size is-layout-flow wp-block-details-is-layout-flow\" style=\"border-top-style:none;border-top-width:0px;border-right-style:none;border-right-width:0px;border-bottom-color:var(--wp--preset--color--base);border-bottom-style:solid;border-bottom-width:1px;border-left-style:none;border-left-width:0px;margin-top:0\"><summary>Qual a import\u00e2ncia da classifica\u00e7\u00e3o da informa\u00e7\u00e3o ?<\/summary>\n<p class=\"has-contrast-1-color has-text-color has-link-color wp-elements-32f21194d704bec16fe30b802a5a5692\">Ela norteia todo o acesso. Sem a classifica\u00e7\u00e3o, n\u00e3o podemos saber quem tem qual direito sobre uma informa\u00e7\u00e3o, n\u00e3o sabemos como garantir sua validade, n\u00e3o podemos desenvolver sistemas adequados de prote\u00e7\u00e3o, n\u00e3o h\u00e1 raz\u00e3o para  implantar servi\u00e7os de diret\u00f3rio como AD e Open LDAP.<\/p>\n<\/details>\n\n\n\n<div style=\"margin-top:var(--wp--preset--spacing--10);margin-bottom:0;height:var(--wp--preset--spacing--10)\" aria-hidden=\"true\" class=\"wp-block-spacer\"><\/div>\n<\/div><\/div>\n<\/div><\/div>\n\n\n\n<div class=\"wp-block-group alignfull\" style=\"margin-top:0;margin-bottom:0;padding-top:var(--wp--preset--spacing--50);padding-right:var(--wp--preset--spacing--50);padding-bottom:var(--wp--preset--spacing--50);padding-left:var(--wp--preset--spacing--50)\"><div class=\"wp-block-group__inner-container is-layout-constrained wp-container-core-group-is-layout-9cf8f26d wp-block-group-is-layout-constrained\"><\/div><\/div>\n","protected":false},"excerpt":{"rendered":"<p>N\u00f3s somos o Grupo de Estudos de Seguran\u00e7a da Informa\u00e7\u00e3o e Redes (GEtSI) do I2. Estamos focados no ensino, nos padr\u00f5es, problemas, fun\u00e7\u00f5es, certifica\u00e7\u00f5es, mercado, hist\u00f3ria e estudo de casos.&#8230;<\/p>\n<div class=\"more-link-wrapper\"><a class=\"more-link\" href=\"https:\/\/treinamentolivre.com\/si\/cyber\/\">Continuar a ler&#8230;<span class=\"screen-reader-text\">Quem somos ?<\/span><\/a><\/div>\n","protected":false},"author":1,"featured_media":0,"parent":0,"menu_order":0,"comment_status":"closed","ping_status":"closed","template":"","meta":{"footnotes":""},"class_list":["post-7","page","type-page","status-publish","hentry","excerpt"],"_links":{"self":[{"href":"https:\/\/treinamentolivre.com\/si\/cyber\/index.php?rest_route=\/wp\/v2\/pages\/7","targetHints":{"allow":["GET"]}}],"collection":[{"href":"https:\/\/treinamentolivre.com\/si\/cyber\/index.php?rest_route=\/wp\/v2\/pages"}],"about":[{"href":"https:\/\/treinamentolivre.com\/si\/cyber\/index.php?rest_route=\/wp\/v2\/types\/page"}],"author":[{"embeddable":true,"href":"https:\/\/treinamentolivre.com\/si\/cyber\/index.php?rest_route=\/wp\/v2\/users\/1"}],"replies":[{"embeddable":true,"href":"https:\/\/treinamentolivre.com\/si\/cyber\/index.php?rest_route=%2Fwp%2Fv2%2Fcomments&post=7"}],"version-history":[{"count":21,"href":"https:\/\/treinamentolivre.com\/si\/cyber\/index.php?rest_route=\/wp\/v2\/pages\/7\/revisions"}],"predecessor-version":[{"id":726,"href":"https:\/\/treinamentolivre.com\/si\/cyber\/index.php?rest_route=\/wp\/v2\/pages\/7\/revisions\/726"}],"wp:attachment":[{"href":"https:\/\/treinamentolivre.com\/si\/cyber\/index.php?rest_route=%2Fwp%2Fv2%2Fmedia&parent=7"}],"curies":[{"name":"wp","href":"https:\/\/api.w.org\/{rel}","templated":true}]}}