{"id":473,"date":"2025-05-15T21:54:58","date_gmt":"2025-05-16T00:54:58","guid":{"rendered":"https:\/\/treinamentolivre.com\/si\/cyber\/?page_id=473"},"modified":"2025-05-15T23:05:05","modified_gmt":"2025-05-16T02:05:05","slug":"pos-em-si","status":"publish","type":"page","link":"https:\/\/treinamentolivre.com\/si\/cyber\/?page_id=473","title":{"rendered":"Rumo \u00e0 P\u00f3s em SI"},"content":{"rendered":"\n<blockquote class=\"wp-block-quote is-layout-flow wp-block-quote-is-layout-flow\">\n<p>P\u00f3s-gradua\u00e7\u00e3o em seguran\u00e7a da informa\u00e7\u00e3o \u00e9 um desafio constante. A tecnologia evolui; os tipos de amea\u00e7a evoluem, o elemento humano muda constantemente. Nem sempre \u00e9 um caminho previs\u00edvel de matr\u00edcula + curso + diploma. Muita coisa (boa ou ruim) pode ocorrer no caminho. Acredite, tudo o que ocorre \u00e9 para testar voc\u00ea e te fazer mais forte e habilidoso.<\/p>\n\n\n\n<p>Conhe\u00e7a nossa experi\u00eancia em treinamento pr\u00f3prio e na an\u00e1lise de cursos, oportunidades e armadilhas no caminho.<\/p>\n<\/blockquote>\n\n\n\n<figure class=\"wp-block-embed is-type-wp-embed is-provider-seguran-a-da-informa-o wp-block-embed-seguran-a-da-informa-o\"><div class=\"wp-block-embed__wrapper\">\n<blockquote class=\"wp-embedded-content\" data-secret=\"SlkhzrXvxw\"><a href=\"https:\/\/treinamentolivre.com\/si\/cyber\/?p=479\">Cisco NetGames 2025 &#8211; Sess\u00f5es gratuitas<\/a><\/blockquote><iframe loading=\"lazy\" class=\"wp-embedded-content\" sandbox=\"allow-scripts\" security=\"restricted\" style=\"position: absolute; visibility: hidden;\" title=\"&#8220;Cisco NetGames 2025 &#8211; Sess\u00f5es gratuitas&#8221; &#8212; Seguran\u00e7a da Informa\u00e7\u00e3o\" src=\"https:\/\/treinamentolivre.com\/si\/cyber\/?p=479&#038;embed=true#?secret=U2aWN6e8ng#?secret=SlkhzrXvxw\" data-secret=\"SlkhzrXvxw\" width=\"500\" height=\"282\" frameborder=\"0\" marginwidth=\"0\" marginheight=\"0\" scrolling=\"no\"><\/iframe>\n<\/div><\/figure>\n","protected":false},"excerpt":{"rendered":"<p>P\u00f3s-gradua\u00e7\u00e3o em seguran\u00e7a da informa\u00e7\u00e3o \u00e9 um desafio constante. A tecnologia evolui; os tipos de amea\u00e7a evoluem, o elemento humano muda constantemente. Nem sempre \u00e9 um caminho previs\u00edvel de matr\u00edcula&#8230;<\/p>\n<div class=\"more-link-wrapper\"><a class=\"more-link\" href=\"https:\/\/treinamentolivre.com\/si\/cyber\/?page_id=473\">Continuar a ler&#8230;<span class=\"screen-reader-text\">Rumo \u00e0 P\u00f3s em SI<\/span><\/a><\/div>\n","protected":false},"author":1,"featured_media":0,"parent":0,"menu_order":0,"comment_status":"closed","ping_status":"closed","template":"","meta":{"footnotes":""},"class_list":["post-473","page","type-page","status-publish","hentry","excerpt"],"_links":{"self":[{"href":"https:\/\/treinamentolivre.com\/si\/cyber\/index.php?rest_route=\/wp\/v2\/pages\/473","targetHints":{"allow":["GET"]}}],"collection":[{"href":"https:\/\/treinamentolivre.com\/si\/cyber\/index.php?rest_route=\/wp\/v2\/pages"}],"about":[{"href":"https:\/\/treinamentolivre.com\/si\/cyber\/index.php?rest_route=\/wp\/v2\/types\/page"}],"author":[{"embeddable":true,"href":"https:\/\/treinamentolivre.com\/si\/cyber\/index.php?rest_route=\/wp\/v2\/users\/1"}],"replies":[{"embeddable":true,"href":"https:\/\/treinamentolivre.com\/si\/cyber\/index.php?rest_route=%2Fwp%2Fv2%2Fcomments&post=473"}],"version-history":[{"count":9,"href":"https:\/\/treinamentolivre.com\/si\/cyber\/index.php?rest_route=\/wp\/v2\/pages\/473\/revisions"}],"predecessor-version":[{"id":489,"href":"https:\/\/treinamentolivre.com\/si\/cyber\/index.php?rest_route=\/wp\/v2\/pages\/473\/revisions\/489"}],"wp:attachment":[{"href":"https:\/\/treinamentolivre.com\/si\/cyber\/index.php?rest_route=%2Fwp%2Fv2%2Fmedia&parent=473"}],"curies":[{"name":"wp","href":"https:\/\/api.w.org\/{rel}","templated":true}]}}