{"id":44,"date":"2023-11-14T05:48:59","date_gmt":"2023-11-14T08:48:59","guid":{"rendered":"https:\/\/treinamentolivre.com\/si\/cyber\/?page_id=44"},"modified":"2026-03-10T20:33:11","modified_gmt":"2026-03-10T23:33:11","slug":"ux","status":"publish","type":"page","link":"https:\/\/treinamentolivre.com\/si\/cyber\/?page_id=44","title":{"rendered":"UX"},"content":{"rendered":"\n<p>Seguran\u00e7a tem a ver com <strong>U<\/strong>ser E<strong>x<\/strong>perience ? Sim. Se um programa tem uma p\u00e9ssima interface, se confunde o seu usu\u00e1rio, se est\u00e1 mal desenhado, se leva o usu\u00e1rio ao erro, isso tem a ver com seguran\u00e7a. Lembremo-nos do tri\u00e2ngulo C.I.A: Confidentiality (Confidencialidade), Integrity (Integridade), Availability (Disponibilidade). Esta \u00faltima est\u00e1 relacionada com UX. Na verdade, poder\u00edamos criar um item novo, CIA&amp;U, com a <strong>usabilidade<\/strong>.<\/p>\n\n\n\n<p><\/p>\n","protected":false},"excerpt":{"rendered":"<p>Seguran\u00e7a tem a ver com User Experience ? Sim. Se um programa tem uma p\u00e9ssima interface, se confunde o seu usu\u00e1rio, se est\u00e1 mal desenhado, se leva o usu\u00e1rio ao&#8230;<\/p>\n<div class=\"more-link-wrapper\"><a class=\"more-link\" href=\"https:\/\/treinamentolivre.com\/si\/cyber\/?page_id=44\">Continuar a ler&#8230;<span class=\"screen-reader-text\">UX<\/span><\/a><\/div>\n","protected":false},"author":1,"featured_media":0,"parent":0,"menu_order":0,"comment_status":"closed","ping_status":"closed","template":"","meta":{"footnotes":""},"class_list":["post-44","page","type-page","status-publish","hentry","excerpt"],"_links":{"self":[{"href":"https:\/\/treinamentolivre.com\/si\/cyber\/index.php?rest_route=\/wp\/v2\/pages\/44","targetHints":{"allow":["GET"]}}],"collection":[{"href":"https:\/\/treinamentolivre.com\/si\/cyber\/index.php?rest_route=\/wp\/v2\/pages"}],"about":[{"href":"https:\/\/treinamentolivre.com\/si\/cyber\/index.php?rest_route=\/wp\/v2\/types\/page"}],"author":[{"embeddable":true,"href":"https:\/\/treinamentolivre.com\/si\/cyber\/index.php?rest_route=\/wp\/v2\/users\/1"}],"replies":[{"embeddable":true,"href":"https:\/\/treinamentolivre.com\/si\/cyber\/index.php?rest_route=%2Fwp%2Fv2%2Fcomments&post=44"}],"version-history":[{"count":6,"href":"https:\/\/treinamentolivre.com\/si\/cyber\/index.php?rest_route=\/wp\/v2\/pages\/44\/revisions"}],"predecessor-version":[{"id":738,"href":"https:\/\/treinamentolivre.com\/si\/cyber\/index.php?rest_route=\/wp\/v2\/pages\/44\/revisions\/738"}],"wp:attachment":[{"href":"https:\/\/treinamentolivre.com\/si\/cyber\/index.php?rest_route=%2Fwp%2Fv2%2Fmedia&parent=44"}],"curies":[{"name":"wp","href":"https:\/\/api.w.org\/{rel}","templated":true}]}}