{"id":39,"date":"2023-11-14T05:43:44","date_gmt":"2023-11-14T08:43:44","guid":{"rendered":"https:\/\/treinamentolivre.com\/si\/cyber\/?page_id=39"},"modified":"2023-11-16T19:11:19","modified_gmt":"2023-11-16T22:11:19","slug":"referencias","status":"publish","type":"page","link":"https:\/\/treinamentolivre.com\/si\/cyber\/?page_id=39","title":{"rendered":"Refer\u00eancias"},"content":{"rendered":"\n<p>Leituras, refer\u00eancias, v\u00eddeos, aulas.<\/p>\n\n\n\n<figure class=\"wp-block-embed is-type-wp-embed is-provider-instituto-imbuhy wp-block-embed-instituto-imbuhy\"><div class=\"wp-block-embed__wrapper\">\n<blockquote class=\"wp-embedded-content\" data-secret=\"UTCKmrPZZw\"><a href=\"https:\/\/treinamentolivre.com\/i2\/?page_id=314\">Seguran\u00e7a da Informa\u00e7\u00e3o<\/a><\/blockquote><iframe loading=\"lazy\" class=\"wp-embedded-content\" sandbox=\"allow-scripts\" security=\"restricted\" style=\"position: absolute; clip: rect(1px, 1px, 1px, 1px);\" title=\"&#8220;Seguran\u00e7a da Informa\u00e7\u00e3o&#8221; &#8212; INSTITUTO IMBUHY\" src=\"https:\/\/treinamentolivre.com\/i2\/?page_id=314&#038;embed=true#?secret=wxUwz5n5VE#?secret=UTCKmrPZZw\" data-secret=\"UTCKmrPZZw\" width=\"500\" height=\"282\" frameborder=\"0\" marginwidth=\"0\" marginheight=\"0\" scrolling=\"no\"><\/iframe>\n<\/div><figcaption class=\"wp-element-caption\">Antiga p\u00e1gina de seguran\u00e7a da informa\u00e7\u00e3o do I2.<\/figcaption><\/figure>\n","protected":false},"excerpt":{"rendered":"<p>Leituras, refer\u00eancias, v\u00eddeos, aulas.<\/p>\n","protected":false},"author":1,"featured_media":0,"parent":0,"menu_order":0,"comment_status":"closed","ping_status":"closed","template":"","meta":{"footnotes":""},"class_list":["post-39","page","type-page","status-publish","hentry","excerpt"],"_links":{"self":[{"href":"https:\/\/treinamentolivre.com\/si\/cyber\/index.php?rest_route=\/wp\/v2\/pages\/39","targetHints":{"allow":["GET"]}}],"collection":[{"href":"https:\/\/treinamentolivre.com\/si\/cyber\/index.php?rest_route=\/wp\/v2\/pages"}],"about":[{"href":"https:\/\/treinamentolivre.com\/si\/cyber\/index.php?rest_route=\/wp\/v2\/types\/page"}],"author":[{"embeddable":true,"href":"https:\/\/treinamentolivre.com\/si\/cyber\/index.php?rest_route=\/wp\/v2\/users\/1"}],"replies":[{"embeddable":true,"href":"https:\/\/treinamentolivre.com\/si\/cyber\/index.php?rest_route=%2Fwp%2Fv2%2Fcomments&post=39"}],"version-history":[{"count":3,"href":"https:\/\/treinamentolivre.com\/si\/cyber\/index.php?rest_route=\/wp\/v2\/pages\/39\/revisions"}],"predecessor-version":[{"id":137,"href":"https:\/\/treinamentolivre.com\/si\/cyber\/index.php?rest_route=\/wp\/v2\/pages\/39\/revisions\/137"}],"wp:attachment":[{"href":"https:\/\/treinamentolivre.com\/si\/cyber\/index.php?rest_route=%2Fwp%2Fv2%2Fmedia&parent=39"}],"curies":[{"name":"wp","href":"https:\/\/api.w.org\/{rel}","templated":true}]}}