{"id":9,"date":"2024-03-29T15:08:14","date_gmt":"2024-03-29T18:08:14","guid":{"rendered":"https:\/\/treinamentolivre.com\/pc\/?page_id=9"},"modified":"2026-02-25T12:27:55","modified_gmt":"2026-02-25T15:27:55","slug":"sobre-mim","status":"publish","type":"page","link":"https:\/\/treinamentolivre.com\/pc\/?page_id=9","title":{"rendered":"Sobre mim"},"content":{"rendered":"\n<ul class=\"wp-block-list\">\n<li><a href=\"http:\/\/lattes.cnpq.br\/5489223053364198\" target=\"_blank\" rel=\"noreferrer noopener\">Curriculum Lattes<\/a> <\/li>\n\n\n\n<li><a href=\"https:\/\/www.blogger.com\/blog\/posts\/2581108405733061267\" target=\"_blank\" rel=\"noreferrer noopener\">Alguns escritos recuperados em Blog<\/a><\/li>\n<\/ul>\n\n\n\n<p><strong>Na UERJ:<\/strong><\/p>\n\n\n\n<figure class=\"wp-block-image size-thumbnail\"><img loading=\"lazy\" decoding=\"async\" width=\"150\" height=\"150\" src=\"https:\/\/treinamentolivre.com\/pc\/wp-content\/uploads\/2026\/01\/foto_paulo-edited-150x150.jpg\" alt=\"\" class=\"wp-image-1656\" srcset=\"https:\/\/treinamentolivre.com\/pc\/wp-content\/uploads\/2026\/01\/foto_paulo-edited-150x150.jpg 150w, https:\/\/treinamentolivre.com\/pc\/wp-content\/uploads\/2026\/01\/foto_paulo-edited-300x300.jpg 300w, https:\/\/treinamentolivre.com\/pc\/wp-content\/uploads\/2026\/01\/foto_paulo-edited.jpg 639w\" sizes=\"auto, (max-width: 150px) 100vw, 150px\" \/><\/figure>\n\n\n\n<p><br><br>CALOURO OU VETERANO (deixe a resposta ap\u00f3s os dois pontos): Veterano<\/p>\n\n\n\n<p><strong>Nome:<\/strong> Paulo (a.k.a. PC)<br><strong>Habilita\u00e7\u00e3o:<\/strong> Ingl\u00eas \/ Literatura<br><strong>Idade:<\/strong> 65<br><strong>Pronomes:<\/strong> Ele \/ Dele<br><strong>Instagram:<\/strong> N\u00e3o uso.<br><strong>Signo:<\/strong> N\u00e3o acredito.<br><strong>Hobbies<\/strong> (para al\u00e9m de ler!):<\/p>\n\n\n\n<ul class=\"wp-block-list\">\n<li>Artes marciais<\/li>\n\n\n\n<li>M\u00fasica: classic rock, grunge, progressive rock, MPB,<\/li>\n\n\n\n<li>Inform\u00e1tica<\/li>\n\n\n\n<li>F\u00edsica<\/li>\n\n\n\n<li>Xadrez<\/li>\n\n\n\n<li>Cultura japonesa<\/li>\n\n\n\n<li>Hist\u00f3ria da revolu\u00e7\u00e3o russa<\/li>\n\n\n\n<li>T\u00e9cnicas de aprendizado de l\u00edngua estrangeira<\/li>\n<\/ul>\n\n\n\n<p><br><strong>Time lingu\u00edstica ou time literatura ?<\/strong> Lingu\u00edstica sempre !<br><strong>Se estiver para pista \ud83d\ude06, sinalize aqui:<\/strong> No way !<br><strong>Animado para viver seus dias na melhor do Rio?<\/strong> Sempre<\/p>\n\n\n\n<p><\/p>\n","protected":false},"excerpt":{"rendered":"<p>Na UERJ: CALOURO OU VETERANO (deixe a resposta ap\u00f3s os dois pontos): Veterano Nome: Paulo (a.k.a. PC)Habilita\u00e7\u00e3o: Ingl\u00eas \/ LiteraturaIdade: 65Pronomes: Ele \/ DeleInstagram: N\u00e3o uso.Signo: N\u00e3o acredito.Hobbies (para al\u00e9m&#8230;<\/p>\n<div class=\"more-link-wrapper\"><a class=\"more-link\" href=\"https:\/\/treinamentolivre.com\/pc\/?page_id=9\">Continuar a ler&#8230;<span class=\"screen-reader-text\">Sobre mim<\/span><\/a><\/div>\n","protected":false},"author":1,"featured_media":0,"parent":0,"menu_order":0,"comment_status":"closed","ping_status":"closed","template":"","meta":{"footnotes":""},"class_list":["post-9","page","type-page","status-publish","hentry","excerpt"],"_links":{"self":[{"href":"https:\/\/treinamentolivre.com\/pc\/index.php?rest_route=\/wp\/v2\/pages\/9","targetHints":{"allow":["GET"]}}],"collection":[{"href":"https:\/\/treinamentolivre.com\/pc\/index.php?rest_route=\/wp\/v2\/pages"}],"about":[{"href":"https:\/\/treinamentolivre.com\/pc\/index.php?rest_route=\/wp\/v2\/types\/page"}],"author":[{"embeddable":true,"href":"https:\/\/treinamentolivre.com\/pc\/index.php?rest_route=\/wp\/v2\/users\/1"}],"replies":[{"embeddable":true,"href":"https:\/\/treinamentolivre.com\/pc\/index.php?rest_route=%2Fwp%2Fv2%2Fcomments&post=9"}],"version-history":[{"count":15,"href":"https:\/\/treinamentolivre.com\/pc\/index.php?rest_route=\/wp\/v2\/pages\/9\/revisions"}],"predecessor-version":[{"id":1830,"href":"https:\/\/treinamentolivre.com\/pc\/index.php?rest_route=\/wp\/v2\/pages\/9\/revisions\/1830"}],"wp:attachment":[{"href":"https:\/\/treinamentolivre.com\/pc\/index.php?rest_route=%2Fwp%2Fv2%2Fmedia&parent=9"}],"curies":[{"name":"wp","href":"https:\/\/api.w.org\/{rel}","templated":true}]}}