{"id":847,"date":"2025-01-14T17:22:28","date_gmt":"2025-01-14T20:22:28","guid":{"rendered":"https:\/\/treinamentolivre.com\/pc\/?page_id=847"},"modified":"2025-12-12T18:06:53","modified_gmt":"2025-12-12T21:06:53","slug":"inclusao-digital-para-idosos-facilitando-o-acesso-as-tecnologias-em-instituicoes-governamentais-bancarias-securitarias-e-judiciarias","status":"publish","type":"page","link":"https:\/\/treinamentolivre.com\/pc\/?page_id=847","title":{"rendered":"Inclus\u00e3o Digital Para Idosos: Facilitando o Acesso \u00e0s Tecnologias em Institui\u00e7\u00f5es Governamentais, Banc\u00e1rias, Securit\u00e1rias e Judici\u00e1rias."},"content":{"rendered":"\n<blockquote class=\"wp-block-quote is-layout-flow wp-block-quote-is-layout-flow\">\n<p>Projeto de Gabriela Barros Carvalho, Paulo C. Santos, Franklin C\u00e2mara de Almeida.<\/p>\n\n\n\n<p><\/p>\n<\/blockquote>\n\n\n\n<p>RESUMO E PALAVRAS-CHAVE<\/p>\n\n\n\n<p>Os servi\u00e7os governamentais, banc\u00e1rios, securit\u00e1rios e judici\u00e1rios d\u00e3o mostras de inadequa\u00e7\u00e3o para uso do p\u00fablico idoso. A crescente digitaliza\u00e7\u00e3o, a automatiza\u00e7\u00e3o e a exclus\u00e3o do elemento humano no contato com o p\u00fablico tornam dif\u00edcil o acesso do idoso a servi\u00e7os essenciais. Propomos um breve estudo do assunto atrav\u00e9s de entrevistas e a cria\u00e7\u00e3o de protocolos que coloquem o idoso de volta no patamar de prioridade que ele merece, independentemente da filosofia de economia a todo custo adotada por alguns prestadores de servi\u00e7o, com algumas  not\u00e1veis exce\u00e7\u00f5es, segundo veremos.<\/p>\n\n\n\n<p>Palavras-chave: Idoso, inclus\u00e3o digital, envelhecimento saud\u00e1vel.<\/p>\n\n\n\n<p><\/p>\n\n\n\n<p>Para maiores detalhes, entre em contato com os <a href=\"mailto:gabrielabcarvalho97@gmail.com\" target=\"_blank\" rel=\"noreferrer noopener\">autores<\/a>.<\/p>\n\n\n\n<p><\/p>\n\n\n\n<p>Assuntos relacionados:<\/p>\n\n\n\n<p><\/p>\n\n\n\n<figure class=\"wp-block-embed is-type-wp-embed is-provider-paulo-santos wp-block-embed-paulo-santos\"><div class=\"wp-block-embed__wrapper\">\n<blockquote class=\"wp-embedded-content\" data-secret=\"M35vBLKsNl\"><a href=\"https:\/\/treinamentolivre.com\/pc\/?p=862\">CNJ publica edital da consulta que debater\u00e1 desafios do atendimento a usu\u00e1rios do Jus.br<\/a><\/blockquote><iframe loading=\"lazy\" class=\"wp-embedded-content\" sandbox=\"allow-scripts\" security=\"restricted\" style=\"position: absolute; visibility: hidden;\" title=\"&#8220;CNJ publica edital da consulta que debater\u00e1 desafios do atendimento a usu\u00e1rios do Jus.br&#8221; &#8212; Paulo Santos\" src=\"https:\/\/treinamentolivre.com\/pc\/?p=862&#038;embed=true#?secret=rB2ytlXco3#?secret=M35vBLKsNl\" data-secret=\"M35vBLKsNl\" width=\"500\" height=\"282\" frameborder=\"0\" marginwidth=\"0\" marginheight=\"0\" scrolling=\"no\"><\/iframe>\n<\/div><\/figure>\n\n\n\n<figure class=\"wp-block-embed is-type-wp-embed is-provider-paulo-santos wp-block-embed-paulo-santos\"><div class=\"wp-block-embed__wrapper\">\n<blockquote class=\"wp-embedded-content\" data-secret=\"Gt9cLtNKJp\"><a href=\"https:\/\/treinamentolivre.com\/pc\/?p=865\">2024 Global Trends on Government Innovation: Fostering Human-Centred Public Services<\/a><\/blockquote><iframe loading=\"lazy\" class=\"wp-embedded-content\" sandbox=\"allow-scripts\" security=\"restricted\" style=\"position: absolute; visibility: hidden;\" title=\"&#8220;2024 Global Trends on Government Innovation: Fostering Human-Centred Public Services&#8221; &#8212; Paulo Santos\" src=\"https:\/\/treinamentolivre.com\/pc\/?p=865&#038;embed=true#?secret=v2AT35RVUG#?secret=Gt9cLtNKJp\" data-secret=\"Gt9cLtNKJp\" width=\"500\" height=\"282\" frameborder=\"0\" marginwidth=\"0\" marginheight=\"0\" scrolling=\"no\"><\/iframe>\n<\/div><\/figure>\n","protected":false},"excerpt":{"rendered":"<p>Projeto de Gabriela Barros Carvalho, Paulo C. Santos, Franklin C\u00e2mara de Almeida. RESUMO E PALAVRAS-CHAVE Os servi\u00e7os governamentais, banc\u00e1rios, securit\u00e1rios e judici\u00e1rios d\u00e3o mostras de inadequa\u00e7\u00e3o para uso do p\u00fablico&#8230;<\/p>\n<div class=\"more-link-wrapper\"><a class=\"more-link\" href=\"https:\/\/treinamentolivre.com\/pc\/?page_id=847\">Continuar a ler&#8230;<span class=\"screen-reader-text\">Inclus\u00e3o Digital Para Idosos: Facilitando o Acesso \u00e0s Tecnologias em Institui\u00e7\u00f5es Governamentais, Banc\u00e1rias, Securit\u00e1rias e Judici\u00e1rias.<\/span><\/a><\/div>\n","protected":false},"author":1,"featured_media":0,"parent":0,"menu_order":0,"comment_status":"closed","ping_status":"closed","template":"","meta":{"footnotes":""},"class_list":["post-847","page","type-page","status-publish","hentry","excerpt"],"_links":{"self":[{"href":"https:\/\/treinamentolivre.com\/pc\/index.php?rest_route=\/wp\/v2\/pages\/847","targetHints":{"allow":["GET"]}}],"collection":[{"href":"https:\/\/treinamentolivre.com\/pc\/index.php?rest_route=\/wp\/v2\/pages"}],"about":[{"href":"https:\/\/treinamentolivre.com\/pc\/index.php?rest_route=\/wp\/v2\/types\/page"}],"author":[{"embeddable":true,"href":"https:\/\/treinamentolivre.com\/pc\/index.php?rest_route=\/wp\/v2\/users\/1"}],"replies":[{"embeddable":true,"href":"https:\/\/treinamentolivre.com\/pc\/index.php?rest_route=%2Fwp%2Fv2%2Fcomments&post=847"}],"version-history":[{"count":6,"href":"https:\/\/treinamentolivre.com\/pc\/index.php?rest_route=\/wp\/v2\/pages\/847\/revisions"}],"predecessor-version":[{"id":1537,"href":"https:\/\/treinamentolivre.com\/pc\/index.php?rest_route=\/wp\/v2\/pages\/847\/revisions\/1537"}],"wp:attachment":[{"href":"https:\/\/treinamentolivre.com\/pc\/index.php?rest_route=%2Fwp%2Fv2%2Fmedia&parent=847"}],"curies":[{"name":"wp","href":"https:\/\/api.w.org\/{rel}","templated":true}]}}