{"id":762,"date":"2024-12-18T12:26:23","date_gmt":"2024-12-18T15:26:23","guid":{"rendered":"https:\/\/treinamentolivre.com\/pc\/?page_id=762"},"modified":"2026-02-23T13:23:59","modified_gmt":"2026-02-23T16:23:59","slug":"hall-da-fama","status":"publish","type":"page","link":"https:\/\/treinamentolivre.com\/pc\/?page_id=762","title":{"rendered":"Hall da Fama"},"content":{"rendered":"\n<p><strong>Professores<\/strong><\/p>\n\n\n\n<blockquote class=\"wp-block-quote is-layout-flow wp-block-quote-is-layout-flow\">\n<p>Os melhores professores que j\u00e1 conheci recebem homenagem aqui. H\u00e1 links para os curr\u00edculos, quando poss\u00edvel e o assunto que estudei com eles est\u00e1 entre par\u00eanteses.<\/p>\n\n\n\n<p>Aquele ou aquela ainda n\u00e3o mencionado(a), por favor n\u00e3o fique chateado(a). Esta p\u00e1gina est\u00e1 em constru\u00e7\u00e3o e seu nome pode estar sendo preparado.<\/p>\n<\/blockquote>\n\n\n\n<ul class=\"wp-block-list\">\n<li>Antonio Gitirana (\u00c1lgebra &#8211; in Memoriam) &#8211; SCM<\/li>\n\n\n\n<li><a href=\"https:\/\/www.escavador.com\/sobre\/4863703\/ceres-ferreira-carneiro\" target=\"_blank\" rel=\"noreferrer noopener\">Ceres Ferreira Carneiro<\/a> (Sociolingu\u00edstica) &#8211; UERJ<\/li>\n\n\n\n<li><a href=\"https:\/\/www.charlestonchaves.com.br\/\" target=\"_blank\" rel=\"noreferrer noopener\">Charleston de Carvalho Chaves<\/a> (L\u00edngua Portuguesa &#8211; Morfossintaxe) &#8211; UERJ<\/li>\n\n\n\n<li><a href=\"https:\/\/www.escavador.com\/sobre\/1012516\/claudia-rebello-dos-santos-santos\" target=\"_blank\" rel=\"noreferrer noopener\">Claudia Rebello dos Santos Santos<\/a> (L\u00edngua Inglesa) &#8211; UERJ<\/li>\n\n\n\n<li><a href=\"https:\/\/buscatextual.cnpq.br\/buscatextual\/visualizacv.do\" target=\"_blank\" rel=\"noreferrer noopener\">Cristiane Brasileiro Mazocoli Silva<\/a> (Literatura Brasileira) &#8211; UERJ<\/li>\n\n\n\n<li><a href=\"http:\/\/pedrachave.org\" target=\"_blank\" rel=\"noreferrer noopener\">Dalton Raphael<\/a> (Desenho arquitet\u00f4nico &#8211; in memoriam) &#8211; SCM<\/li>\n\n\n\n<li><a href=\"https:\/\/www.getuliostarling.com.br\/artista.php\" target=\"_blank\" rel=\"noreferrer noopener\">Get\u00falio de Andrade Starling<\/a> (Desenho Art\u00edstico) &#8211; SCM<\/li>\n\n\n\n<li><a href=\"https:\/\/seperj.org.br\/nota-de-falecimento-professor-gilson-puppin-ex-presidente-do-sinpro-rio\/\" target=\"_blank\" rel=\"noreferrer noopener\">Gilson Puppin<\/a> (Geometria Anal\u00edtica) &#8211; SCM<\/li>\n\n\n\n<li>Hugo Pinheiro (F\u00edsica &#8211; in memoriam) &#8211; SCM<\/li>\n\n\n\n<li><a href=\"https:\/\/www.escavador.com\/sobre\/8170472\/isabel-cristina-rodrigues\" target=\"_blank\" rel=\"noreferrer noopener\">Isabel Cristina Rodrigues<\/a> (Lingu\u00edstica) &#8211; UERJ<\/li>\n\n\n\n<li><a href=\"https:\/\/www.escavador.com\/sobre\/5643758\/juliana-almeida-salles\" target=\"_blank\" rel=\"noreferrer noopener\">Juliana Almeida Salles<\/a> (Cultura Inglesa) &#8211; UERJ<\/li>\n\n\n\n<li><a href=\"https:\/\/www.escavador.com\/sobre\/6753551\/quezia-dos-santos\" target=\"_blank\" rel=\"noreferrer noopener\">Quezia dos Santos Lopes Oliveira<\/a> (Lingu\u00edstica) &#8211; UERJ<\/li>\n\n\n\n<li><a href=\"https:\/\/www.escavador.com\/sobre\/5965974\/wellington-couto-de-almeida\" target=\"_blank\" rel=\"noreferrer noopener\">Wellington Couto de Almeida<\/a> (Psicolingu\u00edstica) &#8211; UERJ<\/li>\n<\/ul>\n\n\n\n<p><strong>Nastavniks<\/strong><\/p>\n\n\n\n<p><\/p>\n","protected":false},"excerpt":{"rendered":"<p>Professores Os melhores professores que j\u00e1 conheci recebem homenagem aqui. H\u00e1 links para os curr\u00edculos, quando poss\u00edvel e o assunto que estudei com eles est\u00e1 entre par\u00eanteses. Aquele ou aquela&#8230;<\/p>\n<div class=\"more-link-wrapper\"><a class=\"more-link\" href=\"https:\/\/treinamentolivre.com\/pc\/?page_id=762\">Continuar a ler&#8230;<span class=\"screen-reader-text\">Hall da Fama<\/span><\/a><\/div>\n","protected":false},"author":1,"featured_media":0,"parent":0,"menu_order":0,"comment_status":"closed","ping_status":"closed","template":"","meta":{"footnotes":""},"class_list":["post-762","page","type-page","status-publish","hentry","excerpt"],"_links":{"self":[{"href":"https:\/\/treinamentolivre.com\/pc\/index.php?rest_route=\/wp\/v2\/pages\/762","targetHints":{"allow":["GET"]}}],"collection":[{"href":"https:\/\/treinamentolivre.com\/pc\/index.php?rest_route=\/wp\/v2\/pages"}],"about":[{"href":"https:\/\/treinamentolivre.com\/pc\/index.php?rest_route=\/wp\/v2\/types\/page"}],"author":[{"embeddable":true,"href":"https:\/\/treinamentolivre.com\/pc\/index.php?rest_route=\/wp\/v2\/users\/1"}],"replies":[{"embeddable":true,"href":"https:\/\/treinamentolivre.com\/pc\/index.php?rest_route=%2Fwp%2Fv2%2Fcomments&post=762"}],"version-history":[{"count":23,"href":"https:\/\/treinamentolivre.com\/pc\/index.php?rest_route=\/wp\/v2\/pages\/762\/revisions"}],"predecessor-version":[{"id":1803,"href":"https:\/\/treinamentolivre.com\/pc\/index.php?rest_route=\/wp\/v2\/pages\/762\/revisions\/1803"}],"wp:attachment":[{"href":"https:\/\/treinamentolivre.com\/pc\/index.php?rest_route=%2Fwp%2Fv2%2Fmedia&parent=762"}],"curies":[{"name":"wp","href":"https:\/\/api.w.org\/{rel}","templated":true}]}}