{"id":57,"date":"2024-03-29T15:59:45","date_gmt":"2024-03-29T18:59:45","guid":{"rendered":"https:\/\/treinamentolivre.com\/pc\/?page_id=57"},"modified":"2026-02-02T20:06:31","modified_gmt":"2026-02-02T23:06:31","slug":"projetos","status":"publish","type":"page","link":"https:\/\/treinamentolivre.com\/pc\/?page_id=57","title":{"rendered":"Projetos"},"content":{"rendered":"\n<blockquote class=\"wp-block-quote is-layout-flow wp-block-quote-is-layout-flow\">\n<p>Uma amostra dentre os mais de 30 projetos que criei ou dos projetos de terceiros nos quais participei.<\/p>\n<\/blockquote>\n\n\n\n<figure class=\"wp-block-embed is-type-wp-embed is-provider-paulo-santos wp-block-embed-paulo-santos\"><div class=\"wp-block-embed__wrapper\">\n<blockquote class=\"wp-embedded-content\" data-secret=\"1T5xsrKcUh\"><a href=\"https:\/\/treinamentolivre.com\/pc\/?page_id=1717\">Mary Shelley<\/a><\/blockquote><iframe loading=\"lazy\" class=\"wp-embedded-content\" sandbox=\"allow-scripts\" security=\"restricted\" style=\"position: absolute; visibility: hidden;\" title=\"&#8220;Mary Shelley&#8221; &#8212; Paulo Santos\" src=\"https:\/\/treinamentolivre.com\/pc\/?page_id=1717&#038;embed=true#?secret=1DZWYKmkX9#?secret=1T5xsrKcUh\" data-secret=\"1T5xsrKcUh\" width=\"500\" height=\"282\" frameborder=\"0\" marginwidth=\"0\" marginheight=\"0\" scrolling=\"no\"><\/iframe>\n<\/div><\/figure>\n\n\n\n<figure class=\"wp-block-embed is-type-wp-embed is-provider-paulo-santos wp-block-embed-paulo-santos\"><div class=\"wp-block-embed__wrapper\">\n<blockquote class=\"wp-embedded-content\" data-secret=\"OxKJbn6S4O\"><a href=\"https:\/\/treinamentolivre.com\/pc\/?page_id=1672\">Intera\u00e7\u00e3o homem\u2013m\u00e1quina no projeto PSI.<\/a><\/blockquote><iframe loading=\"lazy\" class=\"wp-embedded-content\" sandbox=\"allow-scripts\" security=\"restricted\" style=\"position: absolute; visibility: hidden;\" title=\"&#8220;Intera\u00e7\u00e3o homem\u2013m\u00e1quina no projeto PSI.&#8221; &#8212; Paulo Santos\" src=\"https:\/\/treinamentolivre.com\/pc\/?page_id=1672&#038;embed=true#?secret=bz7VsHY9Rv#?secret=OxKJbn6S4O\" data-secret=\"OxKJbn6S4O\" width=\"500\" height=\"282\" frameborder=\"0\" marginwidth=\"0\" marginheight=\"0\" scrolling=\"no\"><\/iframe>\n<\/div><\/figure>\n\n\n\n<figure class=\"wp-block-embed is-type-wp-embed is-provider-paulo-santos wp-block-embed-paulo-santos\"><div class=\"wp-block-embed__wrapper\">\n<blockquote class=\"wp-embedded-content\" data-secret=\"LWeEOYhBHo\"><a href=\"https:\/\/treinamentolivre.com\/pc\/?page_id=847\">Inclus\u00e3o Digital Para Idosos: Facilitando o Acesso \u00e0s Tecnologias em Institui\u00e7\u00f5es Governamentais, Banc\u00e1rias, Securit\u00e1rias e Judici\u00e1rias.<\/a><\/blockquote><iframe loading=\"lazy\" class=\"wp-embedded-content\" sandbox=\"allow-scripts\" security=\"restricted\" style=\"position: absolute; visibility: hidden;\" title=\"&#8220;Inclus\u00e3o Digital Para Idosos: Facilitando o Acesso \u00e0s Tecnologias em Institui\u00e7\u00f5es Governamentais, Banc\u00e1rias, Securit\u00e1rias e Judici\u00e1rias.&#8221; &#8212; Paulo Santos\" src=\"https:\/\/treinamentolivre.com\/pc\/?page_id=847&#038;embed=true#?secret=MeoquTADQm#?secret=LWeEOYhBHo\" data-secret=\"LWeEOYhBHo\" width=\"500\" height=\"282\" frameborder=\"0\" marginwidth=\"0\" marginheight=\"0\" scrolling=\"no\"><\/iframe>\n<\/div><\/figure>\n\n\n\n<figure class=\"wp-block-embed is-type-wp-embed is-provider-paulo-santos wp-block-embed-paulo-santos\"><div class=\"wp-block-embed__wrapper\">\n<blockquote class=\"wp-embedded-content\" data-secret=\"59ggIYTywy\"><a href=\"https:\/\/treinamentolivre.com\/pc\/?p=98\">Trajet\u00f3ria e Futuro<\/a><\/blockquote><iframe loading=\"lazy\" class=\"wp-embedded-content\" sandbox=\"allow-scripts\" security=\"restricted\" style=\"position: absolute; visibility: hidden;\" title=\"&#8220;Trajet\u00f3ria e Futuro&#8221; &#8212; Paulo Santos\" src=\"https:\/\/treinamentolivre.com\/pc\/?p=98&#038;embed=true#?secret=Pk0ZeFCaOG#?secret=59ggIYTywy\" data-secret=\"59ggIYTywy\" width=\"500\" height=\"282\" frameborder=\"0\" marginwidth=\"0\" marginheight=\"0\" scrolling=\"no\"><\/iframe>\n<\/div><\/figure>\n\n\n\n<figure class=\"wp-block-embed is-type-wp-embed is-provider-instituto-imbuhy wp-block-embed-instituto-imbuhy\"><div class=\"wp-block-embed__wrapper\">\n<blockquote class=\"wp-embedded-content\" data-secret=\"mcKyNN27TP\"><a href=\"https:\/\/treinamentolivre.com\/i2\/?p=166\">O I2 e o PVS Adelaide Barbosa<\/a><\/blockquote><iframe loading=\"lazy\" class=\"wp-embedded-content\" sandbox=\"allow-scripts\" security=\"restricted\" style=\"position: absolute; visibility: hidden;\" title=\"&#8220;O I2 e o PVS Adelaide Barbosa&#8221; &#8212; INSTITUTO IMBUHY\" src=\"https:\/\/treinamentolivre.com\/i2\/?p=166&#038;embed=true#?secret=952A2jTCuz#?secret=mcKyNN27TP\" data-secret=\"mcKyNN27TP\" width=\"500\" height=\"282\" frameborder=\"0\" marginwidth=\"0\" marginheight=\"0\" scrolling=\"no\"><\/iframe>\n<\/div><\/figure>\n\n\n\n<figure class=\"wp-block-image size-large\"><a href=\"https:\/\/daltonraphaelestereotomia.wordpress.com\/\" target=\"_blank\" rel=\" noreferrer noopener\"><img loading=\"lazy\" decoding=\"async\" width=\"1024\" height=\"464\" src=\"https:\/\/treinamentolivre.com\/pc\/wp-content\/uploads\/2025\/01\/pedrachave-1024x464.jpg\" alt=\"\" class=\"wp-image-859\" srcset=\"https:\/\/treinamentolivre.com\/pc\/wp-content\/uploads\/2025\/01\/pedrachave-1024x464.jpg 1024w, https:\/\/treinamentolivre.com\/pc\/wp-content\/uploads\/2025\/01\/pedrachave-300x136.jpg 300w, https:\/\/treinamentolivre.com\/pc\/wp-content\/uploads\/2025\/01\/pedrachave-768x348.jpg 768w, https:\/\/treinamentolivre.com\/pc\/wp-content\/uploads\/2025\/01\/pedrachave-1536x696.jpg 1536w, https:\/\/treinamentolivre.com\/pc\/wp-content\/uploads\/2025\/01\/pedrachave.jpg 1820w\" sizes=\"auto, (max-width: 1024px) 100vw, 1024px\" \/><\/a><\/figure>\n\n\n\n<blockquote class=\"wp-block-quote is-layout-flow wp-block-quote-is-layout-flow\">\n<p><\/p>\n<\/blockquote>\n","protected":false},"excerpt":{"rendered":"<p>Uma amostra dentre os mais de 30 projetos que criei ou dos projetos de terceiros nos quais participei.<\/p>\n","protected":false},"author":1,"featured_media":0,"parent":0,"menu_order":0,"comment_status":"closed","ping_status":"closed","template":"","meta":{"footnotes":""},"class_list":["post-57","page","type-page","status-publish","hentry","excerpt"],"_links":{"self":[{"href":"https:\/\/treinamentolivre.com\/pc\/index.php?rest_route=\/wp\/v2\/pages\/57","targetHints":{"allow":["GET"]}}],"collection":[{"href":"https:\/\/treinamentolivre.com\/pc\/index.php?rest_route=\/wp\/v2\/pages"}],"about":[{"href":"https:\/\/treinamentolivre.com\/pc\/index.php?rest_route=\/wp\/v2\/types\/page"}],"author":[{"embeddable":true,"href":"https:\/\/treinamentolivre.com\/pc\/index.php?rest_route=\/wp\/v2\/users\/1"}],"replies":[{"embeddable":true,"href":"https:\/\/treinamentolivre.com\/pc\/index.php?rest_route=%2Fwp%2Fv2%2Fcomments&post=57"}],"version-history":[{"count":14,"href":"https:\/\/treinamentolivre.com\/pc\/index.php?rest_route=\/wp\/v2\/pages\/57\/revisions"}],"predecessor-version":[{"id":1734,"href":"https:\/\/treinamentolivre.com\/pc\/index.php?rest_route=\/wp\/v2\/pages\/57\/revisions\/1734"}],"wp:attachment":[{"href":"https:\/\/treinamentolivre.com\/pc\/index.php?rest_route=%2Fwp%2Fv2%2Fmedia&parent=57"}],"curies":[{"name":"wp","href":"https:\/\/api.w.org\/{rel}","templated":true}]}}