{"id":24,"date":"2024-03-29T15:14:58","date_gmt":"2024-03-29T18:14:58","guid":{"rendered":"https:\/\/treinamentolivre.com\/pc\/?page_id=24"},"modified":"2026-04-14T01:42:49","modified_gmt":"2026-04-14T04:42:49","slug":"uerj","status":"publish","type":"page","link":"https:\/\/treinamentolivre.com\/pc\/?page_id=24","title":{"rendered":"UERJ 2022"},"content":{"rendered":"\n<blockquote class=\"wp-block-quote is-layout-flow wp-block-quote-is-layout-flow\">\n<p>Este site est\u00e1 constantemente em elabora\u00e7\u00e3o: passado, presente e futuro.<\/p>\n<\/blockquote>\n\n\n\n<ul class=\"wp-block-list\">\n<li>ILE02-09889-Lingua-Portuguesa-I &#8211; Prof. Charleston<\/li>\n\n\n\n<li>ILE04-10058-L\u00edngua-Inglesa-I &#8211; Prof. Victor<\/li>\n\n\n\n<li>ILE04-10058-L\u00edngua-Inglesa-I &#8211; Prof Novaes<\/li>\n\n\n\n<li>ILE04-10082-Cultura Inglesa I &#8211; Profa. Patricia<\/li>\n\n\n\n<li>ILE06-05256-Lingu\u00edstica I &#8211; Profa. Quezia dos Santos Lopes Oliveira<\/li>\n\n\n\n<li>ILE05-10230-Teoria-da-Literatura-I &#8211; Profa. Carmen<\/li>\n<\/ul>\n\n\n\n<ul class=\"wp-block-list\">\n<li>ILE04-10059 L\u00edngua Inglesa II &#8211; Profa. Claudia Rebello dos Santos<\/li>\n\n\n\n<li>ILE04-10059 L\u00edngua Inglesa II &#8211; Prof. Victor Mateus Ver\u00edssimo Santos de Oliveira<\/li>\n\n\n\n<li>ILE06-05353 Lingu\u00edstica II &#8211; Fundamentos Te\u00f3ricos &#8211; Profa. Isabel Rodrigues<\/li>\n<\/ul>\n\n\n\n<ul class=\"wp-block-list\">\n<li><a href=\"https:\/\/treinamentolivre.com\/pc\/?page_id=1898\">ILE04-10094<\/a> &#8211; CULTURA NORTE-AMERICANA I &#8211; Profa. Juliana Almeida Salles<\/li>\n\n\n\n<li>ILE06-06770 &#8211; LINGU\u00cdSTICA III &#8211; Profa. Ceres Ferreira Carneiro<\/li>\n<\/ul>\n\n\n\n<ul class=\"wp-block-list\">\n<li>ILE04-10084 &#8211; Cultura Inglesa II &#8211; Prof. Bruno S\u00e1<\/li>\n\n\n\n<li>ILE04-10096 &#8211; Cultura Norte Americana II &#8211; Prof. Gabriel Leibold<\/li>\n\n\n\n<li>ILE06-06771 &#8211; Lingu\u00edstica IV &#8211; Prof. Ren\u00ea Foster<\/li>\n<\/ul>\n\n\n\n<ul class=\"wp-block-list\">\n<li><a href=\"https:\/\/treinamentolivre.com\/pc\/?page_id=1892\">ILE01-00135<\/a> &#8211; L\u00edngua Hebraica Instrumental p leitura I &#8211; Profa. Isabel Arco verde Santos<\/li>\n\n\n\n<li>ILE04-05885 &#8211; Literatura Inglesa I &#8211; Prof. Bruno S\u00e1<\/li>\n\n\n\n<li>LE02-09893 &#8211; L\u00edngua Portuguesa V &#8211; Profa. Eveline Coelho Cardoso<\/li>\n\n\n\n<li>ILE05-10219 &#8211; Pr\u00e1tica de Interpreta\u00e7\u00e3o de Textos I<\/li>\n<\/ul>\n\n\n\n<p><\/p>\n\n\n\n<p><\/p>\n","protected":false},"excerpt":{"rendered":"<p>Este site est\u00e1 constantemente em elabora\u00e7\u00e3o: passado, presente e futuro.<\/p>\n","protected":false},"author":1,"featured_media":0,"parent":0,"menu_order":0,"comment_status":"closed","ping_status":"closed","template":"","meta":{"footnotes":""},"class_list":["post-24","page","type-page","status-publish","hentry","excerpt"],"_links":{"self":[{"href":"https:\/\/treinamentolivre.com\/pc\/index.php?rest_route=\/wp\/v2\/pages\/24","targetHints":{"allow":["GET"]}}],"collection":[{"href":"https:\/\/treinamentolivre.com\/pc\/index.php?rest_route=\/wp\/v2\/pages"}],"about":[{"href":"https:\/\/treinamentolivre.com\/pc\/index.php?rest_route=\/wp\/v2\/types\/page"}],"author":[{"embeddable":true,"href":"https:\/\/treinamentolivre.com\/pc\/index.php?rest_route=\/wp\/v2\/users\/1"}],"replies":[{"embeddable":true,"href":"https:\/\/treinamentolivre.com\/pc\/index.php?rest_route=%2Fwp%2Fv2%2Fcomments&post=24"}],"version-history":[{"count":20,"href":"https:\/\/treinamentolivre.com\/pc\/index.php?rest_route=\/wp\/v2\/pages\/24\/revisions"}],"predecessor-version":[{"id":1910,"href":"https:\/\/treinamentolivre.com\/pc\/index.php?rest_route=\/wp\/v2\/pages\/24\/revisions\/1910"}],"wp:attachment":[{"href":"https:\/\/treinamentolivre.com\/pc\/index.php?rest_route=%2Fwp%2Fv2%2Fmedia&parent=24"}],"curies":[{"name":"wp","href":"https:\/\/api.w.org\/{rel}","templated":true}]}}