{"id":229,"date":"2024-05-05T14:32:24","date_gmt":"2024-05-05T17:32:24","guid":{"rendered":"https:\/\/treinamentolivre.com\/pc\/?page_id=229"},"modified":"2024-05-05T14:49:10","modified_gmt":"2024-05-05T17:49:10","slug":"meus-sites","status":"publish","type":"page","link":"https:\/\/treinamentolivre.com\/pc\/?page_id=229","title":{"rendered":"Meus sites"},"content":{"rendered":"\n<p><\/p>\n\n\n\n<p><\/p>\n\n\n\n<ul class=\"wp-block-list\">\n<li><a href=\"http:\/\/imbuhy.com\">Instituto Imbuhy<\/a><\/li>\n\n\n\n<li><a href=\"https:\/\/treinamentolivre.com\/aluno01\/\">Intelig\u00eancia Artificial<\/a><\/li>\n\n\n\n<li><a href=\"https:\/\/treinamentolivre.com\/coder\/\">Programa\u00e7\u00e3o<\/a><\/li>\n\n\n\n<li><a href=\"https:\/\/treinamentolivre.com\/si\/cyber\/\">Seguran\u00e7a da Informa\u00e7\u00e3o<\/a><\/li>\n\n\n\n<li><a href=\"https:\/\/treinamentolivre.com\/politica\">Filosofia &amp; Pol\u00edtica<\/a><\/li>\n\n\n\n<li><a href=\"https:\/\/treinamentolivre.com\/aluno04\/\">Lingu\u00edstica<\/a><\/li>\n\n\n\n<li><a href=\"https:\/\/treinamentolivre.com\/adelaide\/?page_id=116\">Ensino da F\u00edsica &#8211; PVS Adelaide Barbosa<\/a><\/li>\n<\/ul>\n","protected":false},"excerpt":{"rendered":"","protected":false},"author":1,"featured_media":0,"parent":0,"menu_order":0,"comment_status":"closed","ping_status":"closed","template":"","meta":{"footnotes":""},"class_list":["post-229","page","type-page","status-publish","hentry","excerpt"],"_links":{"self":[{"href":"https:\/\/treinamentolivre.com\/pc\/index.php?rest_route=\/wp\/v2\/pages\/229","targetHints":{"allow":["GET"]}}],"collection":[{"href":"https:\/\/treinamentolivre.com\/pc\/index.php?rest_route=\/wp\/v2\/pages"}],"about":[{"href":"https:\/\/treinamentolivre.com\/pc\/index.php?rest_route=\/wp\/v2\/types\/page"}],"author":[{"embeddable":true,"href":"https:\/\/treinamentolivre.com\/pc\/index.php?rest_route=\/wp\/v2\/users\/1"}],"replies":[{"embeddable":true,"href":"https:\/\/treinamentolivre.com\/pc\/index.php?rest_route=%2Fwp%2Fv2%2Fcomments&post=229"}],"version-history":[{"count":6,"href":"https:\/\/treinamentolivre.com\/pc\/index.php?rest_route=\/wp\/v2\/pages\/229\/revisions"}],"predecessor-version":[{"id":238,"href":"https:\/\/treinamentolivre.com\/pc\/index.php?rest_route=\/wp\/v2\/pages\/229\/revisions\/238"}],"wp:attachment":[{"href":"https:\/\/treinamentolivre.com\/pc\/index.php?rest_route=%2Fwp%2Fv2%2Fmedia&parent=229"}],"curies":[{"name":"wp","href":"https:\/\/api.w.org\/{rel}","templated":true}]}}