{"id":216,"date":"2024-04-20T22:05:41","date_gmt":"2024-04-21T01:05:41","guid":{"rendered":"https:\/\/treinamentolivre.com\/pc\/?page_id=216"},"modified":"2026-04-09T02:40:30","modified_gmt":"2026-04-09T05:40:30","slug":"musica-2","status":"publish","type":"page","link":"https:\/\/treinamentolivre.com\/pc\/?page_id=216","title":{"rendered":"M\u00eddias"},"content":{"rendered":"\n<blockquote class=\"wp-block-quote is-layout-flow wp-block-quote-is-layout-flow\">\n<p>Ok. Hoje, m\u00eddia \u00e9 tudo. Livro tamb\u00e9m \u00e9 midia.<\/p>\n<\/blockquote>\n\n\n\n<p><strong>M\u00daSICA<\/strong><\/p>\n\n\n\n<ul class=\"wp-block-list\">\n<li>O genial baixista mexicano Abraham Laboriel: <a href=\"https:\/\/www.youtube.com\/watch?v=8KU5keZlQ6k\" target=\"_blank\" rel=\"noreferrer noopener\">The Bass Walk<\/a> | <a href=\"https:\/\/youtu.be\/xi_MGsW1_AI?si=N4qXHuIMautes3rV\" target=\"_blank\" rel=\"noreferrer noopener\">He is Exalted<\/a><\/li>\n\n\n\n<li>Alabama Shakes: <a href=\"https:\/\/www.youtube.com\/watch?v=nin-fiNz50M\" target=\"_blank\" rel=\"noreferrer noopener\">Don&#8217;t Wanna Fight<\/a> (Official Video &#8211; Live from Capitol Studio A)<\/li>\n\n\n\n<li>Annie Lennox &amp; David Bowie &#8211; <a href=\"https:\/\/www.youtube.com\/watch?v=fCP2-Bfhy04\" target=\"_blank\" rel=\"noreferrer noopener\">Under Pressure<\/a><\/li>\n\n\n\n<li>Deep Purple: Made in Japan &#8211; <a href=\"https:\/\/www.youtube.com\/watch?v=7zKAS7XOWaQ\" target=\"_blank\" rel=\"noreferrer noopener\">Highway Star<\/a><\/li>\n\n\n\n<li><a href=\"https:\/\/www.youtube.com\/watch?v=LCVdd2FJCfo\" target=\"_blank\" rel=\"noreferrer noopener\">Elton John<\/a> &#8211; Candle in the Wind (Live at Madison Square Garden, NYC 2000)<\/li>\n\n\n\n<li><a href=\"https:\/\/www.youtube.com\/channel\/UCrvJwuMaOeKg1Rb062glUJQ\" target=\"_blank\" rel=\"noreferrer noopener\">Frans Ferdinand<\/a> &#8211; Uma banda dif\u00edcil de classificar: progressiva, indie, p\u00f3s pun, pop, rock&#8230; Acho que vou deixar s\u00f3 o label &#8220;Excelente&#8221;.<\/li>\n\n\n\n<li><a href=\"https:\/\/youtu.be\/_ZJq6o2TmwI\" target=\"_blank\" rel=\"noreferrer noopener\">Frump<\/a> &#8211; By The Way &#8211; live<\/li>\n\n\n\n<li>Gary Moore &#8211; <a href=\"https:\/\/www.youtube.com\/watch?v=4O_YMLDvvnw\" target=\"_blank\" rel=\"noreferrer noopener\">Still Got The Blues (Live)<\/a><\/li>\n\n\n\n<li>Iron Maiden &#8211; <a href=\"https:\/\/www.youtube.com\/watch?v=SbWeP7KkeCU\" target=\"_blank\" rel=\"noreferrer noopener\">Wasting Love<\/a><\/li>\n\n\n\n<li>Jo\u00e3o Bosco e Nelson Faria | <a href=\"https:\/\/www.youtube.com\/watch?v=o5HM86PulaY\" target=\"_blank\" rel=\"noreferrer noopener\">Um Caf\u00e9 L\u00e1 em Casa Parte 1\/2<\/a> (Entrevista e muita m\u00fasica !)<\/li>\n\n\n\n<li><a href=\"https:\/\/www.youtube.com\/watch?v=4iJbAdmsg9Q&amp;t=2003s\" target=\"_blank\" rel=\"noreferrer noopener\">Kaki King<\/a> &#8211; at the Temple Theater<\/li>\n\n\n\n<li><a href=\"https:\/\/www.youtube.com\/watch?v=e4HfFwVy-h0\" target=\"_blank\" rel=\"noreferrer noopener\">Genesis<\/a> &#8211; Supper&#8217;s Ready<\/li>\n\n\n\n<li><a href=\"https:\/\/youtu.be\/XCJ74jdsTOs?si=rYvEmT2PCmomiPTw\" target=\"_blank\" rel=\"noreferrer noopener\">Genesis<\/a> &#8211; Acoustic Sessions &#8211; Uma j\u00f3ia rar\u00edssima.<\/li>\n\n\n\n<li><a href=\"https:\/\/youtu.be\/g8SAotaR5f0?si=5G0JZVUI8XJZYDiH\" target=\"_blank\" rel=\"noreferrer noopener\">Genetics &amp; Steve Hackett play Supper&#8217;s<\/a><\/li>\n\n\n\n<li><a href=\"https:\/\/youtube.com\/playlist?list=RDEMlMVb9rw7BIxGRZt7EmOHWw&amp;playnext=1&amp;feature=shared\" target=\"_blank\" rel=\"noreferrer noopener\">Greta Van Fleet<\/a>. Formada em 2012, essa banda americana tem sido comparada ao Led Zeppelin devido ao estilo vocal de Josh Kiszka, que remete a Robert Plant, e ao som inspirado no rock cl\u00e1ssico dos anos 70. (CG). Veja tamb\u00e9m &#8220;<a href=\"https:\/\/www.youtube.com\/watch?v=aJg4OJxp-co\" target=\"_blank\" rel=\"noreferrer noopener\">Highway Tune<\/a>&#8220;.<\/li>\n\n\n\n<li><a href=\"https:\/\/open.spotify.com\/track\/2ohFUPbuwBg4ZD2IEKhpCc\">Haunted Nights<\/a> &#8211; Banda Neo-Prog Canadense.<\/li>\n\n\n\n<li><a href=\"https:\/\/www.youtube.com\/watch?v=VC02wGj5gPw\" target=\"_blank\" rel=\"noreferrer noopener\">JEFF BECK LIVE Cause We&#8217;ve Ended As Lovers<\/a> &#8211; com Tal Wilkenfeld &amp; Vinnie Colaiuta, O tecladista da apresenta\u00e7\u00e3o de Jeff Beck no &#8220;Live at Ronnie Scott&#8217;s&#8221; em 2007 era Jason Rebello, um brit\u00e2nico de Surrey (I wish I were there)<\/li>\n\n\n\n<li><a href=\"https:\/\/youtu.be\/5LkyDecrw-w\" target=\"_blank\" rel=\"noreferrer noopener\">Jethro Tull<\/a> &#8211; Jethro Tull no Programa do J\u00f4 em 1990<\/li>\n\n\n\n<li>Lacrimosa &#8211; <a href=\"https:\/\/youtu.be\/Jhh7M2FJTCk?si=PIS9RAAcFiri7XKI\" target=\"_blank\" rel=\"noreferrer noopener\">Lieber \u00fcber Leben<\/a><\/li>\n\n\n\n<li><a href=\"https:\/\/www.youtube.com\/watch?v=FYlORDHAwXc\" target=\"_blank\" rel=\"noreferrer noopener\">Lee Ritenour &amp; Mike Stern<\/a> &#8211; &#8220;Wing and a Prayer&#8221;<\/li>\n\n\n\n<li>Joe Macho Jr. &#8211; Baixista do disco &#8220;<a href=\"https:\/\/youtu.be\/O_BEFyNNIvM?feature=shared\" target=\"_blank\" rel=\"noreferrer noopener\">I&#8217;ve Got a Name<\/a>&#8220;, de Jim Croce. Este merece um artigo em separado.<\/li>\n\n\n\n<li><a href=\"https:\/\/youtu.be\/b4BXA7fqGS8\" target=\"_blank\" rel=\"noreferrer noopener\">Malina Moye<\/a> &#8211; Guitar Solos<\/li>\n\n\n\n<li><a href=\"https:\/\/youtu.be\/-Sy2g51u5ZY\" target=\"_blank\" rel=\"noreferrer noopener\">Maneskin<\/a> -2022-11-08 \u00b7 SOMA \u00b7 San Diego \u00b7 full live show<\/li>\n\n\n\n<li><a href=\"https:\/\/www.youtube.com\/watch?v=Y8lOi0-alMQ\" target=\"_blank\" rel=\"noreferrer noopener\">Maggie Bell &amp; Midnight Flyer &#8216;Penicillin Blues&#8217; Montreux<\/a> <\/li>\n\n\n\n<li><a href=\"https:\/\/www.youtube.com\/watch?v=eS6QWBJNDfQ&amp;list=PLoM4LAiKzCdViZnxrNE3fI4ytQldxfZ1t\" target=\"_blank\" rel=\"noreferrer noopener\">Martin Scorsese Presents The Blues<\/a> &#8211; Uma s\u00e9rie de discos sugeridos pelo diretor de cinema, exclusivamente sobre o estilo do Delta do Mississipi. Voc\u00ea sabia ?<\/li>\n\n\n\n<li><a href=\"https:\/\/www.youtube.com\/channel\/UCbirjI1K3MGu0-Y1gTBNR5w\">Marilyn Manson<\/a> &#8211; Acho que o punk come\u00e7ou aqui. Se n\u00e3o come\u00e7ou, devia !<\/li>\n\n\n\n<li><a href=\"https:\/\/www.youtube.com\/watch?v=1X0VJw1VTJ8\" target=\"_blank\" rel=\"noreferrer noopener\">Miho Fukuhara<\/a> &#8211; Canta &#8220;Travessia&#8221;, de Milton Nascimento \/ Fernando Brant.<\/li>\n\n\n\n<li><a href=\"https:\/\/youtu.be\/kDe3qOhrJLo?si=mZM1ZkPNlJsRMA8Y\" target=\"_blank\" rel=\"noreferrer noopener\">Milton Nascimento<\/a> &#8211; canta Travessia, de Milton Nascimento \/ Fernando Brant, Canal Brasil. Performance incr\u00edvel. Ali\u00e1s, j\u00e1 me perguntaram e a resposta \u00e9: Esta m\u00fasica \u00e9 uma toada.<\/li>\n\n\n\n<li><a href=\"https:\/\/youtu.be\/Ms5RGj3MUcs\" target=\"_blank\" rel=\"noreferrer noopener\">Milton Nascimento e Simone<\/a> &#8211; Encontros e despedidas.<\/li>\n\n\n\n<li>N\u00e3o Alimente os Animais &#8211; <a href=\"https:\/\/open.spotify.com\/track\/6x95SotWamORGdo1ZI7Xrn?si=m-SW6jOkRYm1fqurvpbduw\" target=\"_blank\" rel=\"noreferrer noopener\">Unforgetable<\/a>.<\/li>\n\n\n\n<li><a href=\"https:\/\/www.youtube.com\/watch?v=Agf0mqXewdk\" target=\"_blank\" rel=\"noreferrer noopener\">O Ter\u00e7o<\/a> &#8211; &#8220;1974&#8221;. Gravado no Canec\u00e3o (RJ) em 2005.S\u00e9rgio Hinds\/Vocal e Guitarra. Flavio Venturini\/Vocal,Piano e Synths. Sergio Magr\u00e3o\/Vocal e Baixo. Sergio Melo\/Bateria e Percuss\u00e3o.<\/li>\n\n\n\n<li><a href=\"https:\/\/youtu.be\/t5QpqrEFj0o?si=chZeVS4DAqjaF-rG\" target=\"_blank\" rel=\"noreferrer noopener\">P. Efimov<\/a> &#8211; &#8211; Canta &#8220;Child in time&#8221;, do Deep Purple.<\/li>\n\n\n\n<li>Peter Gabriel &#8211; <a href=\"https:\/\/youtu.be\/WeYqJxlSv-Y\" target=\"_blank\" rel=\"noreferrer noopener\">Solsbury Hill (Live DNA)<\/a><\/li>\n\n\n\n<li>Peter Gabriel &#8211; <a href=\"https:\/\/youtu.be\/jPQ8S0rVjs0?si=eMBSm9ADl7LzUt4x\" target=\"_blank\" rel=\"noreferrer noopener\">Red Rain<\/a> (Growing Up Live)<\/li>\n\n\n\n<li><a href=\"https:\/\/youtu.be\/HriYRoxWo1I\" target=\"_blank\" rel=\"noreferrer noopener\">Pink Floyd<\/a> &#8211; Pulse (Live at Earls Court 1994)<\/li>\n\n\n\n<li>Pitty : <a href=\"https:\/\/youtu.be\/QXYwKOq1c8E\" target=\"_blank\" rel=\"noreferrer noopener\">Na sua estante<\/a> | <a href=\"https:\/\/youtu.be\/QXYwKOq1c8E\" target=\"_blank\" rel=\"noreferrer noopener\">Pitty<\/a>&nbsp;|&nbsp;<a href=\"https:\/\/youtu.be\/0XxQ8qoPXPQ\" target=\"_blank\" rel=\"noreferrer noopener\">Orquestra Sinf\u00f4nica Brasileira \u2013 \u00cdndios<\/a>&nbsp;| <a href=\"https:\/\/www.youtube.com\/watch?v=iydTs_RsB-o\" target=\"_blank\" rel=\"noreferrer noopener\">ACNXX Ao Vivo em Salvador<\/a><\/li>\n\n\n\n<li><a href=\"https:\/\/youtu.be\/A29BMj3v86w?si=-pDOjNLZt55D8XKS\" target=\"_blank\" rel=\"noreferrer noopener\">PJ Harvey<\/a> &#8211; Dress &#8211; HD Live (V Festival 2003)<\/li>\n\n\n\n<li><a href=\"https:\/\/www.youtube.com\/watch?v=Sp3zaeOyL7Q\" target=\"_blank\" rel=\"noreferrer noopener\">Ramones<\/a> &#8211; Live At The Rainbow &#8211; December 31, 1977 (Ra\u00edzes do Punk)<\/li>\n\n\n\n<li><a href=\"https:\/\/youtu.be\/NeQM1c-XCDc\" target=\"_blank\" rel=\"noreferrer noopener\">Rammstein<\/a> &#8211; Deutschland (Official Video)<\/li>\n\n\n\n<li><a href=\"https:\/\/www.youtube.com\/watch?v=wb7GcDiXpbg\" target=\"_blank\" rel=\"noreferrer noopener\">Rick Wakeman<\/a> &#8211; Guinevere<\/li>\n\n\n\n<li>Romany Gilmour : David and Romany Gilmour Backing Track &#8211; <a href=\"https:\/\/www.youtube.com\/watch?v=q9ZnMRO1hvA\" target=\"_blank\" rel=\"noreferrer noopener\">BETWEEN TWO POINTS<\/a><\/li>\n\n\n\n<li><a href=\"https:\/\/youtu.be\/wMGbdIKr0ws\" target=\"_blank\" rel=\"noreferrer noopener\">Steve Hackett<\/a> &#8211; &nbsp;Supper&#8217;s Ready<\/li>\n\n\n\n<li>Stevie Ray Vaughan : <a href=\"https:\/\/youtu.be\/KC5H9P4F5Uk?si=ypI_SSJZUGkNAeYt\" target=\"_blank\" rel=\"noreferrer noopener\">Texas Flood<\/a> (Live at the El Mocambo) <\/li>\n\n\n\n<li>Steele Dan : <a href=\"https:\/\/youtu.be\/UfZWp-hGCdA?si=k5SPpUuGi1ZsMZCh\" target=\"_blank\" rel=\"noreferrer noopener\">Rikki Don\u00b4t Loose That Number<\/a> (1974)<\/li>\n\n\n\n<li>Steve Hacket &#8211; <a href=\"https:\/\/www.youtube.com\/watch?v=J6dhd5BqO-I&amp;list=RDXCJ74jdsTOs&amp;index=6\" target=\"_blank\" rel=\"noreferrer noopener\">Entangled<\/a> (Live at Hammersmith) With Amanda Lehmann, Jakko Jakszyk.<\/li>\n\n\n\n<li><a href=\"https:\/\/www.youtube.com\/watch?v=ot5UsNymqgQ\" target=\"_blank\" rel=\"noreferrer noopener\">Sunrise High-Mountain Studio<\/a> | Neo Soul, R&amp;B Lofi Upbeat Chill Mix &#8211; Dica de Jo\u00e3o Lagoas. Excelente para relaxar o c\u00e9rebro !<\/li>\n\n\n\n<li><a href=\"https:\/\/www.youtube.com\/watch?v=CKti7QixnJI\" target=\"_blank\" rel=\"noreferrer noopener\">Talking Heads<\/a> &#8211; Psycho Killer<\/li>\n\n\n\n<li><a href=\"https:\/\/www.tatyana-guitar.com\/\" target=\"_blank\" rel=\"noreferrer noopener\">Tatyana Ryzhkova<\/a> &#8211; bielorussa, violonista cl\u00e1ssica, nascida em 1986. Ministrou gratuitamente muitas aulas e workshops, sendo um dos fen\u00f4menos do <a href=\"https:\/\/www.youtube.com\/@tatyanaryzhkova\" target=\"_blank\" rel=\"noreferrer noopener\">Youtube<\/a>, com mais de 200 mil inscritos em seu canal. Grande <a href=\"https:\/\/www.youtube.com\/watch?v=olW6-jhSgMg\" target=\"_blank\" rel=\"noreferrer noopener\">int\u00e9rprete de Bach<\/a>.<\/li>\n\n\n\n<li>The Clash : <a href=\"https:\/\/www.youtube.com\/watch?v=CLKl6FIBH0U\" target=\"_blank\" rel=\"noreferrer noopener\">Full Concert &#8211; 03\/08\/80 &#8211; Capitol Theatre<\/a> (Ra\u00edzes do Punk)<\/li>\n\n\n\n<li>The Police &#8211; <a href=\"https:\/\/www.youtube.com\/watch?v=Si5CSpUCDGY&amp;list=PLBnJv6rImVe9ReRWEytmSuTL67PT4zu-r\" target=\"_blank\" rel=\"noreferrer noopener\">Synchronicity I<\/a> &#8211; Na primeira vez que ouvi este disco, pedi pro vizinho repetir e aumentar !<\/li>\n\n\n\n<li><a href=\"https:\/\/youtu.be\/bEbdpm1o6mY?si=U1GC497A258th7AY\" target=\"_blank\" rel=\"noreferrer noopener\">The Smiths<\/a> &#8211; live Madrid 1985<\/li>\n\n\n\n<li><a href=\"https:\/\/www.youtube.com\/watch?v=mV0SHcP0eQQ\" target=\"_blank\" rel=\"noreferrer noopener\">The Warning<\/a> &#8211; 3 Mulheres e musicistas fant\u00e1sticas. Rock de qualidade. \u00a1MEXICO TOUR 2025!<\/li>\n\n\n\n<li><a href=\"https:\/\/youtu.be\/Gu9HhYv0C7E\" target=\"_blank\" rel=\"noreferrer noopener\">The Who<\/a> &#8211; Baba O&#8217;Riley (Shepperton Studios \/ 1978)<\/li>\n\n\n\n<li><a href=\"https:\/\/youtu.be\/4wHyOk0qAYA\" target=\"_blank\" rel=\"noreferrer noopener\">Tyhell<\/a> &#8211; Repress\u00e3o Policial<\/li>\n\n\n\n<li>U2 &#8211; Dispensa coment\u00e1rios. Veja o show &#8220;<a href=\"https:\/\/www.youtube.com\/watch?v=ALT6lBIKdAQ\" target=\"_blank\" rel=\"noreferrer noopener\">360<\/a>&#8220;. Vale prestar aten\u00e7\u00e3o na gentileza do Bono com os(as) f\u00e3s.<\/li>\n\n\n\n<li><a href=\"https:\/\/youtu.be\/Ellyyy4xYKw\" target=\"_blank\" rel=\"noreferrer noopener\">Vimana<\/a>&nbsp;:&nbsp;<a href=\"https:\/\/youtu.be\/WSpHB0bIZl0\" target=\"_blank\" rel=\"noreferrer noopener\">Entrevista na R\u00e1dio Eldo Pop 1977 Completa<\/a><\/li>\n\n\n\n<li><a href=\"https:\/\/youtu.be\/9-BMlq_zyko\" target=\"_blank\" rel=\"noreferrer noopener\">Yes<\/a> &#8211; Wonderous Stories<\/li>\n\n\n\n<li><a href=\"https:\/\/youtu.be\/wWo4kFYK7-o\" target=\"_blank\" rel=\"noreferrer noopener\">Z\u00e9 Ramalho<\/a> &#8211; Av\u00f4hai (Ao Vivo 2005)<\/li>\n\n\n\n<li><a href=\"https:\/\/youtu.be\/mWOSyGsRviU?si=y0DQ6vYygt-p6cEN\" target=\"_blank\" rel=\"noreferrer noopener\">Zimbo Trio<\/a> : Programa Instrumental Sesc Brasil<\/li>\n<\/ul>\n\n\n\n<p><\/p>\n\n\n\n<p><strong>APLICATIVOS MUSICAIS MUITO BONS<\/strong><\/p>\n\n\n\n<ul class=\"wp-block-list\">\n<li><a href=\"https:\/\/open.spotify.com\/intl-pt\">Spotify<\/a> &#8211; De longe o melhor reposit\u00f3rio musical, com a melhor tecnologia. J\u00e1 est\u00e1 valendo adquirir a vers\u00e3o Premium.<\/li>\n\n\n\n<li><a href=\"https:\/\/radio.garden\/?r=1\">Radio Garden<\/a> &#8211; Sintonize milhares de esta\u00e7\u00f5es de r\u00e1dio AM e FM em todo o planeta. Impressionante !<\/li>\n<\/ul>\n\n\n\n<p><\/p>\n\n\n\n<p><strong>FILMES<\/strong> &amp; V\u00cdDEOS<\/p>\n\n\n\n<ul class=\"wp-block-list\">\n<li><a href=\"https:\/\/youtu.be\/bdBuDg7mrT8?si=sVNMJVTV1Z8pNf38\" target=\"_blank\" rel=\"noreferrer noopener\">AMA &#8211; A Short Film by Julie Gautier<\/a><\/li>\n\n\n\n<li><a href=\"https:\/\/www.netflix.com\/search?q=Black%20Mirror&amp;jbv=70264888\" target=\"_blank\" rel=\"noreferrer noopener\">Black Mirror: Temporada 5, Epis\u00f3dio 2 &#8211; Smithereens<\/a> &#8211; &#8220;Escrito por Charlie Brooker e dirigido por James Hawes, foi lan\u00e7ado na Netflix, junto com o restante da temporada, em 5 de junho de 2019.[1] Os pap\u00e9is principais s\u00e3o interpretados por Andrew Scott, Damson Idris e Topher Grace. Seu enredo gira em torno de um motorista de aplicativo de transporte que mant\u00e9m como ref\u00e9m um funcion\u00e1rio de uma grande empresa de m\u00eddia social. Ao contr\u00e1rio da maioria dos outros epis\u00f3dios, Brooker queria que &#8220;Smithereens&#8221; n\u00e3o apresentasse tecnologia futurista como um lembrete de que Black Mirror n\u00e3o \u00e9 uma s\u00e9rie apenas de fic\u00e7\u00e3o cient\u00edfica. \u00c9, em grande parte, uma par\u00e1bola sobre o uso excessivo de m\u00eddias sociais como o Twitter, e como elas afastam a sociedade do mundo real.&#8221; (Wikipedia). Excepcional interpreta\u00e7\u00e3o de Andrew Scott, no papel de um motorista de aplicativo.<\/li>\n\n\n\n<li><a href=\"https:\/\/www.adorocinema.com\/filmes\/filme-230015\/\" target=\"_blank\" rel=\"noreferrer noopener\">Cassia Eller<\/a> &#8211; De <a href=\"https:\/\/www.adorocinema.com\/personalidades\/personalidade-407734\/\" target=\"_blank\" rel=\"noreferrer noopener\">Paulo Henrique Fontenelle<\/a>. Um filme sens\u00edvel e delicado como Cassia era, secretamente.<\/li>\n\n\n\n<li><a href=\"https:\/\/www.filmeb.com.br\/calendario-de-estreias\/duna\" target=\"_blank\" rel=\"noreferrer noopener\">Duna<\/a> (2021) &#8211; Dire\u00e7\u00e3o de Denis Villeneuve. Excelente vers\u00e3o do romance de Frank Herbert. S\u00f3 artista bom ! Mas destaco o incr\u00edvel <a href=\"https:\/\/pt.wikipedia.org\/wiki\/Stellan_Skarsg%C3%A5rd\" target=\"_blank\" rel=\"noreferrer noopener\">Stellan Skarsg\u00e5rd<\/a> no papel do Bar\u00e3o Vladimir Harkonnen. Obs.: Despreze Duna 2. \u00c9 pat\u00e9tica !<\/li>\n\n\n\n<li>Martin Scorsese: &#8220;The Blues&#8221;. Um document\u00e1rio inesquec\u00edvel, reunindo os melhores ainda vivos. <a href=\"https:\/\/youtu.be\/g-8OI1ZHWfA?t=168\" target=\"_blank\" rel=\"noreferrer noopener\">Comece por aqui<\/a>, depois passeie pelo filme em qualquer ordem. Legendado.<\/li>\n\n\n\n<li><a href=\"https:\/\/www.youtube.com\/watch?v=jMq9iEP9Zuk\" target=\"_blank\" rel=\"noreferrer noopener\">Rick Wakeman on Vivaldi&#8217;s Four Seasons<\/a> (2015) &#8211; Mr. Wakeman pesquisa Vivaldi. Vejam o trecho sobre a senhora francesa que traz flores todos os dias &#8220;para Vivaldi&#8221;. \u00c9 comovente como uma pessoa pode gostar tanto de m\u00fasica e de um autor. Vale tamb\u00e9m admirar as qualidades de Rick Wakeman como locutor e apresentador. Aten\u00e7\u00e3o quando Wakeman diz &#8220;Eu quero um desses&#8221;, ao tocar um harpsichord antigo. Era 2015 e ele poderia comprar o que quisesse. Talvez aquele instrumento velho, desafinado e valios\u00edssimo mesmo. A hist\u00f3ria da Piet\u00e1 (n\u00e3o a est\u00e1tua, mas a &#8220;ospedale&#8221;) \u00e9 incr\u00edvel ! Para completar, as estonteante arquitetura de Veneza. ! 49 minutos de emo\u00e7\u00e3o com quem se emociona com m\u00fasica e boas hist\u00f3rias.<\/li>\n\n\n\n<li><a href=\"https:\/\/app.primevideo.com\/detail?gti=amzn1.dv.gti.2e14366f-f465-44a0-9352-063635e5c9a4&amp;ref_=atv_dp_share_seas&amp;r=web\" target=\"_blank\" rel=\"noreferrer noopener\">&#8220;Solos&#8221; (&#8220;Sozinhos&#8221; &#8211; Prime Video)<\/a>. Atores excepcionais atuam sozinhos, em mon\u00f3logos. Porque conversas longas em que um computador fica ouvindo e fazendo coment\u00e1rios esparsos s\u00e3o mon\u00f3logos, sim.<\/li>\n\n\n\n<li>Grandes atores como a estonteante Helen Mirren, no epis\u00f3dio &#8220;Peg&#8221; &#8211; sem desfavorecer os outros grandes &#8211; parecem atuar como se esta fosse a \u00faltima oportunidade de suas vidas. E, na verdade, \u00e9 a \u00faltima oportunidade de seus personagens. Talvez isto fa\u00e7a a s\u00e9rie ser t\u00e3o bonita. Talvez isso torne essencial que ela seja ouvida na l\u00edngua original, com legendas originais.<\/li>\n\n\n\n<li>A diretora Sam Taylor-Johnson est\u00e1 de parab\u00e9ns. Simplesmente dirigir Helen, extrair o m\u00e1ximo dela e n\u00e3o perder o foco j\u00e1 seria uma vit\u00f3ria ! Mas Sam foi al\u00e9m.<\/li>\n\n\n\n<li><a href=\"https:\/\/pt.m.wikipedia.org\/wiki\/The_Arrival\">The Arrival<\/a> (1996). Um interessante filme mexico-americano dirigido por David Twohy. Estrelando Charlie Sheen e a eterna beldade Tier Polo. O filme promove uma explica\u00e7\u00e3o inusitada para o efeito estufa. Nos dias de hoje, bastaria trocar os alien\u00edgenas pelas mega corpora\u00e7\u00f5es.<\/li>\n\n\n\n<li><a href=\"https:\/\/www.primevideo.com\/dp\/amzn1.dv.gti.6e7c9f45-6f82-4cb6-8620-eb63ed91f6db?autoplay=0&amp;ref_=atv_cf_strg_wb\" target=\"_blank\" rel=\"noreferrer noopener\">The Expanse<\/a> &#8211; Absolutamente sensacional e bem cuidada. Estava na Netflix, mas foi para a Prime Video. Aten\u00e7\u00e3o para atua\u00e7\u00e3o da samoana\/neo-zelandesa Frankie Adams, no papel de Roberta Draper, na primeira temporada.<\/li>\n<\/ul>\n\n\n\n<p><strong>LIVROS<\/strong><\/p>\n\n\n\n<ul class=\"wp-block-list\">\n<li><a href=\"https:\/\/treinamentolivre.com\/pc\/?p=1167\">2084: Uma fic\u00e7\u00e3o baseada em fatos reais sobre o aquecimento global e o futuro da Terra<\/a>, de&nbsp;James Lawrence Powell.&nbsp;<\/li>\n\n\n\n<li><a href=\"https:\/\/www.amazon.com.br\/As-correntes-do-espa%C3%A7o-1\/dp\/8576575108\">As correntes do Espa\u00e7o<\/a> &#8211; Isaac Asimov<\/li>\n\n\n\n<li><a href=\"https:\/\/www.amazon.com.br\/Curso-Lingu%C3%ADstica-Geral-Ferdinand-Saussure\/dp\/8531601029\/ref=sr_1_1?crid=2JKITBQEMY9U7&amp;dib=eyJ2IjoiMSJ9.qRnjdMUJzIUUU0cdaN9WHg36JtdIYTYiScgGiuXAvb7Q4s_Qo8OAronG6hYp_uUCQA9J88hQdjditbs3F2IDdAyqUj38RRIoEEu87KSKzgyWrzyKwYN19dKZkuJns0yzRNFdfP7u2uz5XlVApa0KPA.h8Q6bFO3HgqZooMcH3fC2P1eQhcvfCLrqt316ApSFVY&amp;dib_tag=se&amp;keywords=curso+de+lingu%C3%ADstica+geral+ferdinand+saussure&amp;qid=1730740836&amp;sprefix=Curso+de+Lingu%C3%ADstica+Geral%2Caps%2C490&amp;sr=8-1\" target=\"_blank\" rel=\"noreferrer noopener\">Curso de Lingu\u00edstica Geral<\/a> &#8211; Ferdinand de Saussure<\/li>\n\n\n\n<li><a href=\"https:\/\/shopee.com.br\/Livro-Esfera-Michael-Crichton-i.654397969.16440622322\" target=\"_blank\" rel=\"noreferrer noopener\">Esfera<\/a> &#8211; Michael Crichton. No cap\u00edtulo final do livro h\u00e1 um <a href=\"https:\/\/treinamentolivre.com\/pc\/?p=1017\" target=\"_blank\" rel=\"noreferrer noopener\">discurso do personagem Norman<\/a> para si mesmo, falando, por interm\u00e9dio de uma intelig\u00eancia alien\u00edgena, sobre o que h\u00e1 de maravilhoso na esp\u00e9cie humana: Imagina\u00e7\u00e3o. Imperd\u00edvel.<\/li>\n<\/ul>\n\n\n\n<figure class=\"wp-block-embed is-type-wp-embed is-provider-paulo-santos wp-block-embed-paulo-santos\"><div class=\"wp-block-embed__wrapper\">\n<blockquote class=\"wp-embedded-content\" data-secret=\"kv94mpe5RM\"><a href=\"https:\/\/treinamentolivre.com\/pc\/?page_id=1414\">Livros<\/a><\/blockquote><iframe loading=\"lazy\" class=\"wp-embedded-content\" sandbox=\"allow-scripts\" security=\"restricted\" style=\"position: absolute; visibility: hidden;\" title=\"&#8220;Livros&#8221; &#8212; Paulo Santos\" src=\"https:\/\/treinamentolivre.com\/pc\/?page_id=1414&#038;embed=true#?secret=SQKWBCK8cN#?secret=kv94mpe5RM\" data-secret=\"kv94mpe5RM\" width=\"500\" height=\"282\" frameborder=\"0\" marginwidth=\"0\" marginheight=\"0\" scrolling=\"no\"><\/iframe>\n<\/div><\/figure>\n\n\n\n<p><strong>PODCASTS<\/strong><\/p>\n\n\n\n<ul class=\"wp-block-list\">\n<li>Ci\u00eancia Suja: <a href=\"https:\/\/youtu.be\/lo3N3bdtPf4?feature=shared\" target=\"_blank\" rel=\"noreferrer noopener\">Negacionismo e Poder<\/a>.<\/li>\n<\/ul>\n\n\n\n<p><\/p>\n","protected":false},"excerpt":{"rendered":"<p>Ok. Hoje, m\u00eddia \u00e9 tudo. Livro tamb\u00e9m \u00e9 midia. M\u00daSICA APLICATIVOS MUSICAIS MUITO BONS FILMES &amp; V\u00cdDEOS LIVROS PODCASTS<\/p>\n","protected":false},"author":1,"featured_media":0,"parent":0,"menu_order":0,"comment_status":"closed","ping_status":"closed","template":"","meta":{"footnotes":""},"class_list":["post-216","page","type-page","status-publish","hentry","excerpt"],"_links":{"self":[{"href":"https:\/\/treinamentolivre.com\/pc\/index.php?rest_route=\/wp\/v2\/pages\/216","targetHints":{"allow":["GET"]}}],"collection":[{"href":"https:\/\/treinamentolivre.com\/pc\/index.php?rest_route=\/wp\/v2\/pages"}],"about":[{"href":"https:\/\/treinamentolivre.com\/pc\/index.php?rest_route=\/wp\/v2\/types\/page"}],"author":[{"embeddable":true,"href":"https:\/\/treinamentolivre.com\/pc\/index.php?rest_route=\/wp\/v2\/users\/1"}],"replies":[{"embeddable":true,"href":"https:\/\/treinamentolivre.com\/pc\/index.php?rest_route=%2Fwp%2Fv2%2Fcomments&post=216"}],"version-history":[{"count":140,"href":"https:\/\/treinamentolivre.com\/pc\/index.php?rest_route=\/wp\/v2\/pages\/216\/revisions"}],"predecessor-version":[{"id":1879,"href":"https:\/\/treinamentolivre.com\/pc\/index.php?rest_route=\/wp\/v2\/pages\/216\/revisions\/1879"}],"wp:attachment":[{"href":"https:\/\/treinamentolivre.com\/pc\/index.php?rest_route=%2Fwp%2Fv2%2Fmedia&parent=216"}],"curies":[{"name":"wp","href":"https:\/\/api.w.org\/{rel}","templated":true}]}}