{"id":1420,"date":"2025-11-16T11:04:03","date_gmt":"2025-11-16T14:04:03","guid":{"rendered":"https:\/\/treinamentolivre.com\/pc\/?page_id=1420"},"modified":"2025-11-16T11:36:50","modified_gmt":"2025-11-16T14:36:50","slug":"servicos","status":"publish","type":"page","link":"https:\/\/treinamentolivre.com\/pc\/?page_id=1420","title":{"rendered":"Servi\u00e7os"},"content":{"rendered":"\n<blockquote class=\"wp-block-quote is-layout-flow wp-block-quote-is-layout-flow\">\n<p>Quando as pessoas me perguntavam: &#8211; O que voc\u00ea faz ?<\/p>\n\n\n\n<p>A resposta era sempre: &#8211; Trabalho com inform\u00e1tica.<\/p>\n\n\n\n<p>Normalmente o indiv\u00edduo n\u00e3o se v\u00ea como uma unidade prestadora de servi\u00e7os, n\u00e3o \u00e9 mesmo ? Com protocolos, m\u00e9todos de avalia\u00e7\u00e3o, roteiros bem definidos de a\u00e7\u00e3o, custos por hora.<\/p>\n\n\n\n<p>Aqui voc\u00ea vai entender os servi\u00e7os que posso prestar a voc\u00ea e a sua organiza\u00e7\u00e3o.<\/p>\n<\/blockquote>\n\n\n\n<ul class=\"wp-block-list\">\n<li>Montagem de sites na internet com tecnologia <strong>WordPress<\/strong>.<\/li>\n\n\n\n<li>Cria\u00e7\u00e3o de estruturas corporativas de <strong>helpdesk<\/strong> com a tecnologia <strong>GLPI<\/strong> para atendimento em servi\u00e7os de atendimento a clientes.<\/li>\n\n\n\n<li>Aulas de <strong>ingl\u00eas<\/strong> para p\u00fablico jovem e adultos, no n\u00edvel b\u00e1sico e intermedi\u00e1rio.<\/li>\n\n\n\n<li><strong>Monitoria<\/strong> em escolas para as disciplinas de f\u00edsica e ingl\u00eas.<\/li>\n\n\n\n<li>Montagem de cursos EAD e presenciais usando a tecnologia <strong>Moodle<\/strong>.<\/li>\n\n\n\n<li>Cria\u00e7\u00e3o de scripts no sistema operacional <strong>Unix<\/strong>.<\/li>\n\n\n\n<li><strong>Projeto<\/strong> de redes de computadores pessoais e corporativas.<\/li>\n\n\n\n<li>Elabora\u00e7\u00e3o de prompts para a IA <strong>ChatGpt<\/strong> (s\u00f3 trabalho com ela).<\/li>\n\n\n\n<li><\/li>\n<\/ul>\n","protected":false},"excerpt":{"rendered":"<p>Quando as pessoas me perguntavam: &#8211; O que voc\u00ea faz ? A resposta era sempre: &#8211; Trabalho com inform\u00e1tica. Normalmente o indiv\u00edduo n\u00e3o se v\u00ea como uma unidade prestadora de&#8230;<\/p>\n<div class=\"more-link-wrapper\"><a class=\"more-link\" href=\"https:\/\/treinamentolivre.com\/pc\/?page_id=1420\">Continuar a ler&#8230;<span class=\"screen-reader-text\">Servi\u00e7os<\/span><\/a><\/div>\n","protected":false},"author":1,"featured_media":0,"parent":0,"menu_order":0,"comment_status":"closed","ping_status":"closed","template":"","meta":{"footnotes":""},"class_list":["post-1420","page","type-page","status-publish","hentry","excerpt"],"_links":{"self":[{"href":"https:\/\/treinamentolivre.com\/pc\/index.php?rest_route=\/wp\/v2\/pages\/1420","targetHints":{"allow":["GET"]}}],"collection":[{"href":"https:\/\/treinamentolivre.com\/pc\/index.php?rest_route=\/wp\/v2\/pages"}],"about":[{"href":"https:\/\/treinamentolivre.com\/pc\/index.php?rest_route=\/wp\/v2\/types\/page"}],"author":[{"embeddable":true,"href":"https:\/\/treinamentolivre.com\/pc\/index.php?rest_route=\/wp\/v2\/users\/1"}],"replies":[{"embeddable":true,"href":"https:\/\/treinamentolivre.com\/pc\/index.php?rest_route=%2Fwp%2Fv2%2Fcomments&post=1420"}],"version-history":[{"count":9,"href":"https:\/\/treinamentolivre.com\/pc\/index.php?rest_route=\/wp\/v2\/pages\/1420\/revisions"}],"predecessor-version":[{"id":1440,"href":"https:\/\/treinamentolivre.com\/pc\/index.php?rest_route=\/wp\/v2\/pages\/1420\/revisions\/1440"}],"wp:attachment":[{"href":"https:\/\/treinamentolivre.com\/pc\/index.php?rest_route=%2Fwp%2Fv2%2Fmedia&parent=1420"}],"curies":[{"name":"wp","href":"https:\/\/api.w.org\/{rel}","templated":true}]}}