{"id":135,"date":"2024-04-03T00:40:59","date_gmt":"2024-04-03T03:40:59","guid":{"rendered":"https:\/\/treinamentolivre.com\/pc\/?page_id=135"},"modified":"2026-03-25T22:22:04","modified_gmt":"2026-03-26T01:22:04","slug":"bares","status":"publish","type":"page","link":"https:\/\/treinamentolivre.com\/pc\/?page_id=135","title":{"rendered":"Bares etc."},"content":{"rendered":"\n<p><\/p>\n\n\n\n<p class=\"has-text-align-center\"><strong>TERES\u00d3POLIS<\/strong><\/p>\n\n\n\n<ul class=\"wp-block-list\">\n<li><a href=\"https:\/\/g.co\/kgs\/ViLJku5\" target=\"_blank\" rel=\"noreferrer noopener\">Banca do Dudu Caf\u00e9<\/a> &#8211; Rodovi\u00e1ria de Teres\u00f3polis &#8211; RJ. Tem livros usados legais, cole\u00e7\u00e3o das revistas Tex, caf\u00e9, Ovomaltine e p\u00e3o de queijo. Dudu e Cris s\u00e3o \u00f3timos papos !<\/li>\n\n\n\n<li><a href=\"https:\/\/share.google\/7zFCJ4eICdA0hRyIp\" target=\"_blank\" rel=\"noreferrer noopener\">Bar Azara\u00e7\u00e3o<\/a>, Teres\u00f3polis. Eu n\u00e3o gosto da m\u00fasica sertaneja do bar. Mas as pessoas te atendem bem e sabem fazer Negrone a um pre\u00e7o bom. Ali\u00e1s, sabem fazer muitos drinks interessantes. <strong>N\u00e3o \u00e9 o bar que eu frequentaria sempre com minha galera,<\/strong> mas tem seu lugar garantido na cena noturna, pois fecha tarde.<\/li>\n\n\n\n<li><a href=\"https:\/\/www.google.com\/search?q=bar+do+Gen%C3%A9sio%2C+teres%C3%B3polis&amp;oq=bar+do+Gen%C3%A9sio%2C+teres%C3%B3polis&amp;gs_lcrp=EgZjaHJvbWUyBggAEEUYOTIHCAEQIRigATIHCAIQIRigAdIBCjExNzY5ajBqMTWoAgiwAgHxBYLODIuPoP4b&amp;sourceid=chrome&amp;ie=UTF-8#lrd=0x99b32c9bcb9b73:0x158d9e22600a8085,1,,,,\" target=\"_blank\" rel=\"noreferrer noopener\">Bar do Gen\u00e9sio<\/a>, em Teres\u00f3polis. Past\u00e9is de carne bons e baratos. Comida gostosa. E o Gen\u00e9sio \u00e9 gente boa. Um dos lugares mais baratos para se almo\u00e7ar na cidade. Mas com comida de qualidade. S\u00f3 n\u00e3o tem banheiro para clientes. Mas em frente, no Green Fruit tem.<\/li>\n\n\n\n<li><a href=\"https:\/\/www.instagram.com\/brewzintere\/\">Brewzin Teres\u00f3polis<\/a> &#8211; Alto &#8211; Teres\u00f3polis &#8211; RJ. Chopps excelentes e especiais, m\u00fasicos brilhantes, local privilegiado e arejado, pequeno e com \u00f3timas vibra\u00e7\u00f5es. Nos s\u00e1bados, l\u00e1 pelas 16 h, h\u00e1 um excelente grupo: Amigos do Choro. Confira a conta direitinho ! Couvert art\u00edstico liberado. Pague o que puder, ou quiser. FNSBV.<\/li>\n\n\n\n<li><a href=\"https:\/\/www.instagram.com\/gioiagelatopizzacafe\/\">Gioia<\/a> &#8211; V\u00e1rzea &#8211; Teres\u00f3polis &#8211; RJ. Muito sorvete legal, waffle, ch\u00e1 ingl\u00eas &#8230; requintado. Programa fam\u00edlia, com as crian\u00e7as.<\/li>\n\n\n\n<li><a href=\"https:\/\/www.instagram.com\/kantorockbluesbar\/\">Kanto Rock<\/a> &#8211; Alto &#8211; Teres\u00f3polis &#8211; RJ. O melhor rock de Teres\u00f3polis, principalmente se for o dia de Naraiane Sebah e Banda Immigrants. Alex + Filhos e noras s\u00e3o bem confi\u00e1veis na arte do bem-receber. Deixa as contas com eles &#8230; que nunca erram.<img loading=\"lazy\" decoding=\"async\" width=\"120\" height=\"37\" class=\"wp-image-811\" style=\"width: 120px;\" src=\"https:\/\/treinamentolivre.com\/pc\/wp-content\/uploads\/2025\/01\/fechou.jpg\" alt=\"\" srcset=\"https:\/\/treinamentolivre.com\/pc\/wp-content\/uploads\/2025\/01\/fechou.jpg 324w, https:\/\/treinamentolivre.com\/pc\/wp-content\/uploads\/2025\/01\/fechou-300x94.jpg 300w\" sizes=\"auto, (max-width: 120px) 100vw, 120px\" \/><img loading=\"lazy\" decoding=\"async\" width=\"40\" height=\"42\" class=\"wp-image-812\" style=\"width: 40px;\" src=\"https:\/\/treinamentolivre.com\/pc\/wp-content\/uploads\/2025\/01\/tristesse.jpg\" alt=\"\"><\/li>\n\n\n\n<li><a href=\"https:\/\/g.co\/kgs\/78PHedd\">Leiteria Santo Antonio<\/a> &#8211; V\u00e1rzea &#8211; Teres\u00f3polis &#8211; Queijos, bebidas, snacks e empadas incompar\u00e1veis, sempre sa\u00eddas do forno. Detalhe, as doses de bebidas s\u00e3o bem servidas e valem o pre\u00e7o: USD 1,30. Eles vendem garrafas tamb\u00e9m. Bom para emerg\u00eancias. Atendimento bem simp\u00e1tico.<\/li>\n\n\n\n<li><a href=\"https:\/\/www.google.com\/search?client=ms-android-motorola-rvo3&amp;sca_esv=a132f53bdbf2e8af&amp;sca_upv=1&amp;sxsrf=ADLYWILjuaWAlqnR3JOHU-xj7PNT-zCang%3A1727120180759&amp;kgmid=%2Fg%2F1xpwk_dt&amp;q=Leo%20Cozinha%20Criativa%20%2F%20Bombom%20chocolateria&amp;shndl=30&amp;shem=lsde&amp;source=sh%2Fx%2Floc%2Fact%2Fm1%2F2&amp;kgs=63d5f991f083b857\">Leo &#8211; Cozinha Criativa<\/a> &#8211; V\u00e1rzea- Teres\u00f3polis &#8211; Leo Cozinha Criativa \/ Bombom chocolateria &#8211; Al\u00e9m de ser um tremendo especialista em gastronomia (tem biblioteca sobre o assunto at\u00e9 no simples e impec\u00e1vel banheiro), Leo \u00e9 um tremendo m\u00fasico de rock. No bar se vende a linha completa da cervejaria Teres\u00f3polis, incluindo a excelente IPA chamada Jade. H\u00e1 v\u00e1rios produtos Jack Daniel&#8217;s, inclusive o delicioso Honey. M\u00fasica da internet \u00e9 agrad\u00e1vel e de bom gosto (anos 70); ar-condicionado legal. D\u00e1 uma tarde bem agrad\u00e1vel para esvaziar a cuca. Falta algo ?? Chorinho e bossa nova ao vivo \u00e0 tardinha, na sa\u00edda do trabalho. Mas por enquanto fecha \u00e0s 17:30.<\/li>\n\n\n\n<li><a href=\"https:\/\/share.google\/6VxZyS4gcTAGvkjuo\">Rebellados<\/a> &#8211; Esses corajosos empreendedores de Teres\u00f3polis conseguiram o imposs\u00edvel: Manter a qualidade do chopp IPA por uma d\u00e9cada. Nota 10 em tudo, inclusive simpatia.<\/li>\n\n\n\n<li><a href=\"https:\/\/g.co\/kgs\/JPYLZPF\" target=\"_blank\" rel=\"noreferrer noopener\">Sesc Bistr\u00f4 Teres\u00f3polis<\/a> &#8211; V\u00e1rzea &#8211; Teres\u00f3polis &#8211; Quintas sextas e s\u00e1bados tem shows ao vivo no excelente palco, televisionado para as mesas da varanda. Entrada gr\u00e1tis. Voc\u00ea paga o que consumir do excelente card\u00e1pio. Chegue aos shows com uma hora de anteced\u00eancia ! Aconselho o chopp IPA ou uma garrafa de vinho. N\u00e3o pe\u00e7a whisky ou gin t\u00f4nica. Naraiane Sebah e Banda Immigrants tocam l\u00e1 de vez em quando, juntamente com Os Seixas, o <a href=\"https:\/\/www.youtube.com\/watch?v=_HO0Xs4Dl1E&amp;pp=ygUdYmFuZGEgYmFkIHJvc2VzLCB0ZXJlc8OzcG9saXPSBwkJfgkBhyohjO8%3D\" target=\"_blank\" rel=\"noreferrer noopener\">Bad Roses<\/a>, o <a href=\"https:\/\/youtu.be\/RliFmlazfuA?si=duX0XryH_LMB2nkZ\" target=\"_blank\" rel=\"noreferrer noopener\">Feedback 25<\/a>, a <a href=\"https:\/\/www.youtube.com\/watch?v=0TE9mP57KyA\" target=\"_blank\" rel=\"noreferrer noopener\">Tokaia<\/a>, a <a href=\"https:\/\/youtu.be\/4Sl2O0g7eJM?si=Hh0nooiI7bKABMcD\" target=\"_blank\" rel=\"noreferrer noopener\">Falange<\/a>, Amigos do Choro, Rock da Kombi e mais um bando de banda boa !<\/li>\n\n\n\n<li><a href=\"https:\/\/share.google\/invXUkxtYM5yl3zZx\" target=\"_blank\" rel=\"noreferrer noopener\">Taurus American Bar<\/a> &#8211; Nasceu no lugar do saudoso Beco Beer. Ali, as melhores bandas de rock de Teres\u00f3polis se apresentam. \u00c9 um bar bem r\u00fastico, ao estilo do Beco Beer. Re\u00fane diversas tribos e todos se respeitam, gra\u00e7as \u00e0 administra\u00e7\u00e3o r\u00edgida do Tiago e equipe. Geralmente o show come\u00e7a \u00e0s 22 h.<\/li>\n\n\n\n<li><a href=\"https:\/\/share.google\/fmIUZ41wHklqRrRKZ\" target=\"_blank\" rel=\"noreferrer noopener\">Tronador<\/a> &#8211; A partir de 10 de mar\u00e7o de 2026, \u00e0 Rua Edmundo Bitencourt 55. Ambiente agrad\u00e1vel, ar-condicionado, m\u00fasica ambiente tranquila, banheiro decente, refei\u00e7\u00f5es, hamburgueria, caf\u00e9, empanadas, atendimento \u00f3timo.<\/li>\n\n\n\n<li><\/li>\n<\/ul>\n\n\n\n<p><\/p>\n\n\n\n<p class=\"has-text-align-center\"><strong>RIO DE JANEIRO<\/strong><\/p>\n\n\n\n<ul class=\"wp-block-list\">\n<li><a href=\"https:\/\/www.google.com\/search?kgmid=\/g\/1ydnpx422&amp;hl=pt-BR&amp;q=Adega+P%C3%A9rola+-+(Copacabana)&amp;kgs=2ab3a132fd0745eb&amp;shndl=30&amp;shem=lose&amp;source=sh\/x\/kp\/osrp\/m5\/2\">Adega P\u00e9rola<\/a> &#8211; Copacabana -RJ. Experimente a por\u00e7\u00e3o de <a href=\"https:\/\/pt.wikipedia.org\/wiki\/Melanogrammus_aeglefinus\" target=\"_blank\" rel=\"noreferrer noopener\">haddock<\/a> e um bom chopp ou vinho branco suave ! Tem  um bom Negrone, apesar de ser o mais caro que j\u00e1 vi !<\/li>\n\n\n\n<li><a href=\"https:\/\/g.co\/kgs\/iRRcMjG\" target=\"_blank\" rel=\"noreferrer noopener\">Bar Bukovsky<\/a> &#8211; Botafogo, RJ &#8211; Rock na veia ! Este est\u00e1 na lista do &#8220;Preciso visitar&#8221;, desde 1997. N\u00e3o tive oportunidade.<\/li>\n\n\n\n<li><a href=\"https:\/\/share.google\/ctne3RDtORNSlBxUr\" target=\"_blank\" rel=\"noreferrer noopener\">Bar da Portuguesa<\/a>. De repente voc\u00ea d\u00e1 a sorte de encontrar l\u00e1 o mestre <a href=\"https:\/\/pt.wikipedia.org\/wiki\/Carlinhos_Sete_Cordas\" target=\"_blank\" rel=\"noreferrer noopener\">Carlinhos 7 Cordas<\/a>. Ou, quem sabe, o Marcelo, guitarrista da <a href=\"https:\/\/www.facebook.com\/bandathall\/?locale=pt_BR\" target=\"_blank\" rel=\"noreferrer noopener\">Banda Thall<\/a>.<\/li>\n\n\n\n<li><\/li>\n\n\n\n<li><a href=\"https:\/\/g.co\/kgs\/hqtQQdM\" target=\"_blank\" rel=\"noreferrer noopener\">Bar do Jura<\/a> &#8211; Maracan\u00e3 &#8211; RJ. Comida sincera e gostosa; tem uma sinuquinha e \u00e9 um lugar fresco pr\u00e1 dias de calor. \u00c9 um boteco mesmo, apertado, mas tem tradi\u00e7\u00e3o. Seria bom se ele passasse por uma reforma e ganhasse a aten\u00e7\u00e3o de um arquiteto e um decorador, mas \u00e9 bom.<\/li>\n\n\n\n<li>Bar do Manoel &#8211; Praia Vermelha &#8211; RJ &#8211; Fica Dentro da UFRJ e \u00e9 um reduto botafoguense que aceita todos os torcedores. Meu rango predileto l\u00e1 \u00e9 p\u00e3o com ovo e vitamina de banana. Mas tudo l\u00e1 \u00e9 bom. Tem Toddy batido, almo\u00e7o, misto quente, omelete. Nada l\u00e1 faz mal. Quer saber mais ? <a href=\"https:\/\/www.tiktok.com\/@guiadaeco\/video\/7299962699079765253\" target=\"_blank\" rel=\"noreferrer noopener\">Acessem o Guia de Sobreviv\u00eancia da ECO<\/a> !<\/li>\n\n\n\n<li><a href=\"http:\/\/Bar Tero - Vermuteria e Restaurante (21) 97666-8588   https:\/\/g.co\/kgs\/9hcPdqm\">Bar Tero<\/a> &#8211; Paulo Barreto 110 &#8211; Botafogo, RJ. Chopp IPA artesanal com o colarinho mais adequado e cheiroso que j\u00e1 experimentei. Rosbife \u00f3timo. Pre\u00e7os justos. Ambiente agradabil\u00edssimo.<\/li>\n\n\n\n<li><a href=\"https:\/\/g.co\/kgs\/o3cMKfT\" target=\"_blank\" rel=\"noreferrer noopener\">Bip Bip<\/a> &#8211; Copacabana &#8211; RJ. Agora o endere\u00e7o oficial \u00e9 Largo do Alfredinho 50. O Alfredinho era o antigo dono, falecido em 2019. Quem gosta de Heineken e m\u00fasica brasileira de qualidade, est\u00e1 em casa. Se vai bater palmas, estale os dedos ! FNSBV.<\/li>\n\n\n\n<li><a href=\"https:\/\/g.co\/kgs\/Mp1fekK\" target=\"_blank\" rel=\"noreferrer noopener\">Boteco Rios &#8211; Maracan\u00e3<\/a> &#8211; Maracan\u00e3 &#8211; RJ. Excelentes sakeritas, feitas na mesa, na sua frente !<\/li>\n\n\n\n<li><a href=\"https:\/\/share.google\/I05F8KJH5GW5QQSaz\" target=\"_blank\" rel=\"noreferrer noopener\">Caf\u00e9 Ga\u00facho<\/a>, na Rua S\u00e3o Jos\u00e9 &#8211; RJ. Cada dia tem um caldo, a bom pre\u00e7o. O p\u00e3o com lingui\u00e7a \u00e9 \u00f3timo e bem servido. Tem chopp, batidinha, banheiro. Mas \u00e9 todo mundo em p\u00e9.<\/li>\n\n\n\n<li><a href=\"https:\/\/www.casadasnatas.com.br\/index.php\/lojas-casa-das-natas\" target=\"_blank\" rel=\"noreferrer noopener\">Casa das Natas<\/a> &#8211; Galeria Menescal &#8211; Copacabana RJ. Muito boas as natas e o atendimento.<\/li>\n\n\n\n<li><a href=\"http:\/\/Curto Caf\u00e9 (21) 96948-3225   https:\/\/g.co\/kgs\/Xp2e1rW\">Curto Caf\u00e9<\/a> &#8211; Excelente m\u00fasica pop internacional, caf\u00e9 a excelente pre\u00e7o. Eles aumentam o som quando um babaca insiste em ouvir o celular aos berros. Atendimento \u00f3timo e sem frescura. Tem caf\u00e9 da manh\u00e3.<\/li>\n\n\n\n<li><a href=\"https:\/\/usetag.me\/qrcasurca\">Gal Bar do Mar<\/a> &#8211; Fica na Urca e \u00e9 uma simpatia. Drinks incr\u00edveis. Confira.<\/li>\n\n\n\n<li><strong>loh Caf\u00e9<\/strong> &#8211; Av. Rio Branco 156 &#8211; 3o. andar &#8211; Centro &#8211; RJ. Edif\u00edcio Av. Central. O propriet\u00e1rio Leonardo nos atende pessoalmente e com maestria. O fundo musical \u00e9 jazz. Caf\u00e9 excelente, mousse de chocolate nota 10. Um momento para sentar e respirar. Para quem gosta de sorvete, tem.<img loading=\"lazy\" decoding=\"async\" width=\"120\" height=\"37\" class=\"wp-image-811\" style=\"width: 120px;\" src=\"https:\/\/treinamentolivre.com\/pc\/wp-content\/uploads\/2025\/01\/fechou.jpg\" alt=\"\" srcset=\"https:\/\/treinamentolivre.com\/pc\/wp-content\/uploads\/2025\/01\/fechou.jpg 324w, https:\/\/treinamentolivre.com\/pc\/wp-content\/uploads\/2025\/01\/fechou-300x94.jpg 300w\" sizes=\"auto, (max-width: 120px) 100vw, 120px\" \/><img loading=\"lazy\" decoding=\"async\" width=\"40\" height=\"42\" class=\"wp-image-812\" style=\"width: 40px;\" src=\"https:\/\/treinamentolivre.com\/pc\/wp-content\/uploads\/2025\/01\/tristesse.jpg\" alt=\"\"><\/li>\n\n\n\n<li><a href=\"https:\/\/www.google.com\/amp\/s\/cardapio.menu\/amp\/restaurants\/rio-de-janeiro\/lf-cafe-bistro-2\" target=\"_blank\" rel=\"noreferrer noopener\">LF Caf\u00e9<\/a> &#8211; N\u00e3o entendo como pude deixar passar um Caf\u00e9 -Bar de bom gosto como este, por 15 anos e s\u00f3 not\u00e1-lo agora, em mar\u00e7o de 2026. Uma boa carta de cervejas, incluindo Hocus Pocus e Noi. Bem frequentado, cosmopolita e m\u00fasica ambiente de bom gosto. Atendimento respeitoso e uma pequen\u00edssima biblioteca de &#8220;relidos&#8221; &#8211; perfeito. A madeira no ambiente faz diferen\u00e7a. O quiche \u00e9 \u00f3timo.<\/li>\n\n\n\n<li><a href=\"https:\/\/www.instagram.com\/manguesecocachacaria\/\">Mangue Seco<\/a> &#8211; Lapa &#8211; RJ. \u00c9 caro, mas tem todas as cacha\u00e7as do Brasil. \u00c9 bom ! Tem uma menina que toca l\u00e1 \u00e0s sextas. Excelente.<\/li>\n\n\n\n<li><a href=\"http:\/\/Marinos Bar Botafogo https:\/\/share.google\/MegtaIMy8lvRLivsc\" target=\"_blank\" rel=\"noreferrer noopener\">Marino&#8217;s Bar<\/a>&#8211; Experimenta 2 tacos e um chopp..Best buy. Atendimento 10. No banheiro \u00e0s vezes falta \u00e1gua. Mas nada t\u00e3o grave.<\/li>\n\n\n\n<li><a href=\"https:\/\/vejario.abril.com.br\/estabelecimento\/real\" target=\"_blank\" rel=\"noreferrer noopener\">Real Chopp<\/a> &#8211; Copacabana &#8211; RJ. Fundado pelo saudoso Afonso e pelo Herm\u00ednio. Tradi\u00e7\u00e3o e aten\u00e7\u00e3o. Experimenta o torresmo de barriga, a sardinha, a picanha, experimenta tudo ! \u00c9 bar e restaurante. <strong>FECHADO \u00c0S SEGUNDAS !<\/strong> Tem  um bom Negrone, com pre\u00e7o justo !<\/li>\n\n\n\n<li><a href=\"https:\/\/www.instagram.com\/explore\/locations\/507888099361222\/sarreufa-club\/\" target=\"_blank\" rel=\"noreferrer noopener\">Sarreufa Club<\/a> &#8211; Botafogo, RJ &#8211; Excelente para quem gosta de sinuca.<\/li>\n\n\n\n<li><a href=\"https:\/\/g.co\/kgs\/JHGbDRk\" target=\"_blank\" rel=\"noreferrer noopener\">Suk Arab Express Store<\/a> &#8211; Largo da carioca &#8211; RJ &#8211; Bem legal o atendimento e os salgados \u00e1rabes s\u00e3o \u00f3timos. Tem uma cafeteria excelente e bons bancos para sentar. Um banheirinho misto razo\u00e1vel. O mate da casa, com e sem a\u00e7\u00facar \u00e9 um detalhe importante.<\/li>\n\n\n\n<li><a href=\"https:\/\/g.co\/kgs\/2FXrrns\">Top Beers<\/a> &#8211; Copacabana &#8211; RJ. Melhor cerveja do Rio de Janeiro. Melhor mesmo ! Experimenta as indica\u00e7\u00f5es IPA do especialista Diego ou do empres\u00e1rio Ram\u00f3n. Compra 500 ml &#8211; \u00c9 mais neg\u00f3cio ! Experimenta o Copa Lombo &#8211; pre\u00e7o muito bom e bem servido. A sele\u00e7\u00e3o musical do Spotify \u00e9 do melhor rock ! Destaque para a banda Franz Ferdinand, bastante tocada na casa.<img loading=\"lazy\" decoding=\"async\" width=\"120\" height=\"37\" class=\"wp-image-811\" style=\"width: 120px;\" src=\"https:\/\/treinamentolivre.com\/pc\/wp-content\/uploads\/2025\/01\/fechou.jpg\" alt=\"\" srcset=\"https:\/\/treinamentolivre.com\/pc\/wp-content\/uploads\/2025\/01\/fechou.jpg 324w, https:\/\/treinamentolivre.com\/pc\/wp-content\/uploads\/2025\/01\/fechou-300x94.jpg 300w\" sizes=\"auto, (max-width: 120px) 100vw, 120px\" \/><img loading=\"lazy\" decoding=\"async\" width=\"40\" height=\"42\" class=\"wp-image-812\" style=\"width: 40px;\" src=\"https:\/\/treinamentolivre.com\/pc\/wp-content\/uploads\/2025\/01\/tristesse.jpg\" alt=\"\"><\/li>\n<\/ul>\n\n\n\n<p class=\"has-text-align-center\"><strong>VILA VELHA<\/strong><\/p>\n\n\n\n<ul class=\"wp-block-list\">\n<li><a href=\"http:\/\/Don Aguilar (27) 3072-1649   https:\/\/g.co\/kgs\/G3puCWa\">Dom Aguilar<\/a> &#8211; Praia da Costa, Vila Velha &#8211; ES. Excelente bar e restaurante, com boa m\u00fasica e bom atendimento. Bom tamb\u00e9m para conversar.<\/li>\n<\/ul>\n\n\n\n<p><\/p>\n","protected":false},"excerpt":{"rendered":"<p>TERES\u00d3POLIS RIO DE JANEIRO VILA VELHA<\/p>\n","protected":false},"author":1,"featured_media":0,"parent":0,"menu_order":0,"comment_status":"closed","ping_status":"closed","template":"","meta":{"footnotes":""},"class_list":["post-135","page","type-page","status-publish","hentry","excerpt"],"_links":{"self":[{"href":"https:\/\/treinamentolivre.com\/pc\/index.php?rest_route=\/wp\/v2\/pages\/135","targetHints":{"allow":["GET"]}}],"collection":[{"href":"https:\/\/treinamentolivre.com\/pc\/index.php?rest_route=\/wp\/v2\/pages"}],"about":[{"href":"https:\/\/treinamentolivre.com\/pc\/index.php?rest_route=\/wp\/v2\/types\/page"}],"author":[{"embeddable":true,"href":"https:\/\/treinamentolivre.com\/pc\/index.php?rest_route=\/wp\/v2\/users\/1"}],"replies":[{"embeddable":true,"href":"https:\/\/treinamentolivre.com\/pc\/index.php?rest_route=%2Fwp%2Fv2%2Fcomments&post=135"}],"version-history":[{"count":148,"href":"https:\/\/treinamentolivre.com\/pc\/index.php?rest_route=\/wp\/v2\/pages\/135\/revisions"}],"predecessor-version":[{"id":1870,"href":"https:\/\/treinamentolivre.com\/pc\/index.php?rest_route=\/wp\/v2\/pages\/135\/revisions\/1870"}],"wp:attachment":[{"href":"https:\/\/treinamentolivre.com\/pc\/index.php?rest_route=%2Fwp%2Fv2%2Fmedia&parent=135"}],"curies":[{"name":"wp","href":"https:\/\/api.w.org\/{rel}","templated":true}]}}