{"id":127,"date":"2024-04-02T22:58:02","date_gmt":"2024-04-03T01:58:02","guid":{"rendered":"https:\/\/treinamentolivre.com\/pc\/?page_id=127"},"modified":"2026-04-20T12:43:18","modified_gmt":"2026-04-20T15:43:18","slug":"restaurantes","status":"publish","type":"page","link":"https:\/\/treinamentolivre.com\/pc\/?page_id=127","title":{"rendered":"Restaurantes"},"content":{"rendered":"\n<p><\/p>\n\n\n\n<p class=\"has-text-align-center\"><strong>TERES\u00d3POLIS<\/strong><\/p>\n\n\n\n<ul class=\"wp-block-list\">\n<li>Casa <a href=\"https:\/\/www.instagram.com\/p\/CzG9KofuoQw\/?ref=16\" target=\"_blank\" rel=\"noreferrer noopener\">Agridoce<\/a> &#8211; Centro, Teres\u00f3polis &#8211; RJ. Comida sincera de buf\u00ea, em frente \u00e0 Prefeitura de Teres\u00f3polis. Pessoas simp\u00e1ticas no atendimento. Confira o balc\u00e3o de doces e pe\u00e7a um caf\u00e9 coado.<img loading=\"lazy\" decoding=\"async\" width=\"30\" height=\"27\" class=\"wp-image-1583\" style=\"width: 30px;\" src=\"https:\/\/treinamentolivre.com\/pc\/wp-content\/uploads\/2026\/01\/sunglasses.jpg\" alt=\"\"><\/li>\n\n\n\n<li><a href=\"https:\/\/loja.neemo.com.br\/foodbunkerrebellados\" target=\"_blank\" rel=\"noreferrer noopener\">Hamburgueria Food Bunker Rebellados<\/a> &#8211; Uma das melhores cervejas IPA de Teres\u00f3polis. O hamburguer \u00e9 excelente. Atendimento 10. Bom lugar para pegar um Uber !<img loading=\"lazy\" decoding=\"async\" width=\"30\" height=\"27\" class=\"wp-image-1583\" style=\"width: 30px;\" src=\"https:\/\/treinamentolivre.com\/pc\/wp-content\/uploads\/2026\/01\/sunglasses.jpg\" alt=\"\"><\/li>\n\n\n\n<li><a href=\"https:\/\/www.google.com\/search?client=ms-android-motorola-rvo3&amp;sca_esv=d23600c5c5ea2d83&amp;sca_upv=1&amp;sxsrf=ADLYWILYy3hv31nYDeru5nhqSYHzNaOXVw:1724424976335&amp;q=avalia%C3%A7%C3%B5es+sobre+centro+gastron%C3%B4mico+recanto&amp;uds=ADvngMh8aLEZiuUNW8fSMXs2kouWT0wHtF1v3rlf9Eh9r2bFWigBZpI5isgqw7rNkLANdBCBDG2HxcJqs-2Yk26HNzX0swDOIpeODm_KSwimNi6EryDul__uUczMRKSMmP8ZG16yMVaYcmlaBdiJuCfu_c59XP1_dtPgQ-KI0wXXjTamMhaLpVcjC_eK2t9T-6FS4LdmPJFouTHUbL4tvJwjpujpkkFP9FdfiKkP7nbF832haf_6LLF3EKSYB6TnoESXD7tnvmILiN7sC1eRAKjWjdubamKlYq3GsffaxSPn__2dSre0OAE3VhCucEJxJ5Z-8kTbEyBXzDfs5kAQdC55Q4F05nYdLTn2z_DQEmXJDgj0zbqQXMLj4CDlX48gzYQnu5A2fno5seXI-7I2aUsf9VQvPc2xhShElkzbyUhunFanqT4LBY2sYr0QcJFXVFp0brgVlBDAWC3SEV9pr3E3mZiZTFCIt-c1qDXZ8Uj7edx-uOkAQhE&amp;si=ACC90nzcy7sviKw0NTZoUBUzhQehr3jouizIrVSf6avWI23m1eDAgPeFhqYEUuHnniNDyRgoU5WFt_s288Xbb4mW6LDhM5p_jwICdqc1pNBJAk97s3hs3PyjtkwNqfHoVVDNt9KLLjXMjFa_veQhxoaoPECHbZNUUDMyzgDARqLStbda8D1NpeM%3D&amp;sa=X&amp;ictx=1&amp;stq=1&amp;lei=EKPIZqCRFPbU1sQPua3VwQw\" target=\"_blank\" rel=\"noreferrer noopener\">Recanto dos Pescadores<\/a> &#8211; Agri\u00f5es &#8211; Teres\u00f3polis &#8211; L\u00e1 tudo \u00e9 bom. E est\u00e1 ficando melhor. A padaria, por exemplo, foi uma \u00f3tima ideia. Leia a minha cr\u00edtica no link. No restaurante, se decide o destino da cidade de Teres\u00f3polis. O melhor prato ? Peru\u00e1 para dois. Melhor bebida ? Teres\u00f3polis Rubini Bock.<img loading=\"lazy\" decoding=\"async\" width=\"30\" height=\"27\" class=\"wp-image-1583\" style=\"width: 30px;\" src=\"https:\/\/treinamentolivre.com\/pc\/wp-content\/uploads\/2026\/01\/sunglasses.jpg\" alt=\"\"><\/li>\n\n\n\n<li><a href=\"https:\/\/www.instagram.com\/osvaldoeluci\/\" target=\"_blank\" rel=\"noreferrer noopener\">Restaurante Osvaldo e Lucy<\/a> &#8211; V\u00e1rzea, Teres\u00f3polis &#8211; RJ. Comida sincera e excelente atendimento.<img loading=\"lazy\" decoding=\"async\" width=\"30\" height=\"27\" class=\"wp-image-1583\" style=\"width: 30px;\" src=\"https:\/\/treinamentolivre.com\/pc\/wp-content\/uploads\/2026\/01\/sunglasses.jpg\" alt=\"\"><\/li>\n\n\n\n<li><a href=\"https:\/\/share.google\/wkFiTPUK4POlAbtTY\" target=\"_blank\" rel=\"noreferrer noopener\">Sir Joe Rock N&#8217;Roll Food<\/a> &#8211; Excelente Strogonoff de frango com batata frita e arroz. Os pratos s\u00e3o individuais mas na medida certa &#8211; voc\u00ea se serve em simp\u00e1ticas panelinhas de metal, na mesa. Hamburguers tradicionais, bem feitos. O som ambiente \u00e9 rock do bom, bem misturado. Tvs antigas passam v\u00eddeos especialmente editados para evocar lembran\u00e7as boas. Atendimento \u00f3timo (Joe \u00e9  o gerente). Chopp excelente. Recomendo para almo\u00e7o, ao meio-dia em ponto.<\/li>\n\n\n\n<li><a href=\"https:\/\/www.instagram.com\/restaurantevarieta\/\" target=\"_blank\" rel=\"noreferrer noopener\">Variet\u00e1 Grill<\/a> &#8211; Muito bom ! At\u00e9 os secret\u00e1rios municipais comem l\u00e1. Tem de tudo. A comida japonesa \u00e9 excelente. Tem uma \u00e1rea para crian\u00e7as.<\/li>\n<\/ul>\n\n\n\n<p><\/p>\n\n\n\n<p><\/p>\n\n\n\n<p><\/p>\n\n\n\n<p class=\"has-text-align-center\"><strong>RIO DE JANEIRO<\/strong><\/p>\n\n\n\n<ul class=\"wp-block-list\">\n<li><a href=\"https:\/\/cafelamas.com.br\/\" target=\"_blank\" rel=\"noreferrer noopener\">Caf\u00e9 Lamas<\/a> &#8211; Flamengo, RJ &#8211; Tradi\u00e7\u00e3o. Tem tudo, de fil\u00e9 \u00e0 Oswaldo Aranha at\u00e9 mingau \u00e0s duas da manh\u00e3 !<img loading=\"lazy\" decoding=\"async\" width=\"30\" height=\"27\" class=\"wp-image-1583\" style=\"width: 30px;\" src=\"https:\/\/treinamentolivre.com\/pc\/wp-content\/uploads\/2026\/01\/sunglasses.jpg\" alt=\"\"><\/li>\n\n\n\n<li><a href=\"https:\/\/g.co\/kgs\/7MWdSCo\">Deliz<\/a> &#8211; Copacabana, RJ &#8211; Excelente atendimento, comida saud\u00e1vel, feijoada \u00e0s sextas, <em>provinha<\/em> de cacha\u00e7a, excelente sele\u00e7\u00e3o musical de jazz e bossa-nova.<img loading=\"lazy\" decoding=\"async\" width=\"30\" height=\"27\" class=\"wp-image-1583\" style=\"width: 30px;\" src=\"https:\/\/treinamentolivre.com\/pc\/wp-content\/uploads\/2026\/01\/sunglasses.jpg\" alt=\"\"><\/li>\n\n\n\n<li><a href=\"https:\/\/www.google.com\/search?client=ms-android-motorola-rvo3&amp;sca_esv=824cd7f292a9a46d&amp;sxsrf=ACQVn08vL9ZyK94_A4qGTE4I2Mrg8yal2A%3A1711553593307&amp;q=El-Gebal&amp;ludocid=702254255341360681&amp;ibp=gwp%3B0%2C7&amp;lsig=AB86z5Wyx6d_TeipZSX73U4aNJgm&amp;kgs=67005c592e98a6b0&amp;shndl=-1&amp;shem=lsp&amp;source=sh%2Fx%2Floc%2Fact%2Fm1%2F2\">El-Gebal<\/a> &#8211; Centro, RJ &#8211; Comida \u00e1rabe de primeira, em ambiente divertido (engra\u00e7ado mesmo) no Centro, perto da esta\u00e7\u00e3o do VLT.<img loading=\"lazy\" decoding=\"async\" width=\"30\" height=\"27\" class=\"wp-image-1583\" style=\"width: 30px;\" src=\"https:\/\/treinamentolivre.com\/pc\/wp-content\/uploads\/2026\/01\/sunglasses.jpg\" alt=\"\"><\/li>\n\n\n\n<li><a href=\"https:\/\/www.instagram.com\/govardhana.restaurante\/\" target=\"_blank\" rel=\"noreferrer noopener\">Govardhana<\/a> &#8211; Estilo indiano. Ambiente muito bom, pre\u00e7os m\u00e9dios. Excelente comida ao estilo Hare Krishna. Perfeito para quem n\u00e3o come carne ou qualquer comida obtida com sofrimento. Mas voc\u00ea nem percebe que \u00e9 vegetariano. Tem uma caipirinha sem \u00e1lcool \u00f3tima. Atendimento maravilhoso.<img loading=\"lazy\" decoding=\"async\" width=\"30\" height=\"27\" class=\"wp-image-1583\" style=\"width: 30px;\" src=\"https:\/\/treinamentolivre.com\/pc\/wp-content\/uploads\/2026\/01\/sunglasses.jpg\" alt=\"\"><\/li>\n\n\n\n<li><a href=\"https:\/\/www.instagram.com\/manauaranabrasaoficial\/\" target=\"_blank\" rel=\"noreferrer noopener\">Manauara na Brasa<\/a> &#8211; O gerente l\u00e1 \u00e9 o Fred. Esqueci meu celular l\u00e1 e no dia seguinte ele me ligou para ir buscar. Acho que isso diz tudo. Nas palavras dele, \u00e9 preciso ter um servi\u00e7o diferenciado, o melhor poss\u00edvel. notem bem &#8211; o melhor <strong>poss\u00edvel<\/strong>. Ent\u00e3o, de pizza a churrasco, de refresco a whisky, recomendo o Manauara, na Av. Copacabana com Rep\u00fablica do Per\u00fa.<\/li>\n\n\n\n<li><a href=\"http:\/\/Parada de Copa Restaurante (21) 3936-0450   https:\/\/g.co\/kgs\/bFBB56x\" target=\"_blank\" rel=\"noreferrer noopener\">Parada de Copa<\/a> &#8211; Copacabana RJ &#8211; Para quem n\u00e3o sabe, era a antiga equipe Cervantes da Prado Junior, agora novo. O sandu\u00edche na Parada de Copa \u00e9 mais tradicional, enquanto na Prado Jr muita coisa mudou. Eu prefiro ficar em frente \u00e0 Casa &amp; V\u00eddeo, na Barata Ribeiro. Prove a batida de coco.<img loading=\"lazy\" decoding=\"async\" width=\"30\" height=\"27\" class=\"wp-image-1583\" style=\"width: 30px;\" src=\"https:\/\/treinamentolivre.com\/pc\/wp-content\/uploads\/2026\/01\/sunglasses.jpg\" alt=\"\"><\/li>\n\n\n\n<li><a href=\"https:\/\/www.google.com\/search?q=pizzsa+pizza+copacabana&amp;oq=pizzsa+pizza+copacabana&amp;gs_lcrp=EgZjaHJvbWUyBggAEEUYOTIJCAEQABgNGIAEMgoIAhAAGIAEGKIEMgoIAxAAGIAEGKIEMgoIBBAAGIAEGKIE0gEINTcyNWowajSoAgCwAgE&amp;sourceid=chrome&amp;ie=UTF-8#ip=1\">Pizza Pizza Copacabana<\/a> &#8211; Copacabana, RJ- O que fazer num local acanhado, que mal cabe seis pessoas, com banheiro fora da loja, sem ar-condicionado ? A resposta \u00e9: &#8211; Comer a a melhor pizza ou lasanha do Rio de Janeiro. S\u00e3o os donos que atendem. Gente da melhor qualidade. S\u00f3 indo l\u00e1 para entender &#8230; mas n\u00e3o vende \u00e1lcool &#8211; o melhor acompanhamento \u00e9 um guaran\u00e1 Ant\u00e1rtica.<img loading=\"lazy\" decoding=\"async\" width=\"30\" height=\"27\" class=\"wp-image-1583\" style=\"width: 30px;\" src=\"https:\/\/treinamentolivre.com\/pc\/wp-content\/uploads\/2026\/01\/sunglasses.jpg\" alt=\"\"><\/li>\n\n\n\n<li><a href=\"https:\/\/www.instagram.com\/pizzalandiarj\/\">Pizzalandia<\/a> &#8211; Tratamento VIP, vinho de primeira, massa perfeita, fil\u00e9 maravilhoso, pre\u00e7o de acordo com a boa qualidade, gerente nota 10. Tudo flamenguista &#8211; fazer o que ? Mas eles s\u00e3o bem legais ! Se quiser impressionar, leva o amigo ou a amiga l\u00e1. <img decoding=\"async\" style=\"width: 80px;\" src=\"https:\/\/treinamentolivre.com\/pc\/wp-content\/uploads\/2025\/01\/fechou.jpg\" alt=\"\"><img decoding=\"async\" src=\"https:\/\/treinamentolivre.com\/pc\/wp-content\/uploads\/2025\/01\/tristesse.jpg\" alt=\"\" style=\"width: 30px;\"><\/li>\n\n\n\n<li><a href=\"https:\/\/share.google\/yJC26HvPw49cANsal\">Salvatore Pasta &amp; Pizza<\/a> &#8211; Um pequeno e jovem restaurante na Pra\u00e7a Cardeal Arcoverde, com massas excelentes e frequ\u00eancia muito boa. Atendimento profissional. Bom para levar gente nova e brilhante. A noite de quinta \u00e9 calma. O calzone \u00e9 muito bom e d\u00e1 para dois.<img loading=\"lazy\" decoding=\"async\" width=\"30\" height=\"27\" class=\"wp-image-1583\" style=\"width: 30px;\" src=\"https:\/\/treinamentolivre.com\/pc\/wp-content\/uploads\/2026\/01\/sunglasses.jpg\" alt=\"\"><\/li>\n\n\n\n<li><a href=\"https:\/\/www.instagram.com\/venezuelagourmetbrasil\/\" target=\"_blank\" rel=\"noreferrer noopener\">Venezuela Gourmet Brasil<\/a> &#8211; Est\u00e1 na minha lista de &#8220;quero visitar&#8221;. Fica na Barata Ribeiro, entre a Raimundo Correia e Santa Clara. Ainda n\u00e3o pude classificar o estabelecimento. <img loading=\"lazy\" decoding=\"async\" width=\"80\" height=\"26\" class=\"wp-image-1580\" style=\"width: 80px;\" src=\"https:\/\/treinamentolivre.com\/pc\/wp-content\/uploads\/2026\/01\/aguarde.jpg\" alt=\"\"><\/li>\n\n\n\n<li><a href=\"https:\/\/g.co\/kgs\/xZJj9uF\">Viva Flor<\/a> &#8211; Copacabana &#8211; RJ &#8211; Experimenta o galeto desossado com uma maionese de batatas ! Soberbo !<img loading=\"lazy\" decoding=\"async\" width=\"30\" height=\"27\" class=\"wp-image-1583\" style=\"width: 30px;\" src=\"https:\/\/treinamentolivre.com\/pc\/wp-content\/uploads\/2026\/01\/sunglasses.jpg\" alt=\"\"><\/li>\n<\/ul>\n","protected":false},"excerpt":{"rendered":"<p>TERES\u00d3POLIS RIO DE JANEIRO<\/p>\n","protected":false},"author":1,"featured_media":0,"parent":0,"menu_order":0,"comment_status":"closed","ping_status":"closed","template":"","meta":{"footnotes":""},"class_list":["post-127","page","type-page","status-publish","hentry","excerpt"],"_links":{"self":[{"href":"https:\/\/treinamentolivre.com\/pc\/index.php?rest_route=\/wp\/v2\/pages\/127","targetHints":{"allow":["GET"]}}],"collection":[{"href":"https:\/\/treinamentolivre.com\/pc\/index.php?rest_route=\/wp\/v2\/pages"}],"about":[{"href":"https:\/\/treinamentolivre.com\/pc\/index.php?rest_route=\/wp\/v2\/types\/page"}],"author":[{"embeddable":true,"href":"https:\/\/treinamentolivre.com\/pc\/index.php?rest_route=\/wp\/v2\/users\/1"}],"replies":[{"embeddable":true,"href":"https:\/\/treinamentolivre.com\/pc\/index.php?rest_route=%2Fwp%2Fv2%2Fcomments&post=127"}],"version-history":[{"count":70,"href":"https:\/\/treinamentolivre.com\/pc\/index.php?rest_route=\/wp\/v2\/pages\/127\/revisions"}],"predecessor-version":[{"id":1916,"href":"https:\/\/treinamentolivre.com\/pc\/index.php?rest_route=\/wp\/v2\/pages\/127\/revisions\/1916"}],"wp:attachment":[{"href":"https:\/\/treinamentolivre.com\/pc\/index.php?rest_route=%2Fwp%2Fv2%2Fmedia&parent=127"}],"curies":[{"name":"wp","href":"https:\/\/api.w.org\/{rel}","templated":true}]}}