{"id":12,"date":"2024-03-29T15:08:46","date_gmt":"2024-03-29T18:08:46","guid":{"rendered":"https:\/\/treinamentolivre.com\/pc\/?page_id=12"},"modified":"2025-05-15T22:43:01","modified_gmt":"2025-05-16T01:43:01","slug":"artigos","status":"publish","type":"page","link":"https:\/\/treinamentolivre.com\/pc\/","title":{"rendered":"Escritos"},"content":{"rendered":"\n<figure class=\"wp-block-embed is-type-wp-embed is-provider-seguran-a-da-informa-o wp-block-embed-seguran-a-da-informa-o\"><div class=\"wp-block-embed__wrapper\">\n<blockquote class=\"wp-embedded-content\" data-secret=\"yLKqwyR1GD\"><a href=\"https:\/\/treinamentolivre.com\/si\/cyber\/?page_id=473\">Rumo \u00e0 P\u00f3s em SI<\/a><\/blockquote><iframe loading=\"lazy\" class=\"wp-embedded-content\" sandbox=\"allow-scripts\" security=\"restricted\" style=\"position: absolute; visibility: hidden;\" title=\"&#8220;Rumo \u00e0 P\u00f3s em SI&#8221; &#8212; Seguran\u00e7a da Informa\u00e7\u00e3o\" src=\"https:\/\/treinamentolivre.com\/si\/cyber\/?page_id=473&#038;embed=true#?secret=4tOKb8DvaY#?secret=yLKqwyR1GD\" data-secret=\"yLKqwyR1GD\" width=\"500\" height=\"282\" frameborder=\"0\" marginwidth=\"0\" marginheight=\"0\" scrolling=\"no\"><\/iframe>\n<\/div><\/figure>\n\n\n\n<figure class=\"wp-block-embed is-type-wp-embed is-provider-paulo-santos wp-block-embed-paulo-santos\"><div class=\"wp-block-embed__wrapper\">\n<blockquote class=\"wp-embedded-content\" data-secret=\"6uCbyno07h\"><a href=\"https:\/\/treinamentolivre.com\/pc\/?p=756\">A import\u00e2ncia da tecnologia na agrega\u00e7\u00e3o de valor.<\/a><\/blockquote><iframe loading=\"lazy\" class=\"wp-embedded-content\" sandbox=\"allow-scripts\" security=\"restricted\" style=\"position: absolute; visibility: hidden;\" title=\"&#8220;A import\u00e2ncia da tecnologia na agrega\u00e7\u00e3o de valor.&#8221; &#8212; Paulo Santos\" src=\"https:\/\/treinamentolivre.com\/pc\/?p=756&#038;embed=true#?secret=Z1BqU30j5I#?secret=6uCbyno07h\" data-secret=\"6uCbyno07h\" width=\"500\" height=\"282\" frameborder=\"0\" marginwidth=\"0\" marginheight=\"0\" scrolling=\"no\"><\/iframe>\n<\/div><\/figure>\n\n\n\n<figure class=\"wp-block-embed is-type-wp-embed is-provider-paulo-santos wp-block-embed-paulo-santos\"><div class=\"wp-block-embed__wrapper\">\n<blockquote class=\"wp-embedded-content\" data-secret=\"0VRjFd0Tx6\"><a href=\"https:\/\/treinamentolivre.com\/pc\/?p=333\">Thomas Paine\u00b4s &#8220;Common Sense&#8221;.<\/a><\/blockquote><iframe loading=\"lazy\" class=\"wp-embedded-content\" sandbox=\"allow-scripts\" security=\"restricted\" style=\"position: absolute; clip: rect(1px, 1px, 1px, 1px);\" title=\"&#8220;Thomas Paine\u00b4s &#8220;Common Sense&#8221;.&#8221; &#8212; Paulo Santos\" src=\"https:\/\/treinamentolivre.com\/pc\/?p=333&#038;embed=true#?secret=v1867r1JEk#?secret=0VRjFd0Tx6\" data-secret=\"0VRjFd0Tx6\" width=\"500\" height=\"282\" frameborder=\"0\" marginwidth=\"0\" marginheight=\"0\" scrolling=\"no\"><\/iframe>\n<\/div><\/figure>\n\n\n\n<figure class=\"wp-block-embed is-type-wp-embed is-provider-paulo-santos wp-block-embed-paulo-santos\"><div class=\"wp-block-embed__wrapper\">\n<blockquote class=\"wp-embedded-content\" data-secret=\"vhezOE2GET\"><a href=\"https:\/\/treinamentolivre.com\/pc\/?p=287\">M\u00e9dia M\u00f3vel<\/a><\/blockquote><iframe loading=\"lazy\" class=\"wp-embedded-content\" sandbox=\"allow-scripts\" security=\"restricted\" style=\"position: absolute; clip: rect(1px, 1px, 1px, 1px);\" title=\"&#8220;M\u00e9dia M\u00f3vel&#8221; &#8212; Paulo Santos\" src=\"https:\/\/treinamentolivre.com\/pc\/?p=287&#038;embed=true#?secret=tg1h1QkKh6#?secret=vhezOE2GET\" data-secret=\"vhezOE2GET\" width=\"500\" height=\"282\" frameborder=\"0\" marginwidth=\"0\" marginheight=\"0\" scrolling=\"no\"><\/iframe>\n<\/div><\/figure>\n\n\n\n<figure class=\"wp-block-embed is-type-wp-embed is-provider-i-2-intelig-ncia-artificial wp-block-embed-i-2-intelig-ncia-artificial\"><div class=\"wp-block-embed__wrapper\">\n<blockquote class=\"wp-embedded-content\" data-secret=\"1rLXEhpPGH\"><a href=\"https:\/\/treinamentolivre.com\/aluno01\/arquivos\/2026\">A estrat\u00e9gia do traficante de IA.<\/a><\/blockquote><iframe loading=\"lazy\" class=\"wp-embedded-content\" sandbox=\"allow-scripts\" security=\"restricted\" style=\"position: absolute; clip: rect(1px, 1px, 1px, 1px);\" title=\"&#8220;A estrat\u00e9gia do traficante de IA.&#8221; &#8212; I2 - Intelig\u00eancia Artificial\" src=\"https:\/\/treinamentolivre.com\/aluno01\/arquivos\/2026\/embed#?secret=KUvJVSEb8x#?secret=1rLXEhpPGH\" data-secret=\"1rLXEhpPGH\" width=\"500\" height=\"282\" frameborder=\"0\" marginwidth=\"0\" marginheight=\"0\" scrolling=\"no\"><\/iframe>\n<\/div><\/figure>\n\n\n\n<figure class=\"wp-block-embed is-type-wp-embed is-provider-instituto-imbuhy wp-block-embed-instituto-imbuhy\"><div class=\"wp-block-embed__wrapper\">\n<blockquote class=\"wp-embedded-content\" data-secret=\"AbMRxRxwqN\"><a href=\"https:\/\/treinamentolivre.com\/i2\/?p=548\">O kami da energia at\u00f4mica<\/a><\/blockquote><iframe loading=\"lazy\" class=\"wp-embedded-content\" sandbox=\"allow-scripts\" security=\"restricted\" style=\"position: absolute; clip: rect(1px, 1px, 1px, 1px);\" title=\"&#8220;O kami da energia at\u00f4mica&#8221; &#8212; INSTITUTO IMBUHY\" src=\"https:\/\/treinamentolivre.com\/i2\/?p=548&#038;embed=true#?secret=5SMre4mrKl#?secret=AbMRxRxwqN\" data-secret=\"AbMRxRxwqN\" width=\"500\" height=\"282\" frameborder=\"0\" marginwidth=\"0\" marginheight=\"0\" scrolling=\"no\"><\/iframe>\n<\/div><\/figure>\n","protected":false},"excerpt":{"rendered":"","protected":false},"author":1,"featured_media":0,"parent":0,"menu_order":0,"comment_status":"closed","ping_status":"closed","template":"","meta":{"footnotes":""},"class_list":["post-12","page","type-page","status-publish","hentry","excerpt"],"_links":{"self":[{"href":"https:\/\/treinamentolivre.com\/pc\/index.php?rest_route=\/wp\/v2\/pages\/12","targetHints":{"allow":["GET"]}}],"collection":[{"href":"https:\/\/treinamentolivre.com\/pc\/index.php?rest_route=\/wp\/v2\/pages"}],"about":[{"href":"https:\/\/treinamentolivre.com\/pc\/index.php?rest_route=\/wp\/v2\/types\/page"}],"author":[{"embeddable":true,"href":"https:\/\/treinamentolivre.com\/pc\/index.php?rest_route=\/wp\/v2\/users\/1"}],"replies":[{"embeddable":true,"href":"https:\/\/treinamentolivre.com\/pc\/index.php?rest_route=%2Fwp%2Fv2%2Fcomments&post=12"}],"version-history":[{"count":8,"href":"https:\/\/treinamentolivre.com\/pc\/index.php?rest_route=\/wp\/v2\/pages\/12\/revisions"}],"predecessor-version":[{"id":1156,"href":"https:\/\/treinamentolivre.com\/pc\/index.php?rest_route=\/wp\/v2\/pages\/12\/revisions\/1156"}],"wp:attachment":[{"href":"https:\/\/treinamentolivre.com\/pc\/index.php?rest_route=%2Fwp%2Fv2%2Fmedia&parent=12"}],"curies":[{"name":"wp","href":"https:\/\/api.w.org\/{rel}","templated":true}]}}