{"id":111,"date":"2024-04-01T10:45:42","date_gmt":"2024-04-01T13:45:42","guid":{"rendered":"https:\/\/treinamentolivre.com\/pc\/?page_id=111"},"modified":"2024-07-05T14:19:05","modified_gmt":"2024-07-05T17:19:05","slug":"java-avancado","status":"publish","type":"page","link":"https:\/\/treinamentolivre.com\/pc\/?page_id=111","title":{"rendered":"Java Avan\u00e7ado"},"content":{"rendered":"\n<p><a href=\"https:\/\/treinamentolivre.com\/pc\/wp-content\/uploads\/2024\/07\/certificado_paulo_cesar_dos_santos.pdf\" target=\"_blank\" rel=\"noreferrer noopener\">Conclu\u00eddo com sucesso<\/a> !<\/p>\n\n\n\n<p>O curso Java Avan\u00e7ado \u00e9 promovido pelo CNJ, pelo PNUD e pela Funda\u00e7\u00e3o Edson Queiroz &#8211; Universidade de Fortaleza. A Central de Atendimento pode ser acessada pelo telefone: (85) 3477.3000. Ele se destina a capacitar programadores no uso da tecnologia PDPJ, do CNJ.<br>O curso \u00e9 da pesada ! Muito bom. <\/p>\n\n\n\n<p>Estou projetando uma variante do curso, com algumas caracter\u00edsticas simplificadoras. Em breve estar\u00e1 dispon\u00edvel no <a href=\"https:\/\/treinamentolivre.com\/cursos\/course\/view.php?id=115\" target=\"_blank\" rel=\"noreferrer noopener\">site de cursos<\/a> do I2.<\/p>\n\n\n\n<p><\/p>\n","protected":false},"excerpt":{"rendered":"<p>Conclu\u00eddo com sucesso ! O curso Java Avan\u00e7ado \u00e9 promovido pelo CNJ, pelo PNUD e pela Funda\u00e7\u00e3o Edson Queiroz &#8211; Universidade de Fortaleza. A Central de Atendimento pode ser acessada&#8230;<\/p>\n<div class=\"more-link-wrapper\"><a class=\"more-link\" href=\"https:\/\/treinamentolivre.com\/pc\/?page_id=111\">Continuar a ler&#8230;<span class=\"screen-reader-text\">Java Avan\u00e7ado<\/span><\/a><\/div>\n","protected":false},"author":1,"featured_media":0,"parent":0,"menu_order":0,"comment_status":"closed","ping_status":"closed","template":"","meta":{"footnotes":""},"class_list":["post-111","page","type-page","status-publish","hentry","excerpt"],"_links":{"self":[{"href":"https:\/\/treinamentolivre.com\/pc\/index.php?rest_route=\/wp\/v2\/pages\/111","targetHints":{"allow":["GET"]}}],"collection":[{"href":"https:\/\/treinamentolivre.com\/pc\/index.php?rest_route=\/wp\/v2\/pages"}],"about":[{"href":"https:\/\/treinamentolivre.com\/pc\/index.php?rest_route=\/wp\/v2\/types\/page"}],"author":[{"embeddable":true,"href":"https:\/\/treinamentolivre.com\/pc\/index.php?rest_route=\/wp\/v2\/users\/1"}],"replies":[{"embeddable":true,"href":"https:\/\/treinamentolivre.com\/pc\/index.php?rest_route=%2Fwp%2Fv2%2Fcomments&post=111"}],"version-history":[{"count":9,"href":"https:\/\/treinamentolivre.com\/pc\/index.php?rest_route=\/wp\/v2\/pages\/111\/revisions"}],"predecessor-version":[{"id":434,"href":"https:\/\/treinamentolivre.com\/pc\/index.php?rest_route=\/wp\/v2\/pages\/111\/revisions\/434"}],"wp:attachment":[{"href":"https:\/\/treinamentolivre.com\/pc\/index.php?rest_route=%2Fwp%2Fv2%2Fmedia&parent=111"}],"curies":[{"name":"wp","href":"https:\/\/api.w.org\/{rel}","templated":true}]}}