{"id":569,"date":"2024-02-07T10:34:31","date_gmt":"2024-02-07T13:34:31","guid":{"rendered":"https:\/\/treinamentolivre.com\/?page_id=569"},"modified":"2024-02-07T10:50:54","modified_gmt":"2024-02-07T13:50:54","slug":"hali-omani","status":"publish","type":"page","link":"https:\/\/treinamentolivre.com\/?page_id=569","title":{"rendered":"Hali Omani"},"content":{"rendered":"\n<blockquote class=\"wp-block-quote is-layout-flow wp-block-quote-is-layout-flow\">\n<p>Os arianos europeus e asi\u00e1ticos ainda t\u00eam em comum os nomes dos animais, mas quase nenhum nome de plantas cultivadas.<\/p>\n\n\n\n<p>Friedrich Engels, &#8220;A origem da fam\u00edlia, da propriedade privada e do Estado&#8221; &#8211; cap. I.<\/p>\n\n\n\n<p>Ol\u00e1 ! Eu sou o Dr. Hali Omani e tamb\u00e9m sou um personagem de Isaac Asimov. Hali \u00e9 um psic\u00f3logo do conto &#8220;A Profiss\u00e3o&#8221;, da obra &#8220;Nove Amanh\u00e3s&#8221;. Num mundo no qual as profiss\u00f5es s\u00e3o aprendidas de modo instant\u00e2neo atrav\u00e9s de grava\u00e7\u00e3o cerebral, realizada em grandes eventos, h\u00e1 pessoas que n\u00e3o se adaptam ao processo. Muitos creem que elas s\u00e3o deficientes, mas o Dr. Hali sabe que elas s\u00e3o superdotadas e capazes de grande criatividade. \u00c0 medida em que a hist\u00f3ria evolui, vamos descobrir um fato inusitado de grande impacto social.<\/p>\n\n\n\n<p>Entre o Dr. Hali e este autor que vos escreve, n\u00e3o h\u00e1 muitas diferen\u00e7as. Assim, adotei essa alcunha mas os fatos sobre mim s\u00e3o reais. O que leio, o que escrevo, o que fa\u00e7o quando estou ca\u00e7ando e apoiando talentos &#8211; tudo isso \u00e9 muito real.<\/p>\n\n\n\n<p><\/p>\n<\/blockquote>\n","protected":false},"excerpt":{"rendered":"<p>Os arianos europeus e asi\u00e1ticos ainda t\u00eam em comum os nomes dos animais, mas quase nenhum nome de plantas cultivadas. Friedrich Engels, &#8220;A origem da fam\u00edlia, da propriedade privada e do Estado&#8221; &#8211; cap. I. Ol\u00e1 ! Eu sou o Dr. Hali Omani e tamb\u00e9m sou um personagem de Isaac Asimov. Hali \u00e9 um psic\u00f3logo &hellip; <\/p>\n<p class=\"link-more\"><a href=\"https:\/\/treinamentolivre.com\/?page_id=569\" class=\"more-link\">Continue lendo<span class=\"screen-reader-text\"> &#8220;Hali Omani&#8221;<\/span><\/a><\/p>\n","protected":false},"author":2,"featured_media":0,"parent":0,"menu_order":0,"comment_status":"closed","ping_status":"closed","template":"","meta":{"footnotes":""},"class_list":["post-569","page","type-page","status-publish","hentry"],"_links":{"self":[{"href":"https:\/\/treinamentolivre.com\/index.php?rest_route=\/wp\/v2\/pages\/569","targetHints":{"allow":["GET"]}}],"collection":[{"href":"https:\/\/treinamentolivre.com\/index.php?rest_route=\/wp\/v2\/pages"}],"about":[{"href":"https:\/\/treinamentolivre.com\/index.php?rest_route=\/wp\/v2\/types\/page"}],"author":[{"embeddable":true,"href":"https:\/\/treinamentolivre.com\/index.php?rest_route=\/wp\/v2\/users\/2"}],"replies":[{"embeddable":true,"href":"https:\/\/treinamentolivre.com\/index.php?rest_route=%2Fwp%2Fv2%2Fcomments&post=569"}],"version-history":[{"count":3,"href":"https:\/\/treinamentolivre.com\/index.php?rest_route=\/wp\/v2\/pages\/569\/revisions"}],"predecessor-version":[{"id":575,"href":"https:\/\/treinamentolivre.com\/index.php?rest_route=\/wp\/v2\/pages\/569\/revisions\/575"}],"wp:attachment":[{"href":"https:\/\/treinamentolivre.com\/index.php?rest_route=%2Fwp%2Fv2%2Fmedia&parent=569"}],"curies":[{"name":"wp","href":"https:\/\/api.w.org\/{rel}","templated":true}]}}