{"id":511,"date":"2023-10-23T11:19:11","date_gmt":"2023-10-23T14:19:11","guid":{"rendered":"https:\/\/treinamentolivre.com\/?page_id=511"},"modified":"2023-10-23T11:25:27","modified_gmt":"2023-10-23T14:25:27","slug":"fisica","status":"publish","type":"page","link":"https:\/\/treinamentolivre.com\/?page_id=511","title":{"rendered":"F\u00edsica"},"content":{"rendered":"\n<blockquote class=\"wp-block-quote is-layout-flow wp-block-quote-is-layout-flow\">\n<p><\/p>\n<cite>Estamos ministrado um curso de f\u00edsica para ensino m\u00e9dio Turma ENEM, a pedido do Pr\u00e9-Vestibular Social Adelaide Barbosa.<br>No o ano que vem, o curso estar\u00e1 dispon\u00edvel para o p\u00fablico em geral. <br>Se tiver interesse, <a href=\"https:\/\/treinamentolivre.com\/?page_id=268\" target=\"_blank\" rel=\"noreferrer noopener\">entre em contato<\/a> conosco.<\/cite><\/blockquote>\n\n\n\n<p><\/p>\n\n\n\n<p>Para dar uma olhada no curso atual, acesse a p\u00e1gina do <a href=\"https:\/\/treinamentolivre.com\/adelaide\" target=\"_blank\" rel=\"noreferrer noopener\">PVS<\/a>.<\/p>\n","protected":false},"excerpt":{"rendered":"<p>Estamos ministrado um curso de f\u00edsica para ensino m\u00e9dio Turma ENEM, a pedido do Pr\u00e9-Vestibular Social Adelaide Barbosa.No o ano que vem, o curso estar\u00e1 dispon\u00edvel para o p\u00fablico em geral. Se tiver interesse, entre em contato conosco. Para dar uma olhada no curso atual, acesse a p\u00e1gina do PVS.<\/p>\n","protected":false},"author":1,"featured_media":0,"parent":0,"menu_order":0,"comment_status":"closed","ping_status":"closed","template":"","meta":{"footnotes":""},"class_list":["post-511","page","type-page","status-publish","hentry"],"_links":{"self":[{"href":"https:\/\/treinamentolivre.com\/index.php?rest_route=\/wp\/v2\/pages\/511","targetHints":{"allow":["GET"]}}],"collection":[{"href":"https:\/\/treinamentolivre.com\/index.php?rest_route=\/wp\/v2\/pages"}],"about":[{"href":"https:\/\/treinamentolivre.com\/index.php?rest_route=\/wp\/v2\/types\/page"}],"author":[{"embeddable":true,"href":"https:\/\/treinamentolivre.com\/index.php?rest_route=\/wp\/v2\/users\/1"}],"replies":[{"embeddable":true,"href":"https:\/\/treinamentolivre.com\/index.php?rest_route=%2Fwp%2Fv2%2Fcomments&post=511"}],"version-history":[{"count":3,"href":"https:\/\/treinamentolivre.com\/index.php?rest_route=\/wp\/v2\/pages\/511\/revisions"}],"predecessor-version":[{"id":516,"href":"https:\/\/treinamentolivre.com\/index.php?rest_route=\/wp\/v2\/pages\/511\/revisions\/516"}],"wp:attachment":[{"href":"https:\/\/treinamentolivre.com\/index.php?rest_route=%2Fwp%2Fv2%2Fmedia&parent=511"}],"curies":[{"name":"wp","href":"https:\/\/api.w.org\/{rel}","templated":true}]}}