{"id":465,"date":"2023-09-07T10:25:39","date_gmt":"2023-09-07T13:25:39","guid":{"rendered":"https:\/\/treinamentolivre.com\/?page_id=465"},"modified":"2023-09-07T15:47:51","modified_gmt":"2023-09-07T18:47:51","slug":"tce-rj-2023","status":"publish","type":"page","link":"https:\/\/treinamentolivre.com\/?page_id=465","title":{"rendered":"TCE\/RJ 2023"},"content":{"rendered":"\n<p><strong>Objetivo<\/strong><\/p>\n\n\n\n<p>Estamos habilitando at\u00e9 cinco candidatos(as) para disputarem vagas no concurso TCE\/RJ 2023. Essas vagas podem ser para t\u00e9cnico ou analista. No caso do cargo de analista, estamos apenas interessados no cargo que admitir diplomas de nivel superior de qualquer \u00e1rea. N\u00e3o pretendemos abordar cargos para direito, contabilidade ou TI.<\/p>\n\n\n\n<p><strong>Quem pode fazer<\/strong><\/p>\n\n\n\n<p>Qualquer pessoa, nas condi\u00e7\u00f5es v\u00e1lidas no Edital do TCE 2020 e 2023.<\/p>\n\n\n\n<p><strong>O que nosso treinamento oferece<\/strong><\/p>\n\n\n\n<p>. Material digital ou impresso para estudos.<\/p>\n\n\n\n<p>. Indica\u00e7\u00f5es de livros.<br>. Informa\u00e7\u00f5es exclusivas para boa performance nas provas e nos estudos.<br>. Assessoria de ex-servidores do TCE<br>. Plataforma de conte\u00fado EAD.<br>. Servi\u00e7o de videoconfer\u00eancia exclusivo.<br>. Gratuidade total.<\/p>\n\n\n\n<p><strong>O que esperamos dos (as) candidatos(as) ?<\/strong><\/p>\n\n\n\n<p>. Disposi\u00e7\u00e3o para mudar certos h\u00e1bitos de vida, em prol de um aumento de possibilidade de sucesso no concurso.<br>. Dedica\u00e7\u00e3o e confian\u00e7a em nossa equipe.<br>. Feedback ( retorno ).: Queremos que todos(as) sempre manifestem, apresentem cr\u00edticas e sugest\u00f5es \u00fateis para a melhoria do curso e sucesso de todos(as).<br>. Participa\u00e7\u00e3o em iniciativas de promo\u00e7\u00e3o do curso, atrav\u00e9s de depoimentos,antes, durante e depois das provas, inclusive ap\u00f3s a assun\u00e7\u00e3o dos aprovados nos cargos.<\/p>\n\n\n\n<p><\/p>\n\n\n\n<p><strong>Como participar ?<\/strong><\/p>\n\n\n\n<p><a href=\"https:\/\/treinamentolivre.com\/?page_id=268\" target=\"_blank\" rel=\"noreferrer noopener\">Fale conosco !<\/a><\/p>\n","protected":false},"excerpt":{"rendered":"<p>Objetivo Estamos habilitando at\u00e9 cinco candidatos(as) para disputarem vagas no concurso TCE\/RJ 2023. Essas vagas podem ser para t\u00e9cnico ou analista. No caso do cargo de analista, estamos apenas interessados no cargo que admitir diplomas de nivel superior de qualquer \u00e1rea. N\u00e3o pretendemos abordar cargos para direito, contabilidade ou TI. Quem pode fazer Qualquer pessoa, &hellip; <\/p>\n<p class=\"link-more\"><a href=\"https:\/\/treinamentolivre.com\/?page_id=465\" class=\"more-link\">Continue lendo<span class=\"screen-reader-text\"> &#8220;TCE\/RJ 2023&#8221;<\/span><\/a><\/p>\n","protected":false},"author":1,"featured_media":0,"parent":0,"menu_order":0,"comment_status":"closed","ping_status":"closed","template":"","meta":{"footnotes":""},"class_list":["post-465","page","type-page","status-publish","hentry"],"_links":{"self":[{"href":"https:\/\/treinamentolivre.com\/index.php?rest_route=\/wp\/v2\/pages\/465","targetHints":{"allow":["GET"]}}],"collection":[{"href":"https:\/\/treinamentolivre.com\/index.php?rest_route=\/wp\/v2\/pages"}],"about":[{"href":"https:\/\/treinamentolivre.com\/index.php?rest_route=\/wp\/v2\/types\/page"}],"author":[{"embeddable":true,"href":"https:\/\/treinamentolivre.com\/index.php?rest_route=\/wp\/v2\/users\/1"}],"replies":[{"embeddable":true,"href":"https:\/\/treinamentolivre.com\/index.php?rest_route=%2Fwp%2Fv2%2Fcomments&post=465"}],"version-history":[{"count":8,"href":"https:\/\/treinamentolivre.com\/index.php?rest_route=\/wp\/v2\/pages\/465\/revisions"}],"predecessor-version":[{"id":497,"href":"https:\/\/treinamentolivre.com\/index.php?rest_route=\/wp\/v2\/pages\/465\/revisions\/497"}],"wp:attachment":[{"href":"https:\/\/treinamentolivre.com\/index.php?rest_route=%2Fwp%2Fv2%2Fmedia&parent=465"}],"curies":[{"name":"wp","href":"https:\/\/api.w.org\/{rel}","templated":true}]}}