{"id":46,"date":"2020-07-04T10:00:24","date_gmt":"2020-07-04T13:00:24","guid":{"rendered":"http:\/\/treinamentolivre.com\/?page_id=46"},"modified":"2023-10-23T12:47:23","modified_gmt":"2023-10-23T15:47:23","slug":"cursos","status":"publish","type":"page","link":"https:\/\/treinamentolivre.com\/?page_id=46","title":{"rendered":"Cursos"},"content":{"rendered":"\n<ul class=\"wp-block-list\">\n<li>WordPress: curso est\u00e1 homologado pelo I2 e <a rel=\"noreferrer noopener\" href=\"https:\/\/treinamentolivre.com\/cursos\/course\/view.php?id=9\" target=\"_blank\">dispon\u00edvel para o publico<\/a> .<\/li>\n<\/ul>\n\n\n\n<ul class=\"wp-block-list\">\n<li>Javascript: O curso est\u00e1 em fase de homologa\u00e7\u00e3o.<\/li>\n<\/ul>\n\n\n\n<ul class=\"wp-block-list\">\n<li>Java: O curso est\u00e1 em fase de elabora\u00e7\u00e3o.<\/li>\n\n\n\n<li>Todos os cursos possuem <em>hotline<\/em> no hor\u00e1rio de 08:00 \u00e0s 20:00 h. Voc\u00ea manda mensagem e os monitores respondem r\u00e1pido.<\/li>\n<\/ul>\n\n\n\n<p><\/p>\n\n\n\n<p><\/p>\n\n\n\n<p> <\/p>\n","protected":false},"excerpt":{"rendered":"","protected":false},"author":1,"featured_media":0,"parent":6,"menu_order":0,"comment_status":"closed","ping_status":"closed","template":"","meta":{"footnotes":""},"class_list":["post-46","page","type-page","status-publish","hentry"],"_links":{"self":[{"href":"https:\/\/treinamentolivre.com\/index.php?rest_route=\/wp\/v2\/pages\/46","targetHints":{"allow":["GET"]}}],"collection":[{"href":"https:\/\/treinamentolivre.com\/index.php?rest_route=\/wp\/v2\/pages"}],"about":[{"href":"https:\/\/treinamentolivre.com\/index.php?rest_route=\/wp\/v2\/types\/page"}],"author":[{"embeddable":true,"href":"https:\/\/treinamentolivre.com\/index.php?rest_route=\/wp\/v2\/users\/1"}],"replies":[{"embeddable":true,"href":"https:\/\/treinamentolivre.com\/index.php?rest_route=%2Fwp%2Fv2%2Fcomments&post=46"}],"version-history":[{"count":11,"href":"https:\/\/treinamentolivre.com\/index.php?rest_route=\/wp\/v2\/pages\/46\/revisions"}],"predecessor-version":[{"id":530,"href":"https:\/\/treinamentolivre.com\/index.php?rest_route=\/wp\/v2\/pages\/46\/revisions\/530"}],"up":[{"embeddable":true,"href":"https:\/\/treinamentolivre.com\/index.php?rest_route=\/wp\/v2\/pages\/6"}],"wp:attachment":[{"href":"https:\/\/treinamentolivre.com\/index.php?rest_route=%2Fwp%2Fv2%2Fmedia&parent=46"}],"curies":[{"name":"wp","href":"https:\/\/api.w.org\/{rel}","templated":true}]}}