{"id":42,"date":"2020-07-04T09:49:39","date_gmt":"2020-07-04T12:49:39","guid":{"rendered":"http:\/\/treinamentolivre.com\/?page_id=42"},"modified":"2023-10-23T11:26:34","modified_gmt":"2023-10-23T14:26:34","slug":"wordpress","status":"publish","type":"page","link":"https:\/\/treinamentolivre.com\/?page_id=42","title":{"rendered":"WordPress"},"content":{"rendered":"\n<figure class=\"wp-block-image\"><img decoding=\"async\" src=\"http:\/\/i23.hospedagemdesites.ws\/i2\/wp-content\/uploads\/2020\/06\/wp.jpg\" alt=\"\"\/><\/figure>\n\n\n\n<p>O WordPress foi criado em 2003 por Matt Mullenweg em PHP, baseado no projeto b2, de Michel Valdrigh. Hoje, colaboram no n\u00facleo do programa Ryan Boren, Donncha O Caoimh, al\u00e9m de uma legi\u00e3o de entusiastas. WordPress \u00e9 f\u00e1cil de instalar e de usar, Sua curva de aprendizado com o tempo \u00e9 alt\u00edssima, possibilitando ao ne\u00f3fito criar conte\u00fados de modo muito r\u00e1pido e profissional. O backend do WordPress baseia-se no banco de dados MySQL.<\/p>\n\n\n\n<p>O usu\u00e1rio do WordPress deve ter em mente que o importante \u00e9 o conte\u00fado e n\u00e3o a forma. A qualquer momento o jeito como seu site se comporta na exibi\u00e7\u00e3o e na edi\u00e7\u00e3o pode mudar, devido a uma atualiza\u00e7\u00e3o de vers\u00e3o (que voc\u00ea precisa realmente para corrigir falhas). O administrador do site precisar\u00e1 atualizar a vers\u00e3o do PHP, por exemplo, ou ser\u00e1 obrigado a usar o novo (em junho\/2020) editor Gutenberg; enfim, usar o WordPress gratuito n\u00e3o nos livra de constante atualiza\u00e7\u00e3o e adapta\u00e7\u00e3o.<\/p>\n\n\n\n<p>O WordPress tem a propriedade de transformar qualquer pessoa em um dono de jornal, gra\u00e7as \u00e0 f\u00e1cil manipula\u00e7\u00e3o de artigos e a flexibilidade em sua exibi\u00e7\u00e3o. As ONGs nacionais e estrangeiras descobriram o poder do WordPress ao us\u00e1-lo em seus sites. <\/p>\n\n\n\n<p>Existe a op\u00e7\u00e3o de usar os servi\u00e7os pagos de WordPress.com. Ali, as atualiza\u00e7\u00f5es s\u00e3o feitas automaticamente pela equipe da Automatic, mas se voc\u00ea quiser instalar plugins (e vai precisar) ter\u00e1 de assinar a vers\u00e3o corporativa do servi\u00e7o, a um custo aproximado de US$ 120,00 por m\u00eas.<\/p>\n\n\n\n<p>\u00c9 aconselh\u00e1vel que o administrador de um site WordPress conhe\u00e7a bem a linguagem HTML. O usu\u00e1rio comum do site n\u00e3o precisa, mas em v\u00e1rios momentos (inclusive na mudan\u00e7a de vers\u00e3o) o administrador precisar\u00e1 usar o HTML para obter o que o usu\u00e1rio precisa.<\/p>\n\n\n\n<p><\/p>\n\n\n\n<p><a href=\"https:\/\/treinamentolivre.com\/?page_id=268\">Entre em contato<\/a> para maiores informa\u00e7\u00f5es.<\/p>\n","protected":false},"excerpt":{"rendered":"<p>O WordPress foi criado em 2003 por Matt Mullenweg em PHP, baseado no projeto b2, de Michel Valdrigh. Hoje, colaboram no n\u00facleo do programa Ryan Boren, Donncha O Caoimh, al\u00e9m de uma legi\u00e3o de entusiastas. WordPress \u00e9 f\u00e1cil de instalar e de usar, Sua curva de aprendizado com o tempo \u00e9 alt\u00edssima, possibilitando ao ne\u00f3fito &hellip; <\/p>\n<p class=\"link-more\"><a href=\"https:\/\/treinamentolivre.com\/?page_id=42\" class=\"more-link\">Continue lendo<span class=\"screen-reader-text\"> &#8220;WordPress&#8221;<\/span><\/a><\/p>\n","protected":false},"author":1,"featured_media":0,"parent":46,"menu_order":0,"comment_status":"closed","ping_status":"closed","template":"","meta":{"footnotes":""},"class_list":["post-42","page","type-page","status-publish","hentry"],"_links":{"self":[{"href":"https:\/\/treinamentolivre.com\/index.php?rest_route=\/wp\/v2\/pages\/42","targetHints":{"allow":["GET"]}}],"collection":[{"href":"https:\/\/treinamentolivre.com\/index.php?rest_route=\/wp\/v2\/pages"}],"about":[{"href":"https:\/\/treinamentolivre.com\/index.php?rest_route=\/wp\/v2\/types\/page"}],"author":[{"embeddable":true,"href":"https:\/\/treinamentolivre.com\/index.php?rest_route=\/wp\/v2\/users\/1"}],"replies":[{"embeddable":true,"href":"https:\/\/treinamentolivre.com\/index.php?rest_route=%2Fwp%2Fv2%2Fcomments&post=42"}],"version-history":[{"count":8,"href":"https:\/\/treinamentolivre.com\/index.php?rest_route=\/wp\/v2\/pages\/42\/revisions"}],"predecessor-version":[{"id":517,"href":"https:\/\/treinamentolivre.com\/index.php?rest_route=\/wp\/v2\/pages\/42\/revisions\/517"}],"up":[{"embeddable":true,"href":"https:\/\/treinamentolivre.com\/index.php?rest_route=\/wp\/v2\/pages\/46"}],"wp:attachment":[{"href":"https:\/\/treinamentolivre.com\/index.php?rest_route=%2Fwp%2Fv2%2Fmedia&parent=42"}],"curies":[{"name":"wp","href":"https:\/\/api.w.org\/{rel}","templated":true}]}}