{"id":36,"date":"2020-07-03T18:50:14","date_gmt":"2020-07-03T21:50:14","guid":{"rendered":"http:\/\/treinamentolivre.com\/?page_id=36"},"modified":"2020-07-16T20:18:54","modified_gmt":"2020-07-16T23:18:54","slug":"sobre-nos","status":"publish","type":"page","link":"https:\/\/treinamentolivre.com\/?page_id=36","title":{"rendered":"Sobre n\u00f3s"},"content":{"rendered":"\n<p>Somos uma organiza\u00e7\u00e3o educacional, ligada ao <a href=\"http:\/\/imbuhy.com\">Instituto Imbuhy<\/a> (I2). Administramos os cursos do I2, cuidando do planejamento, conte\u00fado, cadastro de alunos, estat\u00edsticas, evolu\u00e7\u00e3o e tudo o que for necess\u00e1rio para que os egressos dos treinamentos possam se colocar competitivamente no mercado.<\/p>\n\n\n\n<p>Uma de nossas preocupa\u00e7\u00f5es \u00e9 sobre como vai ser o futuro e como nossos estudantes se inserem nele. Assim, temos um setor no curso que se chama &#8220;tend\u00eancias&#8221;. Essas vis\u00f5es est\u00e3o no passado e no presente, propiciando reflex\u00f5es sobre as tend\u00eancias de nosso mundo.<\/p>\n\n\n\n<p> <\/p>\n","protected":false},"excerpt":{"rendered":"<p>Somos uma organiza\u00e7\u00e3o educacional, ligada ao Instituto Imbuhy (I2). Administramos os cursos do I2, cuidando do planejamento, conte\u00fado, cadastro de alunos, estat\u00edsticas, evolu\u00e7\u00e3o e tudo o que for necess\u00e1rio para que os egressos dos treinamentos possam se colocar competitivamente no mercado. Uma de nossas preocupa\u00e7\u00f5es \u00e9 sobre como vai ser o futuro e como nossos &hellip; <\/p>\n<p class=\"link-more\"><a href=\"https:\/\/treinamentolivre.com\/?page_id=36\" class=\"more-link\">Continue lendo<span class=\"screen-reader-text\"> &#8220;Sobre n\u00f3s&#8221;<\/span><\/a><\/p>\n","protected":false},"author":1,"featured_media":0,"parent":6,"menu_order":9,"comment_status":"closed","ping_status":"closed","template":"","meta":{"footnotes":""},"class_list":["post-36","page","type-page","status-publish","hentry"],"_links":{"self":[{"href":"https:\/\/treinamentolivre.com\/index.php?rest_route=\/wp\/v2\/pages\/36","targetHints":{"allow":["GET"]}}],"collection":[{"href":"https:\/\/treinamentolivre.com\/index.php?rest_route=\/wp\/v2\/pages"}],"about":[{"href":"https:\/\/treinamentolivre.com\/index.php?rest_route=\/wp\/v2\/types\/page"}],"author":[{"embeddable":true,"href":"https:\/\/treinamentolivre.com\/index.php?rest_route=\/wp\/v2\/users\/1"}],"replies":[{"embeddable":true,"href":"https:\/\/treinamentolivre.com\/index.php?rest_route=%2Fwp%2Fv2%2Fcomments&post=36"}],"version-history":[{"count":4,"href":"https:\/\/treinamentolivre.com\/index.php?rest_route=\/wp\/v2\/pages\/36\/revisions"}],"predecessor-version":[{"id":238,"href":"https:\/\/treinamentolivre.com\/index.php?rest_route=\/wp\/v2\/pages\/36\/revisions\/238"}],"up":[{"embeddable":true,"href":"https:\/\/treinamentolivre.com\/index.php?rest_route=\/wp\/v2\/pages\/6"}],"wp:attachment":[{"href":"https:\/\/treinamentolivre.com\/index.php?rest_route=%2Fwp%2Fv2%2Fmedia&parent=36"}],"curies":[{"name":"wp","href":"https:\/\/api.w.org\/{rel}","templated":true}]}}