{"id":278,"date":"2020-09-06T13:40:46","date_gmt":"2020-09-06T16:40:46","guid":{"rendered":"http:\/\/treinamentolivre.com\/?page_id=278"},"modified":"2020-09-06T16:45:12","modified_gmt":"2020-09-06T19:45:12","slug":"valores","status":"publish","type":"page","link":"https:\/\/treinamentolivre.com\/?page_id=278","title":{"rendered":"Valores"},"content":{"rendered":"\n<p>Nossos valores s\u00e3o:<\/p>\n\n\n\n<ul class=\"wp-block-list\"><li>O respeito aos <a rel=\"noreferrer noopener\" href=\"https:\/\/nacoesunidas.org\/direitoshumanos\/declaracao\/\" target=\"_blank\">direitos humanos<\/a><\/li><li>A <a href=\"https:\/\/nacoesunidas.org\/pos2015\/agenda2030\/\" target=\"_blank\" rel=\"noreferrer noopener\">preserva\u00e7\u00e3o <\/a>da natureza e do meio-ambiente<\/li><li>O respeito \u00e0 diferen\u00e7a e ao compartilhamento de culturas<\/li><li>O est\u00edmulo da realiza\u00e7\u00e3o de sonhos e a esperan\u00e7a<\/li><li>O est\u00edmulo \u00e0 criatividade<\/li><li>A legalidade e a \u00e9tica<\/li><\/ul>\n\n\n\n<p><\/p>\n","protected":false},"excerpt":{"rendered":"<p>Nossos valores s\u00e3o: O respeito aos direitos humanos A preserva\u00e7\u00e3o da natureza e do meio-ambiente O respeito \u00e0 diferen\u00e7a e ao compartilhamento de culturas O est\u00edmulo da realiza\u00e7\u00e3o de sonhos e a esperan\u00e7a O est\u00edmulo \u00e0 criatividade A legalidade e a \u00e9tica<\/p>\n","protected":false},"author":1,"featured_media":0,"parent":0,"menu_order":0,"comment_status":"closed","ping_status":"closed","template":"","meta":{"footnotes":""},"class_list":["post-278","page","type-page","status-publish","hentry"],"_links":{"self":[{"href":"https:\/\/treinamentolivre.com\/index.php?rest_route=\/wp\/v2\/pages\/278","targetHints":{"allow":["GET"]}}],"collection":[{"href":"https:\/\/treinamentolivre.com\/index.php?rest_route=\/wp\/v2\/pages"}],"about":[{"href":"https:\/\/treinamentolivre.com\/index.php?rest_route=\/wp\/v2\/types\/page"}],"author":[{"embeddable":true,"href":"https:\/\/treinamentolivre.com\/index.php?rest_route=\/wp\/v2\/users\/1"}],"replies":[{"embeddable":true,"href":"https:\/\/treinamentolivre.com\/index.php?rest_route=%2Fwp%2Fv2%2Fcomments&post=278"}],"version-history":[{"count":7,"href":"https:\/\/treinamentolivre.com\/index.php?rest_route=\/wp\/v2\/pages\/278\/revisions"}],"predecessor-version":[{"id":293,"href":"https:\/\/treinamentolivre.com\/index.php?rest_route=\/wp\/v2\/pages\/278\/revisions\/293"}],"wp:attachment":[{"href":"https:\/\/treinamentolivre.com\/index.php?rest_route=%2Fwp%2Fv2%2Fmedia&parent=278"}],"curies":[{"name":"wp","href":"https:\/\/api.w.org\/{rel}","templated":true}]}}