{"id":240,"date":"2020-07-30T15:33:57","date_gmt":"2020-07-30T18:33:57","guid":{"rendered":"http:\/\/treinamentolivre.com\/?page_id=240"},"modified":"2023-10-23T11:35:03","modified_gmt":"2023-10-23T14:35:03","slug":"videoconferencias-e-lives","status":"publish","type":"page","link":"https:\/\/treinamentolivre.com\/?page_id=240","title":{"rendered":"Videoconfer\u00eancias e lives"},"content":{"rendered":"\n<p>H\u00e1 dezenas de solu\u00e7\u00f5es de videoconfer\u00eancia no mercado, algumas pagas outras gratuitas, outras h\u00edbridas. A Covid-19 trouxe epis\u00f3dios de confinamento e obrigatoriedade de trabalho em <em>home-office<\/em>. Patr\u00f5es e empregados passaram a perceber como as videoconfer\u00eancias s\u00e3o essenciais na vida empresarial p\u00fablica e privada. Al\u00e9m disso, apresenta\u00e7\u00f5es ao vivo &#8211; <em>lives<\/em> e <em>webminars<\/em> &#8211; se tornaram essenciais na promo\u00e7\u00e3o de neg\u00f3cios e no aumento da visibilidade da organiza\u00e7\u00e3o para o p\u00fablico. <\/p>\n\n\n\n<p>Neste curso, abordamos algumas ferramentas  de videoconfer\u00eancia na web como Cisco \/ Webex, Zoom e Google Meet. Mostraremos a integra\u00e7\u00e3o das ferramentas com codecs (equipamentos de videoconfer\u00eancia espec\u00edficos para a fun\u00e7\u00e3o). Al\u00e9m disso, mostramos como criar canais, carregar v\u00eddeos, criar playlists e realizar lives no Youtube, para o aumento da produtividade da organiza\u00e7\u00e3o.<\/p>\n\n\n\n<p>O curso \u00e9 formatado para atender ao servi\u00e7o p\u00fablico  e a iniciativa privada, ao p\u00fablico leigo com acesso aos recursos de videoconfer\u00eancia. Serve tamb\u00e9m para a forma\u00e7\u00e3o opcional de profissionais de videoconfer\u00eancia, atrav\u00e9s das pesquisas complementares opcionais,  supervisionadas pelo instrutor.<\/p>\n\n\n\n<p><\/p>\n\n\n\n<p><strong>ATEN\u00c7\u00c3O: DEVIDO AOS CUSTOS OPERACIONAIS, ESTE CURSO N\u00c3O \u00c9 GRATUITO !<\/strong><\/p>\n\n\n\n<p><a href=\"https:\/\/treinamentolivre.com\/?page_id=268\">Entre em contato<\/a> para mais informa\u00e7\u00f5es.<\/p>\n\n\n\n<p><\/p>\n","protected":false},"excerpt":{"rendered":"<p>H\u00e1 dezenas de solu\u00e7\u00f5es de videoconfer\u00eancia no mercado, algumas pagas outras gratuitas, outras h\u00edbridas. A Covid-19 trouxe epis\u00f3dios de confinamento e obrigatoriedade de trabalho em home-office. Patr\u00f5es e empregados passaram a perceber como as videoconfer\u00eancias s\u00e3o essenciais na vida empresarial p\u00fablica e privada. Al\u00e9m disso, apresenta\u00e7\u00f5es ao vivo &#8211; lives e webminars &#8211; se tornaram &hellip; <\/p>\n<p class=\"link-more\"><a href=\"https:\/\/treinamentolivre.com\/?page_id=240\" class=\"more-link\">Continue lendo<span class=\"screen-reader-text\"> &#8220;Videoconfer\u00eancias e lives&#8221;<\/span><\/a><\/p>\n","protected":false},"author":1,"featured_media":0,"parent":0,"menu_order":0,"comment_status":"closed","ping_status":"closed","template":"","meta":{"footnotes":""},"class_list":["post-240","page","type-page","status-publish","hentry"],"_links":{"self":[{"href":"https:\/\/treinamentolivre.com\/index.php?rest_route=\/wp\/v2\/pages\/240","targetHints":{"allow":["GET"]}}],"collection":[{"href":"https:\/\/treinamentolivre.com\/index.php?rest_route=\/wp\/v2\/pages"}],"about":[{"href":"https:\/\/treinamentolivre.com\/index.php?rest_route=\/wp\/v2\/types\/page"}],"author":[{"embeddable":true,"href":"https:\/\/treinamentolivre.com\/index.php?rest_route=\/wp\/v2\/users\/1"}],"replies":[{"embeddable":true,"href":"https:\/\/treinamentolivre.com\/index.php?rest_route=%2Fwp%2Fv2%2Fcomments&post=240"}],"version-history":[{"count":12,"href":"https:\/\/treinamentolivre.com\/index.php?rest_route=\/wp\/v2\/pages\/240\/revisions"}],"predecessor-version":[{"id":528,"href":"https:\/\/treinamentolivre.com\/index.php?rest_route=\/wp\/v2\/pages\/240\/revisions\/528"}],"wp:attachment":[{"href":"https:\/\/treinamentolivre.com\/index.php?rest_route=%2Fwp%2Fv2%2Fmedia&parent=240"}],"curies":[{"name":"wp","href":"https:\/\/api.w.org\/{rel}","templated":true}]}}