{"id":227,"date":"2020-07-12T11:32:10","date_gmt":"2020-07-12T14:32:10","guid":{"rendered":"http:\/\/treinamentolivre.com\/?page_id=227"},"modified":"2023-10-23T11:31:18","modified_gmt":"2023-10-23T14:31:18","slug":"ingles-i","status":"publish","type":"page","link":"https:\/\/treinamentolivre.com\/?page_id=227","title":{"rendered":"Ingl\u00eas I"},"content":{"rendered":"\n<p>Nosso objetivo \u00e9 propiciar um curso introdut\u00f3rio de ingl\u00eas que seja interessante at\u00e9 para que j\u00e1 fala, que capacite o profissional de TI leigo a trabalhar com equipes estrangeiras e que d\u00ea uma vis\u00e3o hist\u00f3rica da l\u00edngua e das culturas.<\/p>\n\n\n\n<p>O ensino \u00e9 baseado em t\u00e9cnicas de ci\u00eancia neural &#8211; nossos monitores s\u00e3o alunos da UERJ\/Letras Portugu\u00eas-Ingl\u00eas.<\/p>\n\n\n\n<p><a href=\"https:\/\/treinamentolivre.com\/?page_id=268\">Entre em contato<\/a> para mais informa\u00e7\u00f5es.<\/p>\n\n\n\n<p><\/p>\n","protected":false},"excerpt":{"rendered":"<p>Nosso objetivo \u00e9 propiciar um curso introdut\u00f3rio de ingl\u00eas que seja interessante at\u00e9 para que j\u00e1 fala, que capacite o profissional de TI leigo a trabalhar com equipes estrangeiras e que d\u00ea uma vis\u00e3o hist\u00f3rica da l\u00edngua e das culturas. O ensino \u00e9 baseado em t\u00e9cnicas de ci\u00eancia neural &#8211; nossos monitores s\u00e3o alunos da &hellip; <\/p>\n<p class=\"link-more\"><a href=\"https:\/\/treinamentolivre.com\/?page_id=227\" class=\"more-link\">Continue lendo<span class=\"screen-reader-text\"> &#8220;Ingl\u00eas I&#8221;<\/span><\/a><\/p>\n","protected":false},"author":1,"featured_media":0,"parent":0,"menu_order":0,"comment_status":"closed","ping_status":"closed","template":"","meta":{"footnotes":""},"class_list":["post-227","page","type-page","status-publish","hentry"],"_links":{"self":[{"href":"https:\/\/treinamentolivre.com\/index.php?rest_route=\/wp\/v2\/pages\/227","targetHints":{"allow":["GET"]}}],"collection":[{"href":"https:\/\/treinamentolivre.com\/index.php?rest_route=\/wp\/v2\/pages"}],"about":[{"href":"https:\/\/treinamentolivre.com\/index.php?rest_route=\/wp\/v2\/types\/page"}],"author":[{"embeddable":true,"href":"https:\/\/treinamentolivre.com\/index.php?rest_route=\/wp\/v2\/users\/1"}],"replies":[{"embeddable":true,"href":"https:\/\/treinamentolivre.com\/index.php?rest_route=%2Fwp%2Fv2%2Fcomments&post=227"}],"version-history":[{"count":6,"href":"https:\/\/treinamentolivre.com\/index.php?rest_route=\/wp\/v2\/pages\/227\/revisions"}],"predecessor-version":[{"id":523,"href":"https:\/\/treinamentolivre.com\/index.php?rest_route=\/wp\/v2\/pages\/227\/revisions\/523"}],"wp:attachment":[{"href":"https:\/\/treinamentolivre.com\/index.php?rest_route=%2Fwp%2Fv2%2Fmedia&parent=227"}],"curies":[{"name":"wp","href":"https:\/\/api.w.org\/{rel}","templated":true}]}}