{"id":176,"date":"2020-07-08T11:38:54","date_gmt":"2020-07-08T14:38:54","guid":{"rendered":"http:\/\/treinamentolivre.com\/?page_id=176"},"modified":"2023-10-23T12:50:55","modified_gmt":"2023-10-23T15:50:55","slug":"certificados","status":"publish","type":"page","link":"https:\/\/treinamentolivre.com\/?page_id=176","title":{"rendered":"Certificados"},"content":{"rendered":"\n<p>Aqui, nossos alunos conferem seus hist\u00f3ricos,  curr\u00edculos  e certificados. E voc\u00ea l\u00ea seus testemunhos sobre a nossa academia.<\/p>\n\n\n\n<p>O informa\u00e7\u00e3o somente \u00e9 publicada ap\u00f3s a autoriza\u00e7\u00e3o dos respectivos alunos. <\/p>\n\n\n\n<p>[<a href=\"https:\/\/treinamentolivre.com\/?page_id=268\">Entre em contato<\/a>]<\/p>\n\n\n\n<p><\/p>\n","protected":false},"excerpt":{"rendered":"<p>Aqui, nossos alunos conferem seus hist\u00f3ricos, curr\u00edculos e certificados. E voc\u00ea l\u00ea seus testemunhos sobre a nossa academia. O informa\u00e7\u00e3o somente \u00e9 publicada ap\u00f3s a autoriza\u00e7\u00e3o dos respectivos alunos. [Entre em contato]<\/p>\n","protected":false},"author":1,"featured_media":0,"parent":0,"menu_order":7,"comment_status":"closed","ping_status":"closed","template":"","meta":{"footnotes":""},"class_list":["post-176","page","type-page","status-publish","hentry"],"_links":{"self":[{"href":"https:\/\/treinamentolivre.com\/index.php?rest_route=\/wp\/v2\/pages\/176","targetHints":{"allow":["GET"]}}],"collection":[{"href":"https:\/\/treinamentolivre.com\/index.php?rest_route=\/wp\/v2\/pages"}],"about":[{"href":"https:\/\/treinamentolivre.com\/index.php?rest_route=\/wp\/v2\/types\/page"}],"author":[{"embeddable":true,"href":"https:\/\/treinamentolivre.com\/index.php?rest_route=\/wp\/v2\/users\/1"}],"replies":[{"embeddable":true,"href":"https:\/\/treinamentolivre.com\/index.php?rest_route=%2Fwp%2Fv2%2Fcomments&post=176"}],"version-history":[{"count":3,"href":"https:\/\/treinamentolivre.com\/index.php?rest_route=\/wp\/v2\/pages\/176\/revisions"}],"predecessor-version":[{"id":532,"href":"https:\/\/treinamentolivre.com\/index.php?rest_route=\/wp\/v2\/pages\/176\/revisions\/532"}],"wp:attachment":[{"href":"https:\/\/treinamentolivre.com\/index.php?rest_route=%2Fwp%2Fv2%2Fmedia&parent=176"}],"curies":[{"name":"wp","href":"https:\/\/api.w.org\/{rel}","templated":true}]}}