{"id":12,"date":"2021-09-19T22:59:23","date_gmt":"2021-09-20T01:59:23","guid":{"rendered":"https:\/\/treinamentolivre.com\/i2\/?page_id=12"},"modified":"2025-05-04T10:12:57","modified_gmt":"2025-05-04T13:12:57","slug":"uma-secao-de-pagina-inicial","status":"publish","type":"page","link":"https:\/\/treinamentolivre.com\/i2\/?page_id=12","title":{"rendered":"Sobre n\u00f3s"},"content":{"rendered":"\n<p>N\u00f3s somos uma institui\u00e7\u00e3o dedicada a difus\u00e3o de conhecimento em:<\/p>\n\n\n\n<ul class=\"wp-block-list\">\n<li> <a rel=\"noreferrer noopener\" href=\"https:\/\/treinamentolivre.com\/aluno01\/\" target=\"_blank\">Intelig\u00eancia Artificial<\/a><\/li>\n\n\n\n<li><a href=\"https:\/\/treinamentolivre.com\/si\/cyber\/\">Seguran\u00e7a da Informa\u00e7\u00e3o e redes<\/a><\/li>\n\n\n\n<li><a href=\"https:\/\/treinamentolivre.com\/aluno04\/\" target=\"_blank\" rel=\"noreferrer noopener\">Lingu\u00edstica<\/a> <\/li>\n\n\n\n<li><a href=\"https:\/\/treinamentolivre.com\/coder\/\" target=\"_blank\" rel=\"noreferrer noopener\">Programa\u00e7\u00e3o<\/a><\/li>\n\n\n\n<li><a href=\"https:\/\/treinamentolivre.com\/wikademics\/node\/25\" target=\"_blank\" rel=\"noreferrer noopener\">Sistemas Complexos<\/a> <\/li>\n\n\n\n<li><a rel=\"noreferrer noopener\" href=\"https:\/\/treinamentolivre.com\/politica\" target=\"_blank\">Filosofia e Pol\u00edtica<\/a><\/li>\n\n\n\n<li><a href=\"https:\/\/treinamentolivre.com\/adelaide\/?page_id=116\" target=\"_blank\" rel=\"noreferrer noopener\">Ensino da F\u00edsica<\/a><\/li>\n<\/ul>\n\n\n\n<p><\/p>\n","protected":false},"excerpt":{"rendered":"<p>N\u00f3s somos uma institui\u00e7\u00e3o dedicada a difus\u00e3o de conhecimento em:<\/p>\n","protected":false},"author":2,"featured_media":0,"parent":0,"menu_order":0,"comment_status":"closed","ping_status":"closed","template":"","meta":{"footnotes":""},"class_list":["post-12","page","type-page","status-publish","hentry"],"_links":{"self":[{"href":"https:\/\/treinamentolivre.com\/i2\/index.php?rest_route=\/wp\/v2\/pages\/12","targetHints":{"allow":["GET"]}}],"collection":[{"href":"https:\/\/treinamentolivre.com\/i2\/index.php?rest_route=\/wp\/v2\/pages"}],"about":[{"href":"https:\/\/treinamentolivre.com\/i2\/index.php?rest_route=\/wp\/v2\/types\/page"}],"author":[{"embeddable":true,"href":"https:\/\/treinamentolivre.com\/i2\/index.php?rest_route=\/wp\/v2\/users\/2"}],"replies":[{"embeddable":true,"href":"https:\/\/treinamentolivre.com\/i2\/index.php?rest_route=%2Fwp%2Fv2%2Fcomments&post=12"}],"version-history":[{"count":32,"href":"https:\/\/treinamentolivre.com\/i2\/index.php?rest_route=\/wp\/v2\/pages\/12\/revisions"}],"predecessor-version":[{"id":595,"href":"https:\/\/treinamentolivre.com\/i2\/index.php?rest_route=\/wp\/v2\/pages\/12\/revisions\/595"}],"wp:attachment":[{"href":"https:\/\/treinamentolivre.com\/i2\/index.php?rest_route=%2Fwp%2Fv2%2Fmedia&parent=12"}],"curies":[{"name":"wp","href":"https:\/\/api.w.org\/{rel}","templated":true}]}}