{"id":87,"date":"2023-11-21T10:53:45","date_gmt":"2023-11-21T13:53:45","guid":{"rendered":"https:\/\/treinamentolivre.com\/coder\/?post_type=product&#038;p=87"},"modified":"2023-11-27T13:42:45","modified_gmt":"2023-11-27T16:42:45","slug":"davis-teoria-dos-jogos-uma-introducao-nao-tecnica","status":"publish","type":"product","link":"https:\/\/treinamentolivre.com\/coder\/?product=davis-teoria-dos-jogos-uma-introducao-nao-tecnica","title":{"rendered":"[DAVIS] TEORIA DOS JOGOS: UMA INTRODU\u00c7\u00c3O N\u00c3O-T\u00c9CNICA"},"content":{"rendered":"<p>TG-01[4]<br \/>\nDavis, Morton David (1930-2009)<br \/>\nTeoria dos Jogos: Uma Introdu\u00e7\u00e3o n\u00e3o-t\u00e9cnica.<br \/>\nPref\u00e1cio de Oskar Morgenstern; Trad. de Leonidas Hegenberg e Ofanny Silveira da Mota. Portugu\u00eas.<br \/>\nCultrix. S\u00e3o Paulo. 1973.<\/p>\n<p>isbn-10: N\/D<\/p>\n","protected":false},"excerpt":{"rendered":"<p>TG-01[4] Davis, Morton David (1930-2009) Teoria dos Jogos: Uma Introdu\u00e7\u00e3o n\u00e3o-t\u00e9cnica. Pref\u00e1cio de Oskar Morgenstern; Trad. de Leonidas Hegenberg e Ofanny Silveira da Mota. Portugu\u00eas. Cultrix. S\u00e3o Paulo. 1973. isbn-10:&#8230;<\/p>\n<div class=\"more-link-wrapper\"><a class=\"more-link\" href=\"https:\/\/treinamentolivre.com\/coder\/?product=davis-teoria-dos-jogos-uma-introducao-nao-tecnica\">Continuar a ler&#8230;<span class=\"screen-reader-text\">[DAVIS] TEORIA DOS JOGOS: UMA INTRODU\u00c7\u00c3O N\u00c3O-T\u00c9CNICA<\/span><\/a><\/div>\n","protected":false},"featured_media":0,"comment_status":"open","ping_status":"closed","template":"","meta":[],"product_cat":[34],"product_tag":[18],"class_list":{"0":"post-87","1":"product","2":"type-product","3":"status-publish","5":"product_cat-teoria-dos-jogos","6":"product_tag-livro","7":"excerpt","15":"first","16":"instock","17":"taxable","18":"shipping-taxable","19":"purchasable","20":"product-type-simple"},"jetpack_sharing_enabled":true,"_links":{"self":[{"href":"https:\/\/treinamentolivre.com\/coder\/index.php?rest_route=\/wp\/v2\/product\/87","targetHints":{"allow":["GET"]}}],"collection":[{"href":"https:\/\/treinamentolivre.com\/coder\/index.php?rest_route=\/wp\/v2\/product"}],"about":[{"href":"https:\/\/treinamentolivre.com\/coder\/index.php?rest_route=\/wp\/v2\/types\/product"}],"replies":[{"embeddable":true,"href":"https:\/\/treinamentolivre.com\/coder\/index.php?rest_route=%2Fwp%2Fv2%2Fcomments&post=87"}],"wp:attachment":[{"href":"https:\/\/treinamentolivre.com\/coder\/index.php?rest_route=%2Fwp%2Fv2%2Fmedia&parent=87"}],"wp:term":[{"taxonomy":"product_cat","embeddable":true,"href":"https:\/\/treinamentolivre.com\/coder\/index.php?rest_route=%2Fwp%2Fv2%2Fproduct_cat&post=87"},{"taxonomy":"product_tag","embeddable":true,"href":"https:\/\/treinamentolivre.com\/coder\/index.php?rest_route=%2Fwp%2Fv2%2Fproduct_tag&post=87"}],"curies":[{"name":"wp","href":"https:\/\/api.w.org\/{rel}","templated":true}]}}