{"id":86,"date":"2023-11-21T10:21:23","date_gmt":"2023-11-21T13:21:23","guid":{"rendered":"https:\/\/treinamentolivre.com\/coder\/?post_type=product&#038;p=86"},"modified":"2023-11-27T13:41:19","modified_gmt":"2023-11-27T16:41:19","slug":"introduccion-a-la-teoria-analitica-de-numeros","status":"publish","type":"product","link":"https:\/\/treinamentolivre.com\/coder\/?product=introduccion-a-la-teoria-analitica-de-numeros","title":{"rendered":"[APOSTOL] INTRODUCC\u00cdON A LA TEORIA ANAL\u00cdTICA DE N\u00daMEROS"},"content":{"rendered":"<p>TG-01[3]<br \/>\nApostol, Tom M. (1923-2016)<br \/>\nIntroducc\u00edon a la Teoria Anal\u00edtica de N\u00fameros. Espa\u00f1ol.<br \/>\nEditorial Revert\u00e9. Barcelona. 1980.<\/p>\n<p>isbn-10: N\/D<\/p>\n","protected":false},"excerpt":{"rendered":"<p>TG-01[3] Apostol, Tom M. (1923-2016) Introducc\u00edon a la Teoria Anal\u00edtica de N\u00fameros. Espa\u00f1ol. Editorial Revert\u00e9. Barcelona. 1980. isbn-10: N\/D<\/p>\n","protected":false},"featured_media":0,"comment_status":"open","ping_status":"closed","template":"","meta":[],"product_cat":[17,31,32],"product_tag":[],"class_list":{"0":"post-86","1":"product","2":"type-product","3":"status-publish","5":"product_cat-livro","6":"product_cat-matematica","7":"product_cat-teoria-dos-numeros","8":"excerpt","17":"first","18":"instock","19":"purchasable","20":"product-type-simple"},"jetpack_sharing_enabled":true,"_links":{"self":[{"href":"https:\/\/treinamentolivre.com\/coder\/index.php?rest_route=\/wp\/v2\/product\/86","targetHints":{"allow":["GET"]}}],"collection":[{"href":"https:\/\/treinamentolivre.com\/coder\/index.php?rest_route=\/wp\/v2\/product"}],"about":[{"href":"https:\/\/treinamentolivre.com\/coder\/index.php?rest_route=\/wp\/v2\/types\/product"}],"replies":[{"embeddable":true,"href":"https:\/\/treinamentolivre.com\/coder\/index.php?rest_route=%2Fwp%2Fv2%2Fcomments&post=86"}],"wp:attachment":[{"href":"https:\/\/treinamentolivre.com\/coder\/index.php?rest_route=%2Fwp%2Fv2%2Fmedia&parent=86"}],"wp:term":[{"taxonomy":"product_cat","embeddable":true,"href":"https:\/\/treinamentolivre.com\/coder\/index.php?rest_route=%2Fwp%2Fv2%2Fproduct_cat&post=86"},{"taxonomy":"product_tag","embeddable":true,"href":"https:\/\/treinamentolivre.com\/coder\/index.php?rest_route=%2Fwp%2Fv2%2Fproduct_tag&post=86"}],"curies":[{"name":"wp","href":"https:\/\/api.w.org\/{rel}","templated":true}]}}