{"id":396,"date":"2025-01-15T07:55:14","date_gmt":"2025-01-15T10:55:14","guid":{"rendered":"https:\/\/treinamentolivre.com\/coder\/?post_type=product&#038;p=396"},"modified":"2025-01-16T15:42:55","modified_gmt":"2025-01-16T18:42:55","slug":"burcham","status":"publish","type":"product","link":"https:\/\/treinamentolivre.com\/coder\/?product=burcham","title":{"rendered":"[BURCHAM] F\u00cdSICA NUCLEAR"},"content":{"rendered":"<p>QP-03[33]<br \/>\nBurcham, W.E.<br \/>\nF\u00edsica Nuclear. Espa\u00f1ol.<br \/>\nEditorial Revert\u00e9 S.A. Barcelona. 1974.<\/p>\n<p>[trad. de] Nuclear Physics\/An Introduction.<\/p>\n<p>isbn: 84-201-4031-X<\/p>\n","protected":false},"excerpt":{"rendered":"<p>QP-03[33] Burcham, W.E. F\u00edsica Nuclear. Espa\u00f1ol. Editorial Revert\u00e9 S.A. Barcelona. 1974. [trad. de] Nuclear Physics\/An Introduction. isbn: 84-201-4031-X<\/p>\n","protected":false},"featured_media":0,"comment_status":"open","ping_status":"closed","template":"","meta":[],"product_cat":[36,70],"product_tag":[],"class_list":{"0":"post-396","1":"product","2":"type-product","3":"status-publish","5":"product_cat-fisica","6":"product_cat-fisica-nuclear","7":"excerpt","15":"first","16":"instock","17":"purchasable","18":"product-type-simple"},"jetpack_sharing_enabled":true,"_links":{"self":[{"href":"https:\/\/treinamentolivre.com\/coder\/index.php?rest_route=\/wp\/v2\/product\/396","targetHints":{"allow":["GET"]}}],"collection":[{"href":"https:\/\/treinamentolivre.com\/coder\/index.php?rest_route=\/wp\/v2\/product"}],"about":[{"href":"https:\/\/treinamentolivre.com\/coder\/index.php?rest_route=\/wp\/v2\/types\/product"}],"replies":[{"embeddable":true,"href":"https:\/\/treinamentolivre.com\/coder\/index.php?rest_route=%2Fwp%2Fv2%2Fcomments&post=396"}],"wp:attachment":[{"href":"https:\/\/treinamentolivre.com\/coder\/index.php?rest_route=%2Fwp%2Fv2%2Fmedia&parent=396"}],"wp:term":[{"taxonomy":"product_cat","embeddable":true,"href":"https:\/\/treinamentolivre.com\/coder\/index.php?rest_route=%2Fwp%2Fv2%2Fproduct_cat&post=396"},{"taxonomy":"product_tag","embeddable":true,"href":"https:\/\/treinamentolivre.com\/coder\/index.php?rest_route=%2Fwp%2Fv2%2Fproduct_tag&post=396"}],"curies":[{"name":"wp","href":"https:\/\/api.w.org\/{rel}","templated":true}]}}