{"id":28,"date":"2023-11-20T11:07:22","date_gmt":"2023-11-20T14:07:22","guid":{"rendered":"https:\/\/treinamentolivre.com\/coder\/?post_type=product&#038;p=28"},"modified":"2023-11-27T13:40:59","modified_gmt":"2023-11-27T16:40:59","slug":"calculus-vol-ii","status":"publish","type":"product","link":"https:\/\/treinamentolivre.com\/coder\/?product=calculus-vol-ii","title":{"rendered":"[APOSTOL] CALCULUS VOL II"},"content":{"rendered":"<p>TG-01[2]<br \/>\nApostol, Tom M. (1923-2016)<br \/>\nCalculus Vol. II. 2a. edici\u00f3n. Espa\u00f1ol.<br \/>\nEditorial Revert\u00e9. Barcelona.<br \/>\n673p.<br \/>\nisbn-10: N\/D<\/p>\n","protected":false},"excerpt":{"rendered":"<p>TG-01[2] Apostol, Tom M. (1923-2016) Calculus Vol. II. 2a. edici\u00f3n. Espa\u00f1ol. Editorial Revert\u00e9. Barcelona. 673p. isbn-10: N\/D<\/p>\n","protected":false},"featured_media":0,"comment_status":"open","ping_status":"closed","template":"","meta":[],"product_cat":[21,17,31],"product_tag":[],"class_list":{"0":"post-28","1":"product","2":"type-product","3":"status-publish","5":"product_cat-calculo","6":"product_cat-livro","7":"product_cat-matematica","8":"excerpt","17":"first","18":"instock","19":"taxable","20":"shipping-taxable","21":"purchasable","22":"product-type-simple"},"jetpack_sharing_enabled":true,"_links":{"self":[{"href":"https:\/\/treinamentolivre.com\/coder\/index.php?rest_route=\/wp\/v2\/product\/28","targetHints":{"allow":["GET"]}}],"collection":[{"href":"https:\/\/treinamentolivre.com\/coder\/index.php?rest_route=\/wp\/v2\/product"}],"about":[{"href":"https:\/\/treinamentolivre.com\/coder\/index.php?rest_route=\/wp\/v2\/types\/product"}],"replies":[{"embeddable":true,"href":"https:\/\/treinamentolivre.com\/coder\/index.php?rest_route=%2Fwp%2Fv2%2Fcomments&post=28"}],"wp:attachment":[{"href":"https:\/\/treinamentolivre.com\/coder\/index.php?rest_route=%2Fwp%2Fv2%2Fmedia&parent=28"}],"wp:term":[{"taxonomy":"product_cat","embeddable":true,"href":"https:\/\/treinamentolivre.com\/coder\/index.php?rest_route=%2Fwp%2Fv2%2Fproduct_cat&post=28"},{"taxonomy":"product_tag","embeddable":true,"href":"https:\/\/treinamentolivre.com\/coder\/index.php?rest_route=%2Fwp%2Fv2%2Fproduct_tag&post=28"}],"curies":[{"name":"wp","href":"https:\/\/api.w.org\/{rel}","templated":true}]}}