{"id":170,"date":"2024-01-05T09:47:39","date_gmt":"2024-01-05T12:47:39","guid":{"rendered":"https:\/\/treinamentolivre.com\/coder\/?post_type=product&#038;p=170"},"modified":"2024-01-05T10:52:53","modified_gmt":"2024-01-05T13:52:53","slug":"annequin-curso-de-ciencias-fisicas-eletricidad-ii","status":"publish","type":"product","link":"https:\/\/treinamentolivre.com\/coder\/?product=annequin-curso-de-ciencias-fisicas-eletricidad-ii","title":{"rendered":"[ANNEQUIN] CURSO DE CIENCIAS FISICAS \u2013 ELETRICIDAD II"},"content":{"rendered":"<p>QP-05[26]<br \/>\nAnnequin, R.; Boutigny, J.<br \/>\nCurso de Ciencias Fisicas \u2013 Eletricidad II. Espa\u00f1ol.<br \/>\nEditorial Revert\u00e9 S.A. Barcelona. 1979.<\/p>\n<p>[trad. de] Electricit\u00e9 2- Cours de Sciences Physiques.<\/p>\n<p>isbn-10: 84-291-4000-X obra completa<br \/>\nisbn-10: 84-291-4004-2 tomo 4<\/p>\n<p>Livro usado<\/p>\n","protected":false},"excerpt":{"rendered":"<p>QP-05[26] Annequin, R.; Boutigny, J. Curso de Ciencias Fisicas \u2013 Eletricidad II. Espa\u00f1ol. Editorial Revert\u00e9 S.A. Barcelona. 1979. [trad. de] Electricit\u00e9 2- Cours de Sciences Physiques. isbn-10: 84-291-4000-X obra completa&#8230;<\/p>\n<div class=\"more-link-wrapper\"><a class=\"more-link\" href=\"https:\/\/treinamentolivre.com\/coder\/?product=annequin-curso-de-ciencias-fisicas-eletricidad-ii\">Continuar a ler&#8230;<span class=\"screen-reader-text\">[ANNEQUIN] CURSO DE CIENCIAS FISICAS \u2013 ELETRICIDAD II<\/span><\/a><\/div>\n","protected":false},"featured_media":0,"comment_status":"open","ping_status":"closed","template":"","meta":[],"product_cat":[47,36],"product_tag":[],"class_list":{"0":"post-170","1":"product","2":"type-product","3":"status-publish","5":"product_cat-eletricidade","6":"product_cat-fisica","7":"excerpt","15":"first","16":"instock","17":"taxable","18":"shipping-taxable","19":"purchasable","20":"product-type-simple"},"jetpack_sharing_enabled":true,"_links":{"self":[{"href":"https:\/\/treinamentolivre.com\/coder\/index.php?rest_route=\/wp\/v2\/product\/170","targetHints":{"allow":["GET"]}}],"collection":[{"href":"https:\/\/treinamentolivre.com\/coder\/index.php?rest_route=\/wp\/v2\/product"}],"about":[{"href":"https:\/\/treinamentolivre.com\/coder\/index.php?rest_route=\/wp\/v2\/types\/product"}],"replies":[{"embeddable":true,"href":"https:\/\/treinamentolivre.com\/coder\/index.php?rest_route=%2Fwp%2Fv2%2Fcomments&post=170"}],"wp:attachment":[{"href":"https:\/\/treinamentolivre.com\/coder\/index.php?rest_route=%2Fwp%2Fv2%2Fmedia&parent=170"}],"wp:term":[{"taxonomy":"product_cat","embeddable":true,"href":"https:\/\/treinamentolivre.com\/coder\/index.php?rest_route=%2Fwp%2Fv2%2Fproduct_cat&post=170"},{"taxonomy":"product_tag","embeddable":true,"href":"https:\/\/treinamentolivre.com\/coder\/index.php?rest_route=%2Fwp%2Fv2%2Fproduct_tag&post=170"}],"curies":[{"name":"wp","href":"https:\/\/api.w.org\/{rel}","templated":true}]}}