{"id":168,"date":"2024-01-05T09:44:39","date_gmt":"2024-01-05T12:44:39","guid":{"rendered":"https:\/\/treinamentolivre.com\/coder\/?post_type=product&#038;p=168"},"modified":"2024-01-05T11:01:59","modified_gmt":"2024-01-05T14:01:59","slug":"french-introducion-a-la-fisica-cuantica","status":"publish","type":"product","link":"https:\/\/treinamentolivre.com\/coder\/?product=french-introducion-a-la-fisica-cuantica","title":{"rendered":"[FRENCH] INTRODUCI\u00d3N A LA F\u00cdSICA CU\u00c1NTICA"},"content":{"rendered":"<p>QP-05[25]<br \/>\nFrench, A.P.; Taylor, E.F.<br \/>\nIntroduci\u00f3n a la F\u00edsica Cu\u00e1ntica. Espa\u00f1ol.<br \/>\nEditorial Revert\u00e9 S.A. Barcelona. 1982. <\/p>\n<p>[trad. de] Introduction to Quantum Physics.<\/p>\n<p>isbn-10: 84-291-4100-6 obra completa<br \/>\nisbn-10: 84-291-4176-7 tomo 4<\/p>\n<p>Livro usado.<\/p>\n","protected":false},"excerpt":{"rendered":"<p>QP-05[25] French, A.P.; Taylor, E.F. Introduci\u00f3n a la F\u00edsica Cu\u00e1ntica. Espa\u00f1ol. Editorial Revert\u00e9 S.A. Barcelona. 1982. [trad. de] Introduction to Quantum Physics. isbn-10: 84-291-4100-6 obra completa isbn-10: 84-291-4176-7 tomo 4&#8230;<\/p>\n<div class=\"more-link-wrapper\"><a class=\"more-link\" href=\"https:\/\/treinamentolivre.com\/coder\/?product=french-introducion-a-la-fisica-cuantica\">Continuar a ler&#8230;<span class=\"screen-reader-text\">[FRENCH] INTRODUCI\u00d3N A LA F\u00cdSICA CU\u00c1NTICA<\/span><\/a><\/div>\n","protected":false},"featured_media":0,"comment_status":"open","ping_status":"closed","template":"","meta":[],"product_cat":[36],"product_tag":[50],"class_list":{"0":"post-168","1":"product","2":"type-product","3":"status-publish","5":"product_cat-fisica","6":"product_tag-fisica-quantica","7":"excerpt","15":"first","16":"instock","17":"taxable","18":"shipping-taxable","19":"purchasable","20":"product-type-simple"},"jetpack_sharing_enabled":true,"_links":{"self":[{"href":"https:\/\/treinamentolivre.com\/coder\/index.php?rest_route=\/wp\/v2\/product\/168","targetHints":{"allow":["GET"]}}],"collection":[{"href":"https:\/\/treinamentolivre.com\/coder\/index.php?rest_route=\/wp\/v2\/product"}],"about":[{"href":"https:\/\/treinamentolivre.com\/coder\/index.php?rest_route=\/wp\/v2\/types\/product"}],"replies":[{"embeddable":true,"href":"https:\/\/treinamentolivre.com\/coder\/index.php?rest_route=%2Fwp%2Fv2%2Fcomments&post=168"}],"wp:attachment":[{"href":"https:\/\/treinamentolivre.com\/coder\/index.php?rest_route=%2Fwp%2Fv2%2Fmedia&parent=168"}],"wp:term":[{"taxonomy":"product_cat","embeddable":true,"href":"https:\/\/treinamentolivre.com\/coder\/index.php?rest_route=%2Fwp%2Fv2%2Fproduct_cat&post=168"},{"taxonomy":"product_tag","embeddable":true,"href":"https:\/\/treinamentolivre.com\/coder\/index.php?rest_route=%2Fwp%2Fv2%2Fproduct_tag&post=168"}],"curies":[{"name":"wp","href":"https:\/\/api.w.org\/{rel}","templated":true}]}}