{"id":164,"date":"2024-01-05T09:34:10","date_gmt":"2024-01-05T12:34:10","guid":{"rendered":"https:\/\/treinamentolivre.com\/coder\/?post_type=product&#038;p=164"},"modified":"2024-01-05T11:02:57","modified_gmt":"2024-01-05T14:02:57","slug":"french-mecanica-newtoniana","status":"publish","type":"product","link":"https:\/\/treinamentolivre.com\/coder\/?product=french-mecanica-newtoniana","title":{"rendered":"[FRENCH] MEC\u00c1NICA NEWTONIANA"},"content":{"rendered":"<p>QP-05[22]<br \/>\nFrench, A.P.<br \/>\nMec\u00e1nica Newtoniana Espa\u00f1ol.<br \/>\nEditorial Revert\u00e9 S.A. Barcelona. 1974.<\/p>\n<p>[trad. de] Newtonian Mechanic.<\/p>\n<p>isbn-10: 84-291-4100-6 obra completa<br \/>\nisbn-10: 84-291-4099-0 tomo 3<\/p>\n<p>Livro usado.<br \/>\nUma das p\u00e1ginas est\u00e1 remendada.<\/p>\n","protected":false},"excerpt":{"rendered":"<p>QP-05[22] French, A.P. Mec\u00e1nica Newtoniana Espa\u00f1ol. Editorial Revert\u00e9 S.A. Barcelona. 1974. [trad. de] Newtonian Mechanic. isbn-10: 84-291-4100-6 obra completa isbn-10: 84-291-4099-0 tomo 3 Livro usado. Uma das p\u00e1ginas est\u00e1 remendada.<\/p>\n","protected":false},"featured_media":0,"comment_status":"open","ping_status":"closed","template":"","meta":[],"product_cat":[36,46],"product_tag":[],"class_list":{"0":"post-164","1":"product","2":"type-product","3":"status-publish","5":"product_cat-fisica","6":"product_cat-mecanica","7":"excerpt","15":"first","16":"instock","17":"taxable","18":"shipping-taxable","19":"purchasable","20":"product-type-simple"},"jetpack_sharing_enabled":true,"_links":{"self":[{"href":"https:\/\/treinamentolivre.com\/coder\/index.php?rest_route=\/wp\/v2\/product\/164","targetHints":{"allow":["GET"]}}],"collection":[{"href":"https:\/\/treinamentolivre.com\/coder\/index.php?rest_route=\/wp\/v2\/product"}],"about":[{"href":"https:\/\/treinamentolivre.com\/coder\/index.php?rest_route=\/wp\/v2\/types\/product"}],"replies":[{"embeddable":true,"href":"https:\/\/treinamentolivre.com\/coder\/index.php?rest_route=%2Fwp%2Fv2%2Fcomments&post=164"}],"wp:attachment":[{"href":"https:\/\/treinamentolivre.com\/coder\/index.php?rest_route=%2Fwp%2Fv2%2Fmedia&parent=164"}],"wp:term":[{"taxonomy":"product_cat","embeddable":true,"href":"https:\/\/treinamentolivre.com\/coder\/index.php?rest_route=%2Fwp%2Fv2%2Fproduct_cat&post=164"},{"taxonomy":"product_tag","embeddable":true,"href":"https:\/\/treinamentolivre.com\/coder\/index.php?rest_route=%2Fwp%2Fv2%2Fproduct_tag&post=164"}],"curies":[{"name":"wp","href":"https:\/\/api.w.org\/{rel}","templated":true}]}}