{"id":161,"date":"2024-01-05T08:59:00","date_gmt":"2024-01-05T11:59:00","guid":{"rendered":"https:\/\/treinamentolivre.com\/coder\/?post_type=product&#038;p=161"},"modified":"2025-01-15T07:59:59","modified_gmt":"2025-01-15T10:59:59","slug":"annequin-curso-de-ciencias-fisicas-mecanica-1","status":"publish","type":"product","link":"https:\/\/treinamentolivre.com\/coder\/?product=annequin-curso-de-ciencias-fisicas-mecanica-1","title":{"rendered":"[ANNEQUIN] CURSO DE CIENCIAS F\u00cdSICAS &#8211; MEC\u00c1NICA 1"},"content":{"rendered":"<p>QP-05[20]<br \/>\nAnnequin, R.; Boutigny, J.<br \/>\nCurso de Ciencias Fisicas &#8211; Mec\u00e1nica 1. Espa\u00f1ol.<br \/>\nEditorial Revert\u00e9 S.A. Barcelona. 1978<br \/>\n.<br \/>\nisbn-10: 84-291-4000-X obra completa<br \/>\nisbn-10: 84-291-4001-8 tomo 1<\/p>\n","protected":false},"excerpt":{"rendered":"<p>QP-05[20] Annequin, R.; Boutigny, J. Curso de Ciencias Fisicas &#8211; Mec\u00e1nica 1. Espa\u00f1ol. Editorial Revert\u00e9 S.A. Barcelona. 1978 . isbn-10: 84-291-4000-X obra completa isbn-10: 84-291-4001-8 tomo 1<\/p>\n","protected":false},"featured_media":0,"comment_status":"open","ping_status":"closed","template":"","meta":[],"product_cat":[36,46],"product_tag":[],"class_list":{"0":"post-161","1":"product","2":"type-product","3":"status-publish","5":"product_cat-fisica","6":"product_cat-mecanica","7":"excerpt","15":"first","16":"instock","17":"taxable","18":"shipping-taxable","19":"purchasable","20":"product-type-simple"},"jetpack_sharing_enabled":true,"_links":{"self":[{"href":"https:\/\/treinamentolivre.com\/coder\/index.php?rest_route=\/wp\/v2\/product\/161","targetHints":{"allow":["GET"]}}],"collection":[{"href":"https:\/\/treinamentolivre.com\/coder\/index.php?rest_route=\/wp\/v2\/product"}],"about":[{"href":"https:\/\/treinamentolivre.com\/coder\/index.php?rest_route=\/wp\/v2\/types\/product"}],"replies":[{"embeddable":true,"href":"https:\/\/treinamentolivre.com\/coder\/index.php?rest_route=%2Fwp%2Fv2%2Fcomments&post=161"}],"wp:attachment":[{"href":"https:\/\/treinamentolivre.com\/coder\/index.php?rest_route=%2Fwp%2Fv2%2Fmedia&parent=161"}],"wp:term":[{"taxonomy":"product_cat","embeddable":true,"href":"https:\/\/treinamentolivre.com\/coder\/index.php?rest_route=%2Fwp%2Fv2%2Fproduct_cat&post=161"},{"taxonomy":"product_tag","embeddable":true,"href":"https:\/\/treinamentolivre.com\/coder\/index.php?rest_route=%2Fwp%2Fv2%2Fproduct_tag&post=161"}],"curies":[{"name":"wp","href":"https:\/\/api.w.org\/{rel}","templated":true}]}}