{"id":120,"date":"2023-11-26T15:23:46","date_gmt":"2023-11-26T18:23:46","guid":{"rendered":"https:\/\/treinamentolivre.com\/coder\/?post_type=product&#038;p=120"},"modified":"2023-11-27T13:48:30","modified_gmt":"2023-11-27T16:48:30","slug":"saracci-epidemiologia-uma-breve-introducao","status":"publish","type":"product","link":"https:\/\/treinamentolivre.com\/coder\/?product=saracci-epidemiologia-uma-breve-introducao","title":{"rendered":"[SARACCI] EPIDEMIOLOGIA: UMA BREVE INTRODU\u00c7\u00c3O"},"content":{"rendered":"<p>TG-01[10]<br \/>\nSaracci, Rodolfo (1936-)<br \/>\nEpidemiologia: Una Breve introdu\u00e7\u00e3o\/Rodolfo Saraccitradu\u00e7\u00e3o de Iuri Abreu- 1a. ed. &#8211; Porto Alegre [RS}: L&#038;MP Pocket, v. 1323)<br \/>\nTradu\u00e7\u00e3o de Epidemiology: A Very Short Introduction.<br \/>\nISBN 978-85-254-3884-3.<\/p>\n","protected":false},"excerpt":{"rendered":"<p>TG-01[10] Saracci, Rodolfo (1936-) Epidemiologia: Una Breve introdu\u00e7\u00e3o\/Rodolfo Saraccitradu\u00e7\u00e3o de Iuri Abreu- 1a. ed. &#8211; Porto Alegre [RS}: L&#038;MP Pocket, v. 1323) Tradu\u00e7\u00e3o de Epidemiology: A Very Short Introduction. ISBN&#8230;<\/p>\n<div class=\"more-link-wrapper\"><a class=\"more-link\" href=\"https:\/\/treinamentolivre.com\/coder\/?product=saracci-epidemiologia-uma-breve-introducao\">Continuar a ler&#8230;<span class=\"screen-reader-text\">[SARACCI] EPIDEMIOLOGIA: UMA BREVE INTRODU\u00c7\u00c3O<\/span><\/a><\/div>\n","protected":false},"featured_media":0,"comment_status":"open","ping_status":"closed","template":"","meta":[],"product_cat":[41],"product_tag":[],"class_list":{"0":"post-120","1":"product","2":"type-product","3":"status-publish","5":"product_cat-epidemiologia","6":"excerpt","13":"first","14":"instock","15":"taxable","16":"shipping-taxable","17":"purchasable","18":"product-type-simple"},"jetpack_sharing_enabled":true,"_links":{"self":[{"href":"https:\/\/treinamentolivre.com\/coder\/index.php?rest_route=\/wp\/v2\/product\/120","targetHints":{"allow":["GET"]}}],"collection":[{"href":"https:\/\/treinamentolivre.com\/coder\/index.php?rest_route=\/wp\/v2\/product"}],"about":[{"href":"https:\/\/treinamentolivre.com\/coder\/index.php?rest_route=\/wp\/v2\/types\/product"}],"replies":[{"embeddable":true,"href":"https:\/\/treinamentolivre.com\/coder\/index.php?rest_route=%2Fwp%2Fv2%2Fcomments&post=120"}],"wp:attachment":[{"href":"https:\/\/treinamentolivre.com\/coder\/index.php?rest_route=%2Fwp%2Fv2%2Fmedia&parent=120"}],"wp:term":[{"taxonomy":"product_cat","embeddable":true,"href":"https:\/\/treinamentolivre.com\/coder\/index.php?rest_route=%2Fwp%2Fv2%2Fproduct_cat&post=120"},{"taxonomy":"product_tag","embeddable":true,"href":"https:\/\/treinamentolivre.com\/coder\/index.php?rest_route=%2Fwp%2Fv2%2Fproduct_tag&post=120"}],"curies":[{"name":"wp","href":"https:\/\/api.w.org\/{rel}","templated":true}]}}