{"id":119,"date":"2023-11-26T15:18:39","date_gmt":"2023-11-26T18:18:39","guid":{"rendered":"https:\/\/treinamentolivre.com\/coder\/?post_type=product&#038;p=119"},"modified":"2023-11-27T13:48:06","modified_gmt":"2023-11-27T16:48:06","slug":"peirce-escritos-coligidos","status":"publish","type":"product","link":"https:\/\/treinamentolivre.com\/coder\/?product=peirce-escritos-coligidos","title":{"rendered":"[PEIRCE] ESCRITOS COLIGIDOS"},"content":{"rendered":"<p>TG-01[9]<br \/>\nPeirce, Charles Sanders (1839-1914)<br \/>\nEscritos coligidos\/Charles Sanders Peirce: Sele\u00e7\u00e3o de Armando Mora D\u00b4Oliveira e Sergio Pomerangblum. Sobre a justifica\u00e7\u00e3o cient\u00edfica de uma conceitografia: Os fundamentos da Aritm\u00e9tica\/Gottlob Frege: sele\u00e7\u00e3o e tradu\u00e7\u00e3o de Lu\u00eds Henrique dos Santos &#8211; 2a. ed. &#8211; S\u00e3o Paulo: Abril Cultural, 1980. (Os Pensadores).<\/p>\n","protected":false},"excerpt":{"rendered":"<p>TG-01[9] Peirce, Charles Sanders (1839-1914) Escritos coligidos\/Charles Sanders Peirce: Sele\u00e7\u00e3o de Armando Mora D\u00b4Oliveira e Sergio Pomerangblum. Sobre a justifica\u00e7\u00e3o cient\u00edfica de uma conceitografia: Os fundamentos da Aritm\u00e9tica\/Gottlob Frege: sele\u00e7\u00e3o&#8230;<\/p>\n<div class=\"more-link-wrapper\"><a class=\"more-link\" href=\"https:\/\/treinamentolivre.com\/coder\/?product=peirce-escritos-coligidos\">Continuar a ler&#8230;<span class=\"screen-reader-text\">[PEIRCE] ESCRITOS COLIGIDOS<\/span><\/a><\/div>\n","protected":false},"featured_media":0,"comment_status":"open","ping_status":"closed","template":"","meta":[],"product_cat":[31],"product_tag":[],"class_list":{"0":"post-119","1":"product","2":"type-product","3":"status-publish","5":"product_cat-matematica","6":"excerpt","13":"first","14":"instock","15":"taxable","16":"shipping-taxable","17":"purchasable","18":"product-type-simple"},"jetpack_sharing_enabled":true,"_links":{"self":[{"href":"https:\/\/treinamentolivre.com\/coder\/index.php?rest_route=\/wp\/v2\/product\/119","targetHints":{"allow":["GET"]}}],"collection":[{"href":"https:\/\/treinamentolivre.com\/coder\/index.php?rest_route=\/wp\/v2\/product"}],"about":[{"href":"https:\/\/treinamentolivre.com\/coder\/index.php?rest_route=\/wp\/v2\/types\/product"}],"replies":[{"embeddable":true,"href":"https:\/\/treinamentolivre.com\/coder\/index.php?rest_route=%2Fwp%2Fv2%2Fcomments&post=119"}],"wp:attachment":[{"href":"https:\/\/treinamentolivre.com\/coder\/index.php?rest_route=%2Fwp%2Fv2%2Fmedia&parent=119"}],"wp:term":[{"taxonomy":"product_cat","embeddable":true,"href":"https:\/\/treinamentolivre.com\/coder\/index.php?rest_route=%2Fwp%2Fv2%2Fproduct_cat&post=119"},{"taxonomy":"product_tag","embeddable":true,"href":"https:\/\/treinamentolivre.com\/coder\/index.php?rest_route=%2Fwp%2Fv2%2Fproduct_tag&post=119"}],"curies":[{"name":"wp","href":"https:\/\/api.w.org\/{rel}","templated":true}]}}