{"id":115,"date":"2023-11-21T21:21:52","date_gmt":"2023-11-22T00:21:52","guid":{"rendered":"https:\/\/treinamentolivre.com\/coder\/?post_type=product&#038;p=115"},"modified":"2023-11-26T17:20:40","modified_gmt":"2023-11-26T20:20:40","slug":"bass-software-architecture-in-practice","status":"publish","type":"product","link":"https:\/\/treinamentolivre.com\/coder\/?product=bass-software-architecture-in-practice","title":{"rendered":"[BASS] SOFTWARE ARCHITECTURE IN PRACTICE"},"content":{"rendered":"<p>[EM FASE DE AQUISI\u00c7\u00c3O &#8211; N\u00c3O DISPON\u00cdVEL PARA VENDA]<br \/>\nBASS, Len (1943-)<br \/>\nSoftware Architecture in Practice.<br \/>\nLen Bass; Paul Clements; Rick Kazman<br \/>\nPrentice-Hall<br \/>\nISBN-10: 9780321815736<\/p>\n","protected":false},"excerpt":{"rendered":"<p>[EM FASE DE AQUISI\u00c7\u00c3O &#8211; N\u00c3O DISPON\u00cdVEL PARA VENDA] BASS, Len (1943-) Software Architecture in Practice. Len Bass; Paul Clements; Rick Kazman Prentice-Hall ISBN-10: 9780321815736<\/p>\n","protected":false},"featured_media":0,"comment_status":"open","ping_status":"closed","template":"","meta":[],"product_cat":[15],"product_tag":[],"class_list":{"0":"post-115","1":"product","2":"type-product","3":"status-publish","5":"product_cat-sem-categoria","6":"excerpt","13":"first","14":"outofstock","15":"taxable","16":"shipping-taxable","17":"purchasable","18":"product-type-simple"},"jetpack_sharing_enabled":true,"_links":{"self":[{"href":"https:\/\/treinamentolivre.com\/coder\/index.php?rest_route=\/wp\/v2\/product\/115","targetHints":{"allow":["GET"]}}],"collection":[{"href":"https:\/\/treinamentolivre.com\/coder\/index.php?rest_route=\/wp\/v2\/product"}],"about":[{"href":"https:\/\/treinamentolivre.com\/coder\/index.php?rest_route=\/wp\/v2\/types\/product"}],"replies":[{"embeddable":true,"href":"https:\/\/treinamentolivre.com\/coder\/index.php?rest_route=%2Fwp%2Fv2%2Fcomments&post=115"}],"wp:attachment":[{"href":"https:\/\/treinamentolivre.com\/coder\/index.php?rest_route=%2Fwp%2Fv2%2Fmedia&parent=115"}],"wp:term":[{"taxonomy":"product_cat","embeddable":true,"href":"https:\/\/treinamentolivre.com\/coder\/index.php?rest_route=%2Fwp%2Fv2%2Fproduct_cat&post=115"},{"taxonomy":"product_tag","embeddable":true,"href":"https:\/\/treinamentolivre.com\/coder\/index.php?rest_route=%2Fwp%2Fv2%2Fproduct_tag&post=115"}],"curies":[{"name":"wp","href":"https:\/\/api.w.org\/{rel}","templated":true}]}}