{"id":111,"date":"2023-11-21T20:51:57","date_gmt":"2023-11-21T23:51:57","guid":{"rendered":"https:\/\/treinamentolivre.com\/coder\/?post_type=product&#038;p=111"},"modified":"2023-11-27T13:45:50","modified_gmt":"2023-11-27T16:45:50","slug":"greene-33-estrategias-de-guerra-edicao-concisa","status":"publish","type":"product","link":"https:\/\/treinamentolivre.com\/coder\/?product=greene-33-estrategias-de-guerra-edicao-concisa","title":{"rendered":"[GREENE] 33 ESTRAT\u00c9GIAS DE GUERRA: EDI\u00c7\u00c3O CONCISA"},"content":{"rendered":"<p>TG-01[7]<br \/>\nGreene, Robert (1959-)<br \/>\n33 Estrat\u00e9gias De Guerra: Edi\u00e7\u00e3o Concisa<br \/>\nRobert Greene; Joost Elfers; Tradu\u00e7\u00e3o de Talit\u00e1 M. Rodrigues.<br \/>\nRio de Janeiro: Rocco, 2013.<\/p>\n","protected":false},"excerpt":{"rendered":"<p>TG-01[7] Greene, Robert (1959-) 33 Estrat\u00e9gias De Guerra: Edi\u00e7\u00e3o Concisa Robert Greene; Joost Elfers; Tradu\u00e7\u00e3o de Talit\u00e1 M. Rodrigues. Rio de Janeiro: Rocco, 2013.<\/p>\n","protected":false},"featured_media":0,"comment_status":"open","ping_status":"closed","template":"","meta":[],"product_cat":[39,38],"product_tag":[],"class_list":{"0":"post-111","1":"product","2":"type-product","3":"status-publish","5":"product_cat-estrategia","6":"product_cat-guerra","7":"excerpt","15":"first","16":"instock","17":"taxable","18":"shipping-taxable","19":"purchasable","20":"product-type-simple"},"jetpack_sharing_enabled":true,"_links":{"self":[{"href":"https:\/\/treinamentolivre.com\/coder\/index.php?rest_route=\/wp\/v2\/product\/111","targetHints":{"allow":["GET"]}}],"collection":[{"href":"https:\/\/treinamentolivre.com\/coder\/index.php?rest_route=\/wp\/v2\/product"}],"about":[{"href":"https:\/\/treinamentolivre.com\/coder\/index.php?rest_route=\/wp\/v2\/types\/product"}],"replies":[{"embeddable":true,"href":"https:\/\/treinamentolivre.com\/coder\/index.php?rest_route=%2Fwp%2Fv2%2Fcomments&post=111"}],"wp:attachment":[{"href":"https:\/\/treinamentolivre.com\/coder\/index.php?rest_route=%2Fwp%2Fv2%2Fmedia&parent=111"}],"wp:term":[{"taxonomy":"product_cat","embeddable":true,"href":"https:\/\/treinamentolivre.com\/coder\/index.php?rest_route=%2Fwp%2Fv2%2Fproduct_cat&post=111"},{"taxonomy":"product_tag","embeddable":true,"href":"https:\/\/treinamentolivre.com\/coder\/index.php?rest_route=%2Fwp%2Fv2%2Fproduct_tag&post=111"}],"curies":[{"name":"wp","href":"https:\/\/api.w.org\/{rel}","templated":true}]}}