{"id":872,"date":"2023-11-19T17:21:35","date_gmt":"2023-11-19T20:21:35","guid":{"rendered":"http:\/\/treinamentolivre.com\/aluno04\/?page_id=872"},"modified":"2023-11-19T18:41:02","modified_gmt":"2023-11-19T21:41:02","slug":"curso-de-linguistica-geral-resumo","status":"publish","type":"page","link":"https:\/\/treinamentolivre.com\/aluno04\/?page_id=872","title":{"rendered":"Curso de Lingu\u00edstica Geral: Resumo."},"content":{"rendered":"\n<blockquote class=\"wp-block-quote is-layout-flow wp-block-quote-is-layout-flow\"><p>Este \u00e9 um resumo, feito por Hali Omani, do livro \u201cCurso de Lingu\u00edstica Geral\u201d de Ferdinand de Saussure. Organizado por Charles Bally e Albert Sechehaye, com a colabora\u00e7\u00e3o de Albert Riedilinger. Pref\u00e1cio \u00e0 edic\u00e3o brasileira de Nicolau Salum (5a. ed). S\u00e3o Paulo: Cultrix [1973].<\/p><\/blockquote>\n\n\n\n<figure class=\"wp-block-embed-wordpress wp-block-embed is-type-wp-embed is-provider-verbi-gratia\"><div class=\"wp-block-embed__wrapper\">\n<blockquote class=\"wp-embedded-content\" data-secret=\"5P5ITqUHSA\"><a href=\"https:\/\/treinamentolivre.com\/aluno04\/?p=869\">Curso de Lingu\u00edstica Geral: Resumo \u2013 Cap\u00edtulo I<\/a><\/blockquote><iframe loading=\"lazy\" class=\"wp-embedded-content\" sandbox=\"allow-scripts\" security=\"restricted\" style=\"position: absolute; visibility: hidden;\" title=\"&#8220;Curso de Lingu\u00edstica Geral: Resumo \u2013 Cap\u00edtulo I&#8221; &#8212; Verbi Gratia\" src=\"https:\/\/treinamentolivre.com\/aluno04\/?p=869&#038;embed=true#?secret=syUxsExwY5#?secret=5P5ITqUHSA\" data-secret=\"5P5ITqUHSA\" width=\"500\" height=\"282\" frameborder=\"0\" marginwidth=\"0\" marginheight=\"0\" scrolling=\"no\"><\/iframe>\n<\/div><\/figure>\n\n\n\n<figure class=\"wp-block-embed-wordpress wp-block-embed is-type-wp-embed is-provider-verbi-gratia\"><div class=\"wp-block-embed__wrapper\">\n<blockquote class=\"wp-embedded-content\" data-secret=\"YChH2VtuYt\"><a href=\"https:\/\/treinamentolivre.com\/aluno04\/?p=876\">Curso de Lingu\u00edstica Geral: Resumo \u2013 Cap\u00edtulo II<\/a><\/blockquote><iframe loading=\"lazy\" class=\"wp-embedded-content\" sandbox=\"allow-scripts\" security=\"restricted\" style=\"position: absolute; visibility: hidden;\" title=\"&#8220;Curso de Lingu\u00edstica Geral: Resumo \u2013 Cap\u00edtulo II&#8221; &#8212; Verbi Gratia\" src=\"https:\/\/treinamentolivre.com\/aluno04\/?p=876&#038;embed=true#?secret=pcFEDldu5r#?secret=YChH2VtuYt\" data-secret=\"YChH2VtuYt\" width=\"500\" height=\"282\" frameborder=\"0\" marginwidth=\"0\" marginheight=\"0\" scrolling=\"no\"><\/iframe>\n<\/div><\/figure>\n","protected":false},"excerpt":{"rendered":"<p>Este \u00e9 um resumo, feito por Hali Omani, do livro \u201cCurso de Lingu\u00edstica Geral\u201d de Ferdinand de Saussure. Organizado por Charles Bally e Albert Sechehaye, com a colabora\u00e7\u00e3o de Albert&#8230;<\/p>\n<div class=\"more-link-wrapper\"><a class=\"more-link\" href=\"https:\/\/treinamentolivre.com\/aluno04\/?page_id=872\">Continuar a ler&#8230;<span class=\"screen-reader-text\">Curso de Lingu\u00edstica Geral: Resumo.<\/span><\/a><\/div>\n","protected":false},"author":1,"featured_media":0,"parent":0,"menu_order":0,"comment_status":"closed","ping_status":"closed","template":"","meta":{"footnotes":""},"class_list":["post-872","page","type-page","status-publish","hentry","excerpt"],"_links":{"self":[{"href":"https:\/\/treinamentolivre.com\/aluno04\/index.php?rest_route=\/wp\/v2\/pages\/872","targetHints":{"allow":["GET"]}}],"collection":[{"href":"https:\/\/treinamentolivre.com\/aluno04\/index.php?rest_route=\/wp\/v2\/pages"}],"about":[{"href":"https:\/\/treinamentolivre.com\/aluno04\/index.php?rest_route=\/wp\/v2\/types\/page"}],"author":[{"embeddable":true,"href":"https:\/\/treinamentolivre.com\/aluno04\/index.php?rest_route=\/wp\/v2\/users\/1"}],"replies":[{"embeddable":true,"href":"https:\/\/treinamentolivre.com\/aluno04\/index.php?rest_route=%2Fwp%2Fv2%2Fcomments&post=872"}],"version-history":[{"count":3,"href":"https:\/\/treinamentolivre.com\/aluno04\/index.php?rest_route=\/wp\/v2\/pages\/872\/revisions"}],"predecessor-version":[{"id":878,"href":"https:\/\/treinamentolivre.com\/aluno04\/index.php?rest_route=\/wp\/v2\/pages\/872\/revisions\/878"}],"wp:attachment":[{"href":"https:\/\/treinamentolivre.com\/aluno04\/index.php?rest_route=%2Fwp%2Fv2%2Fmedia&parent=872"}],"curies":[{"name":"wp","href":"https:\/\/api.w.org\/{rel}","templated":true}]}}