{"id":843,"date":"2023-11-06T20:18:27","date_gmt":"2023-11-06T23:18:27","guid":{"rendered":"http:\/\/treinamentolivre.com\/aluno04\/?page_id=843"},"modified":"2023-11-11T21:44:10","modified_gmt":"2023-11-12T00:44:10","slug":"zettel","status":"publish","type":"page","link":"https:\/\/treinamentolivre.com\/aluno04\/?page_id=843","title":{"rendered":"Zettel"},"content":{"rendered":"\n<p>Roubei o t\u00edtulo desta p\u00e1gina do livro de Ludwig Wittgenstein. Em alem\u00e3o, Zettel s\u00e3o anota\u00e7\u00f5es em papel, do tipo que hoje chamamos de post-it.<\/p>\n\n\n\n<p>Ent\u00e3o aqui voc\u00ea ver\u00e1 anota\u00e7\u00f5es sobre minha experi\u00eancia no curso de Letras da UERJ, coment\u00e1rios r\u00e1pidos e, talvez, o in\u00edcio de algumas pol\u00eamicas.<\/p>\n\n\n\n<figure class=\"wp-block-embed-wordpress wp-block-embed is-type-wp-embed is-provider-verbi-gratia\"><div class=\"wp-block-embed__wrapper\">\n<blockquote class=\"wp-embedded-content\" data-secret=\"paL95h0sDw\"><a href=\"https:\/\/treinamentolivre.com\/aluno04\/?p=860\">Hali Omani: Trajet\u00f3ria E Futuro<\/a><\/blockquote><iframe loading=\"lazy\" class=\"wp-embedded-content\" sandbox=\"allow-scripts\" security=\"restricted\" style=\"position: absolute; visibility: hidden;\" title=\"&#8220;Hali Omani: Trajet\u00f3ria E Futuro&#8221; &#8212; Verbi Gratia\" src=\"https:\/\/treinamentolivre.com\/aluno04\/?p=860&#038;embed=true#?secret=ivSgFRIWT9#?secret=paL95h0sDw\" data-secret=\"paL95h0sDw\" width=\"500\" height=\"282\" frameborder=\"0\" marginwidth=\"0\" marginheight=\"0\" scrolling=\"no\"><\/iframe>\n<\/div><\/figure>\n","protected":false},"excerpt":{"rendered":"<p>Roubei o t\u00edtulo desta p\u00e1gina do livro de Ludwig Wittgenstein. Em alem\u00e3o, Zettel s\u00e3o anota\u00e7\u00f5es em papel, do tipo que hoje chamamos de post-it. Ent\u00e3o aqui voc\u00ea ver\u00e1 anota\u00e7\u00f5es sobre&#8230;<\/p>\n<div class=\"more-link-wrapper\"><a class=\"more-link\" href=\"https:\/\/treinamentolivre.com\/aluno04\/?page_id=843\">Continuar a ler&#8230;<span class=\"screen-reader-text\">Zettel<\/span><\/a><\/div>\n","protected":false},"author":1,"featured_media":0,"parent":0,"menu_order":0,"comment_status":"closed","ping_status":"closed","template":"","meta":{"footnotes":""},"class_list":["post-843","page","type-page","status-publish","hentry","excerpt"],"_links":{"self":[{"href":"https:\/\/treinamentolivre.com\/aluno04\/index.php?rest_route=\/wp\/v2\/pages\/843","targetHints":{"allow":["GET"]}}],"collection":[{"href":"https:\/\/treinamentolivre.com\/aluno04\/index.php?rest_route=\/wp\/v2\/pages"}],"about":[{"href":"https:\/\/treinamentolivre.com\/aluno04\/index.php?rest_route=\/wp\/v2\/types\/page"}],"author":[{"embeddable":true,"href":"https:\/\/treinamentolivre.com\/aluno04\/index.php?rest_route=\/wp\/v2\/users\/1"}],"replies":[{"embeddable":true,"href":"https:\/\/treinamentolivre.com\/aluno04\/index.php?rest_route=%2Fwp%2Fv2%2Fcomments&post=843"}],"version-history":[{"count":2,"href":"https:\/\/treinamentolivre.com\/aluno04\/index.php?rest_route=\/wp\/v2\/pages\/843\/revisions"}],"predecessor-version":[{"id":863,"href":"https:\/\/treinamentolivre.com\/aluno04\/index.php?rest_route=\/wp\/v2\/pages\/843\/revisions\/863"}],"wp:attachment":[{"href":"https:\/\/treinamentolivre.com\/aluno04\/index.php?rest_route=%2Fwp%2Fv2%2Fmedia&parent=843"}],"curies":[{"name":"wp","href":"https:\/\/api.w.org\/{rel}","templated":true}]}}