{"id":609,"date":"2023-02-05T22:23:15","date_gmt":"2023-02-06T01:23:15","guid":{"rendered":"http:\/\/treinamentolivre.com\/aluno04\/?page_id=609"},"modified":"2023-02-05T23:53:33","modified_gmt":"2023-02-06T02:53:33","slug":"sites","status":"publish","type":"page","link":"https:\/\/treinamentolivre.com\/aluno04\/?page_id=609","title":{"rendered":"Sites"},"content":{"rendered":"\n<ul class=\"wp-block-list\"><li><a rel=\"noreferrer noopener\" href=\"https:\/\/rerissoncavalcante.wordpress.com\/\" target=\"_blank\">RERISSON CAVALCANTE DE ARA\u00daJO<\/a> &#8211; Um site bem legal, com boas refer\u00eancias para leitura. O autor tem um curriculum Lattes bem consistente.<\/li><li>GEL &#8211; <a rel=\"noreferrer noopener\" href=\"https:\/\/treinamentolivre.com\/aluno04\/?page_id=288\" target=\"_blank\">GRUPO DE ESTUDANTES DE LINGU\u00cdSTICA NA UERJ<\/a>. O pr\u00f3prio site do GEL traz indica\u00e7\u00f5es de outros sites de interesse.<\/li><\/ul>\n\n\n\n<p><\/p>\n","protected":false},"excerpt":{"rendered":"<p>RERISSON CAVALCANTE DE ARA\u00daJO &#8211; Um site bem legal, com boas refer\u00eancias para leitura. O autor tem um curriculum Lattes bem consistente. GEL &#8211; GRUPO DE ESTUDANTES DE LINGU\u00cdSTICA NA&#8230;<\/p>\n<div class=\"more-link-wrapper\"><a class=\"more-link\" href=\"https:\/\/treinamentolivre.com\/aluno04\/?page_id=609\">Continuar a ler&#8230;<span class=\"screen-reader-text\">Sites<\/span><\/a><\/div>\n","protected":false},"author":1,"featured_media":0,"parent":0,"menu_order":0,"comment_status":"closed","ping_status":"closed","template":"","meta":{"footnotes":""},"class_list":["post-609","page","type-page","status-publish","hentry","excerpt"],"_links":{"self":[{"href":"https:\/\/treinamentolivre.com\/aluno04\/index.php?rest_route=\/wp\/v2\/pages\/609","targetHints":{"allow":["GET"]}}],"collection":[{"href":"https:\/\/treinamentolivre.com\/aluno04\/index.php?rest_route=\/wp\/v2\/pages"}],"about":[{"href":"https:\/\/treinamentolivre.com\/aluno04\/index.php?rest_route=\/wp\/v2\/types\/page"}],"author":[{"embeddable":true,"href":"https:\/\/treinamentolivre.com\/aluno04\/index.php?rest_route=\/wp\/v2\/users\/1"}],"replies":[{"embeddable":true,"href":"https:\/\/treinamentolivre.com\/aluno04\/index.php?rest_route=%2Fwp%2Fv2%2Fcomments&post=609"}],"version-history":[{"count":3,"href":"https:\/\/treinamentolivre.com\/aluno04\/index.php?rest_route=\/wp\/v2\/pages\/609\/revisions"}],"predecessor-version":[{"id":624,"href":"https:\/\/treinamentolivre.com\/aluno04\/index.php?rest_route=\/wp\/v2\/pages\/609\/revisions\/624"}],"wp:attachment":[{"href":"https:\/\/treinamentolivre.com\/aluno04\/index.php?rest_route=%2Fwp%2Fv2%2Fmedia&parent=609"}],"curies":[{"name":"wp","href":"https:\/\/api.w.org\/{rel}","templated":true}]}}