{"id":566,"date":"2023-02-05T15:47:06","date_gmt":"2023-02-05T18:47:06","guid":{"rendered":"http:\/\/treinamentolivre.com\/aluno04\/?page_id=566"},"modified":"2024-04-08T21:16:10","modified_gmt":"2024-04-09T00:16:10","slug":"historia","status":"publish","type":"page","link":"https:\/\/treinamentolivre.com\/aluno04\/?page_id=566","title":{"rendered":"Hist\u00f3ria"},"content":{"rendered":"\n<p>Aqui ficar\u00e1 a lista de fatos hist\u00f3ricos da Lingu\u00edstica, do mais novo para o mais antigo.<\/p>\n\n\n\n<p><\/p>\n","protected":false},"excerpt":{"rendered":"<p>Aqui ficar\u00e1 a lista de fatos hist\u00f3ricos da Lingu\u00edstica, do mais novo para o mais antigo.<\/p>\n","protected":false},"author":1,"featured_media":0,"parent":0,"menu_order":0,"comment_status":"closed","ping_status":"closed","template":"","meta":{"footnotes":""},"class_list":["post-566","page","type-page","status-publish","hentry","excerpt"],"_links":{"self":[{"href":"https:\/\/treinamentolivre.com\/aluno04\/index.php?rest_route=\/wp\/v2\/pages\/566","targetHints":{"allow":["GET"]}}],"collection":[{"href":"https:\/\/treinamentolivre.com\/aluno04\/index.php?rest_route=\/wp\/v2\/pages"}],"about":[{"href":"https:\/\/treinamentolivre.com\/aluno04\/index.php?rest_route=\/wp\/v2\/types\/page"}],"author":[{"embeddable":true,"href":"https:\/\/treinamentolivre.com\/aluno04\/index.php?rest_route=\/wp\/v2\/users\/1"}],"replies":[{"embeddable":true,"href":"https:\/\/treinamentolivre.com\/aluno04\/index.php?rest_route=%2Fwp%2Fv2%2Fcomments&post=566"}],"version-history":[{"count":3,"href":"https:\/\/treinamentolivre.com\/aluno04\/index.php?rest_route=\/wp\/v2\/pages\/566\/revisions"}],"predecessor-version":[{"id":1015,"href":"https:\/\/treinamentolivre.com\/aluno04\/index.php?rest_route=\/wp\/v2\/pages\/566\/revisions\/1015"}],"wp:attachment":[{"href":"https:\/\/treinamentolivre.com\/aluno04\/index.php?rest_route=%2Fwp%2Fv2%2Fmedia&parent=566"}],"curies":[{"name":"wp","href":"https:\/\/api.w.org\/{rel}","templated":true}]}}