{"id":544,"date":"2023-02-05T15:28:27","date_gmt":"2023-02-05T18:28:27","guid":{"rendered":"http:\/\/treinamentolivre.com\/aluno04\/?page_id=544"},"modified":"2023-03-13T20:45:27","modified_gmt":"2023-03-13T23:45:27","slug":"na-pratica","status":"publish","type":"page","link":"https:\/\/treinamentolivre.com\/aluno04\/?page_id=544","title":{"rendered":"Experimentos"},"content":{"rendered":"\n<figure class=\"wp-block-embed-wordpress wp-block-embed is-type-wp-embed is-provider-verbi-gratia\"><div class=\"wp-block-embed__wrapper\">\n<blockquote class=\"wp-embedded-content\" data-secret=\"cO05bon7iK\"><a href=\"https:\/\/treinamentolivre.com\/aluno04\/?p=705\">OpenAI: A escrita como adapta\u00e7\u00e3o da vis\u00e3o humana.<\/a><\/blockquote><iframe loading=\"lazy\" class=\"wp-embedded-content\" sandbox=\"allow-scripts\" security=\"restricted\" style=\"position: absolute; visibility: hidden;\" title=\"&#8220;OpenAI: A escrita como adapta\u00e7\u00e3o da vis\u00e3o humana.&#8221; &#8212; Verbi Gratia\" src=\"https:\/\/treinamentolivre.com\/aluno04\/?p=705&#038;embed=true#?secret=nbEB7SB23s#?secret=cO05bon7iK\" data-secret=\"cO05bon7iK\" width=\"500\" height=\"282\" frameborder=\"0\" marginwidth=\"0\" marginheight=\"0\" scrolling=\"no\"><\/iframe>\n<\/div><\/figure>\n\n\n\n<figure class=\"wp-block-embed-wordpress wp-block-embed is-type-wp-embed is-provider-verbi-gratia\"><div class=\"wp-block-embed__wrapper\">\n<blockquote class=\"wp-embedded-content\" data-secret=\"0bjklrk6aa\"><a href=\"https:\/\/treinamentolivre.com\/aluno04\/?p=620\">OpenAI: refer\u00eancias de lingu\u00edstica.<\/a><\/blockquote><iframe loading=\"lazy\" class=\"wp-embedded-content\" sandbox=\"allow-scripts\" security=\"restricted\" style=\"position: absolute; visibility: hidden;\" title=\"&#8220;OpenAI: refer\u00eancias de lingu\u00edstica.&#8221; &#8212; Verbi Gratia\" src=\"https:\/\/treinamentolivre.com\/aluno04\/?p=620&#038;embed=true#?secret=wtlTE7BUEe#?secret=0bjklrk6aa\" data-secret=\"0bjklrk6aa\" width=\"500\" height=\"282\" frameborder=\"0\" marginwidth=\"0\" marginheight=\"0\" scrolling=\"no\"><\/iframe>\n<\/div><\/figure>\n","protected":false},"excerpt":{"rendered":"","protected":false},"author":1,"featured_media":0,"parent":0,"menu_order":0,"comment_status":"closed","ping_status":"closed","template":"","meta":{"footnotes":""},"class_list":["post-544","page","type-page","status-publish","hentry","excerpt"],"_links":{"self":[{"href":"https:\/\/treinamentolivre.com\/aluno04\/index.php?rest_route=\/wp\/v2\/pages\/544","targetHints":{"allow":["GET"]}}],"collection":[{"href":"https:\/\/treinamentolivre.com\/aluno04\/index.php?rest_route=\/wp\/v2\/pages"}],"about":[{"href":"https:\/\/treinamentolivre.com\/aluno04\/index.php?rest_route=\/wp\/v2\/types\/page"}],"author":[{"embeddable":true,"href":"https:\/\/treinamentolivre.com\/aluno04\/index.php?rest_route=\/wp\/v2\/users\/1"}],"replies":[{"embeddable":true,"href":"https:\/\/treinamentolivre.com\/aluno04\/index.php?rest_route=%2Fwp%2Fv2%2Fcomments&post=544"}],"version-history":[{"count":18,"href":"https:\/\/treinamentolivre.com\/aluno04\/index.php?rest_route=\/wp\/v2\/pages\/544\/revisions"}],"predecessor-version":[{"id":708,"href":"https:\/\/treinamentolivre.com\/aluno04\/index.php?rest_route=\/wp\/v2\/pages\/544\/revisions\/708"}],"wp:attachment":[{"href":"https:\/\/treinamentolivre.com\/aluno04\/index.php?rest_route=%2Fwp%2Fv2%2Fmedia&parent=544"}],"curies":[{"name":"wp","href":"https:\/\/api.w.org\/{rel}","templated":true}]}}