{"id":542,"date":"2023-02-05T15:28:08","date_gmt":"2023-02-05T18:28:08","guid":{"rendered":"http:\/\/treinamentolivre.com\/aluno04\/?page_id=542"},"modified":"2023-11-06T09:33:24","modified_gmt":"2023-11-06T12:33:24","slug":"o-caminho","status":"publish","type":"page","link":"https:\/\/treinamentolivre.com\/aluno04\/?page_id=542","title":{"rendered":"O caminho"},"content":{"rendered":"\n<p>Geralmente o livro inicial de qualquer curso de lingu\u00edstica \u00e9 o (Saussure, 1915): &#8220;<a href=\"https:\/\/edisciplinas.usp.br\/pluginfile.php\/4622783\/mod_resource\/content\/1\/Saussure16CursoDeLinguisticaGeral.pdf\" target=\"_blank\" rel=\"noreferrer noopener\">Curso de Ling\u00fc\u00edstica Geral<\/a>&#8220;. <\/p>\n\n\n\n<blockquote class=\"wp-block-quote is-layout-flow wp-block-quote-is-layout-flow\"><p>&#8220;<strong>Ferdinand de Saussure<\/strong> (Genebra, 26 de novembro de 1857 \u2014 Morges, 22 de fevereiro de 1913) foi um linguista e fil\u00f3sofo su\u00ed\u00e7o, cujas elabora\u00e7\u00f5es te\u00f3ricas propiciaram o desenvolvimento da lingu\u00edstica enquanto ci\u00eancia aut\u00f4noma. Seu pensamento exerceu grande influ\u00eancia sobre o campo da teoria da literatura e dos estudos culturais.<\/p><p>Saussure entendia a lingu\u00edstica como um ramo da ci\u00eancia mais geral dos signos, que ele prop\u00f4s que fosse chamada de Semiologia. Gra\u00e7as aos seus estudos e ao trabalho de <strong>Leonard Bloomfield<\/strong>, a lingu\u00edstica adquiriu autonomia, objeto e m\u00e9todo pr\u00f3prios. Seus conceitos serviram de base para o estruturalismo no s\u00e9culo XX.&#8221;<\/p><\/blockquote>\n\n\n\n<p class=\"has-text-align-right\"><strong>Wikipedia<\/strong><\/p>\n\n\n\n<p>A antiga obra foi escrita por alunos de Saussure, como resumo de notas de aula.<\/p>\n\n\n\n<p>Se eu perguntar a todos os alunos de Letras que tiveram Linguistica em seus curr\u00edculos (e foram todos mesmo), vou descobrir que nenhum deles leu Saussure inteiro. Todos n\u00f3s nos baseamos em notas de aula e c\u00f3pias de cap\u00edtulos esparsos. Saussure \u00e9 chato, mas \u00e9 essencial. Eu me obrigo, no Projeto Pallas, a fazer o fichamento completo dele e uma lista das obras citadas.<\/p>\n\n\n\n<p><strong>I<\/strong>. Mas como primeira leitura eu recomendo o instigante texto <strong>(Sampaio, 2015)<\/strong>, resgatado aqui, sobre a uni\u00e3o da Lingu\u00edstica, psicologia e neuroci\u00eancia:<\/p>\n\n\n\n<p>Sampaio. T.: &#8220;<a rel=\"noreferrer noopener\" href=\"http:\/\/treinamentolivre.com\/aluno04\/wp-content\/uploads\/2023\/02\/4632-9977-1-PB.pdf\" target=\"_blank\">Lingu\u00edstica, psicologia e neuroci\u00eancia: a uni\u00e3o inescap\u00e1vel dessas tr\u00eas disciplinas<\/a>&#8220;<br>Thiago Oliveira da Motta Sampaio, Aniela Improta Fran\u00e7a, Marcus Ant\u00f4nio Rezende Maia. Revista lingu\u00edStica \/ Revista do Programa de P\u00f3s-Gradua\u00e7\u00e3o em Lingu\u00edstica da Universidade Federal do Rio de Janeiro. Volume 11, n\u00famero 1, junho de 2015, p. 230-251. ISSN 2238-975X 1. Dispon\u00edvel em &lt; https:\/\/doi.org\/10.31513\/linguistica.2015.v11n1a4632 &gt;.<\/p>\n\n\n\n<p><strong>II<\/strong>. Se o seu ingl\u00eas \u00e9 bom, minha recomenda\u00e7\u00e3o de leitura seguinte  \u00e9 o (<strong>Fasold, 2006<\/strong>): &#8220;An Introduction to Language and Linguistics&#8221;. Veja a \u00c1rea 51 deste site.<\/p>\n\n\n\n<p><strong>III.<\/strong> Deixemos agora que o ChatGPT nos auxilie:<\/p>\n\n\n\n<figure class=\"wp-block-embed-wordpress wp-block-embed is-type-wp-embed is-provider-verbi-gratia\"><div class=\"wp-block-embed__wrapper\">\n<blockquote class=\"wp-embedded-content\" data-secret=\"XNPIV2x3yG\"><a href=\"https:\/\/treinamentolivre.com\/aluno04\/?p=620\">OpenAI: refer\u00eancias de lingu\u00edstica.<\/a><\/blockquote><iframe loading=\"lazy\" class=\"wp-embedded-content\" sandbox=\"allow-scripts\" security=\"restricted\" style=\"position: absolute; visibility: hidden;\" title=\"&#8220;OpenAI: refer\u00eancias de lingu\u00edstica.&#8221; &#8212; Verbi Gratia\" src=\"https:\/\/treinamentolivre.com\/aluno04\/?p=620&#038;embed=true#?secret=hLVDjc5zCM#?secret=XNPIV2x3yG\" data-secret=\"XNPIV2x3yG\" width=\"500\" height=\"282\" frameborder=\"0\" marginwidth=\"0\" marginheight=\"0\" scrolling=\"no\"><\/iframe>\n<\/div><\/figure>\n\n\n\n<p><\/p>\n\n\n\n<p><\/p>\n\n\n\n<p><\/p>\n","protected":false},"excerpt":{"rendered":"<p>Geralmente o livro inicial de qualquer curso de lingu\u00edstica \u00e9 o (Saussure, 1915): &#8220;Curso de Ling\u00fc\u00edstica Geral&#8220;. &#8220;Ferdinand de Saussure (Genebra, 26 de novembro de 1857 \u2014 Morges, 22 de&#8230;<\/p>\n<div class=\"more-link-wrapper\"><a class=\"more-link\" href=\"https:\/\/treinamentolivre.com\/aluno04\/?page_id=542\">Continuar a ler&#8230;<span class=\"screen-reader-text\">O caminho<\/span><\/a><\/div>\n","protected":false},"author":1,"featured_media":0,"parent":0,"menu_order":0,"comment_status":"closed","ping_status":"closed","template":"","meta":{"footnotes":""},"class_list":["post-542","page","type-page","status-publish","hentry","excerpt"],"_links":{"self":[{"href":"https:\/\/treinamentolivre.com\/aluno04\/index.php?rest_route=\/wp\/v2\/pages\/542","targetHints":{"allow":["GET"]}}],"collection":[{"href":"https:\/\/treinamentolivre.com\/aluno04\/index.php?rest_route=\/wp\/v2\/pages"}],"about":[{"href":"https:\/\/treinamentolivre.com\/aluno04\/index.php?rest_route=\/wp\/v2\/types\/page"}],"author":[{"embeddable":true,"href":"https:\/\/treinamentolivre.com\/aluno04\/index.php?rest_route=\/wp\/v2\/users\/1"}],"replies":[{"embeddable":true,"href":"https:\/\/treinamentolivre.com\/aluno04\/index.php?rest_route=%2Fwp%2Fv2%2Fcomments&post=542"}],"version-history":[{"count":20,"href":"https:\/\/treinamentolivre.com\/aluno04\/index.php?rest_route=\/wp\/v2\/pages\/542\/revisions"}],"predecessor-version":[{"id":842,"href":"https:\/\/treinamentolivre.com\/aluno04\/index.php?rest_route=\/wp\/v2\/pages\/542\/revisions\/842"}],"wp:attachment":[{"href":"https:\/\/treinamentolivre.com\/aluno04\/index.php?rest_route=%2Fwp%2Fv2%2Fmedia&parent=542"}],"curies":[{"name":"wp","href":"https:\/\/api.w.org\/{rel}","templated":true}]}}