{"id":453,"date":"2022-10-05T17:05:19","date_gmt":"2022-10-05T20:05:19","guid":{"rendered":"http:\/\/treinamentolivre.com\/aluno04\/?page_id=453"},"modified":"2022-10-05T17:06:32","modified_gmt":"2022-10-05T20:06:32","slug":"a-linguistica-na-graduacao-de-letras-da-uff","status":"publish","type":"page","link":"https:\/\/treinamentolivre.com\/aluno04\/?page_id=453","title":{"rendered":"A LINGU\u00cdSTICA NA GRADUA\u00c7\u00c3O DE LETRAS DA UFF."},"content":{"rendered":"\n<p>O curso de Letras Portugu\u00eas-Ingl\u00eas da UFF oferece o maior n\u00famero de disciplinas de gradua\u00e7\u00e3o, tendo Lingu\u00edstica como tema. Nem todas est\u00e3o dispon\u00edveis em cada semestre. A lista a seguir n\u00e3o est\u00e1 completa, por falta de informa\u00e7\u00f5es no sistema daquela universidade.<\/p>\n\n\n\n<p><strong>Disciplina: GCL00064<\/strong><br>Nome: LINGU\u00cdSTICA I<br>Ementa: Linguagem, l\u00edngua e fala. O signo lingu\u00edstico: significado e significante; a arbitrariedade do signo. O conceito de valor. A dupla articula\u00e7\u00e3o das l\u00ednguas. Rela\u00e7\u00f5es sintagm\u00e1ticas e correla\u00e7\u00f5es paradigm\u00e1ticas. Os pontos de vista sincr\u00f4nico e diacr\u00f4nico. L\u00edngua<br>em sociedade: fatores de preserva\u00e7\u00e3o, de varia\u00e7\u00e3o e de mudan\u00e7a ling\u00fc\u00edstica. Teoria da Varia\u00e7\u00e3o: pressupostos te\u00f3ricos e metodologia de pesquisa. Os desenvolvimentos atuais dos estudos lingu\u00edsticos.<\/p>\n\n\n\n<p><strong>Disciplina: GCL00065<\/strong><br>Nome: LINGU\u00cdSTICA II<br>Ementa: Fundamentos da ling\u00fc\u00edstica gerativa: pressupostos te\u00f3ricos, surgimento e desenvolvimento do gerativsmo; As no\u00e7\u00f5es de Faculdade da Linguagem, Gram\u00e1tica Universal e Compet\u00eancia Ling\u00fc\u00edstica; Arquitetura da Linguagem em diferentes modelos gerativistas. A aquisi\u00e7\u00e3o da linguagem: O fen\u00f4meno da aquisi\u00e7\u00e3o da l\u00edngua materna; Fases da Aquisi\u00e7\u00e3o, Aquisi\u00e7\u00e3o dos sistemas lexical, fonol\u00f3gico, morfossint\u00e1tico e sem\u00e2ntico-pragm\u00e1tico; Abordagens e teorias sobre a aquisi\u00e7\u00e3o da linguagem: as hip\u00f3teses inatista e interacionista.<\/p>\n\n\n\n<p><strong>Disciplina: GCL00066<\/strong><br>Nome: LINGU\u00cdSTICA III<br>Ementa: an\u00e1lise do discurso: pressupostos te\u00f3ricos e procedimentos metodol\u00f3gicos. sujeito, hist\u00f3ria e ideologia. dentidades sociais e rela\u00e7\u00f5es interpessoais, organiza\u00e7\u00e3o discursiva e condi\u00e7\u00f5es de produ\u00e7\u00e3o. e condi\u00e7\u00f5es de produ\u00e7\u00e3o. coes\u00e3o e coer\u00eancia. intertextualidade e<br>interdiscursividade. contribui\u00e7\u00e3o das teorias do discurso e do texto para o ensino de l\u00edngua materna.<\/p>\n\n\n\n<p><strong>Disciplina: EAD00167<\/strong><br>Nome: LINGU\u00cdSTICA III &#8211; ESTUDOS DO TEXTO E DO DISCURSO<br>Ementa: Esta disciplina n\u00e3o possui conte\u00fado program\u00e1tico<\/p>\n\n\n\n<p><strong>Disciplina: EAD00192<\/strong><br>Nome: LINGU\u00cdSTICA IV &#8211; CONTRIBUI\u00c7\u00d5ES DA LINGU\u00cdSTICA PARA O ENSINO<br>Ementa: Usos lingu\u00edsticos, gram\u00e1tica e ensino da l\u00edngua materna. As no\u00e7\u00f5es de modalidades de de l\u00edngua, de variedade e de adequa\u00e7\u00e3o lingu\u00edstica. Diversidade de normas e atitudes lingu\u00edsticas. Abordagens atuais sobre lingu\u00edstica e ensino.<\/p>\n\n\n\n<p><strong>Disciplina: EAD00197<\/strong><br>Nome: LINGU\u00cdSTICA V &#8211; PR\u00c1TICAS DE LEITURA<br>Ementa: A polissemia da palavra leitura. Tema, figura e efeitos de sentido. Compreens\u00e3o e interpreta\u00e7\u00e3o. Leitor, autor e texto. Pr\u00e1ticas de leitura em sala de aula.<\/p>\n\n\n\n<p><strong>Disciplina: GCL00060<\/strong><br>Nome: LINGU\u00cdSTICA XVI (ESTUDOS DE LINGUAGEM)<br>Ementa: Esta disciplina n\u00e3o possui conte\u00fado program\u00e1tico<\/p>\n\n\n\n<p><strong>Disciplina: GCL00061<\/strong><br>Nome: LINGU\u00cdSTICA XVII (AN\u00c1LISE DOS DISCURSOS MIDI\u00c1TICOS)<br>Ementa: Esta disciplina n\u00e3o possui conte\u00fado program\u00e1tico.<\/p>\n\n\n\n<p><strong>Disciplina: GLE00518<\/strong><br>Nome: T\u00d3PICOS EM LINGU\u00cdSTICA APLICADA AO ENSINO DE INGL\u00caS COMO LE &#8211; CONCEP\u00c7\u00d5ES E PR\u00c1TICAS.<br>Ementa: <\/p>\n\n\n\n<ol class=\"wp-block-list\"><li>RECURSOS PARA O ENSINO\/APRENDIZAGEM DE L\u00cdNGUAS &#8211; MULTIMODALIDADE. O V\u00cdDEO E TECNOLOGIAS EMERGENTES COMO RECURSO DID\u00c1TICO. <\/li><li>COLABORA\u00c7\u00c3O, AUTONOMIA E APRENDIZAGEM CONTINUADA &#8211; O TRATAMENTO DESSES CONCEITOS NA ERA DIGITAL. <\/li><li>MATERIAIS DID\u00c1TICOS &#8211; AN\u00c1LISE, SELE\u00c7\u00c3O E ADAPTA\u00c7\u00c3O DE MATERIAIS. A CRIA\u00c7\u00c3O DE ATIVIDADES DID\u00c1TICAS. AUTENTICIDADE. <\/li><li>AVALIA\u00c7\u00c3O &#8211; TIPOS DE TESTE E DE ITEM. CRIA\u00c7\u00c3O E CORRE\u00c7\u00c3O DE TESTES. AVALIA\u00c7\u00c3O COMO PARTE DO PROCESSO PEDAG\u00d3GICO. <\/li><li>FEEDBACK &#8211; O TRATAMENTO DO ERRO NA SALA DE AULA DE LE.<\/li><\/ol>\n\n\n\n<p><strong>Disciplina: GLE00618<\/strong><br>Nome: T\u00d3PICOS ESPECIAIS EM SOCIOLINGU\u00cdSTICA DE CONTATO<br>Ementa: Esta disciplina n\u00e3o possui conte\u00fado program\u00e1tico.<\/p>\n\n\n\n<p><strong>Disciplina: EAD00197<\/strong><br>Nome: LINGU\u00cdSTICA V &#8211; PR\u00c1TICAS DE LEITURA<br>Ementa: Esta disciplina n\u00e3o possui conte\u00fado program\u00e1tico.<\/p>\n\n\n\n<p><strong>Disciplina: GLE00580<\/strong><br>Nome: LINGU\u00cdSTICA APLICADA AO ENSINO DE L\u00cdNGUA ESTRANGEIRA &#8211; ESPANHOL<br>Ementa: <\/p>\n\n\n\n<ul class=\"wp-block-list\"><li>LINGU\u00cdSTICA APLICADA: QUEST\u00d5ES HIST\u00d3RICAS E EPISTEMOL\u00d3GICAS. <\/li><li>ARTICULA\u00c7\u00c3O ENTRE TEORIAS LINGU\u00cdSTICAS, TEORIAS DE APRENDIZAGEM E ABORDAGENS PEDAG\u00d3GICAS. <\/li><li>AVALIA\u00c7\u00c3O. <\/li><li>PESQUISAS EM LINGU\u00cdSTICA APLICADA RELACIONADAS AO TRABALHO DO PROFESSOR DE L\u00cdNGUA ESTRANGEIRA (ESPANHOL). <\/li><li>ELABORA\u00c7\u00c3O DE ESTUDOS MONOGR\u00c1FICOS. <\/li><li>O ENSINO DE L\u00cdNGUA SER\u00c1 ABORDADO NO \u00c2MBITO DO SEU CONTEXTO S\u00d3CIO HIST\u00d3RICO CULTURAL, COM BASE NA VALORIZA\u00c7\u00c3O DOS DIREITOS HUMANOS, NO RESPEITO \u00c0 DIVERSIDADE, E EM UMA FORMA\u00c7\u00c3O PARA O EXERC\u00cdCIO RESPONS\u00c1VEL E CR\u00cdTICO DA CIDADANIA.<\/li><\/ul>\n\n\n\n<p><br>Conte\u00fado Program\u00e1tico: <\/p>\n\n\n\n<p>O ENSINO DE L\u00cdNGUA SER\u00c1 ABORDADO NO \u00c2MBITO DO SEU CONTEXTO S\u00d3CIO HIST\u00d3RICO CULTURAL, COM BASE NA VALORIZA\u00c7\u00c3O DOS DIREITOS HUMANOS, NO RESPEITO \u00c0 DIVERSIDADE, E EM UMA FORMA\u00c7\u00c3O PARA O EXERC\u00cdCIO RESPONS\u00c1VEL E CR\u00cdTICO DA CIDADANIA. <\/p>\n\n\n\n<ol class=\"wp-block-list\"><li>LINGU\u00cdSTICA APLICADA: QUEST\u00d5ES HIST\u00d3RICAS E EPISTEMOL\u00d3GICAS. <\/li><li>ARTICULA\u00c7\u00c3O ENTRE TEORIAS LINGU\u00cdSTICAS, TEORIAS DE APRENDIZAGEM E ABORDAGENS PEDAG\u00d3GICAS. <\/li><li>AVALIA\u00c7\u00c3O. <\/li><li>PESQUISAS EM LINGU\u00cdSTICA APLICADA RELACIONADAS AO TRABALHO DO PROFESSOR DE L\u00cdNGUA ESTRANGEIRA (ESPANHOL). <\/li><li>ELABORA\u00c7\u00c3O DE ESTUDOS MONOGR\u00c1FICOS.<\/li><\/ol>\n\n\n\n<p><strong>Disciplina:<\/strong><br>Nome: LINGU\u00cdSTICA APLICADA AO ENSINO DE L\u00cdNGUA ESTRANGEIRA &#8211; INGL\u00caS<br>Ementa: Esta disciplina n\u00e3o possui conte\u00fado program\u00e1tico.<\/p>\n\n\n\n<p><strong>Disciplina: GCL00060<\/strong><br>Nome: LINGU\u00cdSTICA XVI (ESTUDOS DE LINGUAGEM)<br>Ementa: Esta disciplina n\u00e3o possui conte\u00fado program\u00e1tico<\/p>\n\n\n\n<p><strong>Disciplina: GCL00061<\/strong><br>Nome: LINGU\u00cdSTICA XVII(AN\u00c1LISE DOS DISCURSOS MIDI\u00c1TICOS)<br>Ementa: Esta disciplina n\u00e3o possui conte\u00fado program\u00e1tico<\/p>\n\n\n\n<p><strong>Disciplina: FEF00022<\/strong><br>Nome: NEUROLINGU\u00cdSTICA<br>Ementa: Esta disciplina n\u00e3o possui conte\u00fado program\u00e1tico<\/p>\n\n\n\n<p><strong>Disciplina:<\/strong><br>Nome: LINGU\u00cdSTICA XV (TEXTO E CONTEXTO)<br>Ementa: Esta disciplina n\u00e3o possui conte\u00fado program\u00e1tico<\/p>\n\n\n\n<p><strong>Disciplina:<\/strong><br>Nome: LINGU\u00cdSTICA VI<br>Ementa: Esta disciplina n\u00e3o possui conte\u00fado program\u00e1tico<\/p>\n\n\n\n<p><strong>Disciplina:<\/strong><br>Nome: LINGU\u00cdSTICA VIII<br>Ementa: Esta disciplina n\u00e3o possui conte\u00fado program\u00e1tico<\/p>\n\n\n\n<p><strong>Disciplina:<\/strong><br>Nome: LINGU\u00cdSTICA XII<br>Ementa: Esta disciplina n\u00e3o possui conte\u00fado program\u00e1tico.<\/p>\n\n\n\n<p><strong>Disciplina:<\/strong><br>Nome: LINGU\u00cdSTICA XIII<br>Ementa: Esta disciplina n\u00e3o possui conte\u00fado program\u00e1tico.<\/p>\n\n\n\n<p><strong>Disciplina:<\/strong><br>Nome: LINGU\u00cdSTICA XIV<br>Ementa: Esta disciplina n\u00e3o possui conte\u00fado program\u00e1tico.<\/p>\n\n\n\n<p><strong>Disciplina:<\/strong><br>Nome: LINGU\u00cdSTICA XVIII<br>Ementa: Esta disciplina n\u00e3o possui conte\u00fado program\u00e1tico.<\/p>\n\n\n\n<p><strong>Disciplina:<\/strong><br>Nome: OFICINA DE LINGU\u00cdSTICA APLICADA &#8211; ESTUDO DA AVALIA\u00c7\u00c3O DO PROCESSO DE APRENDIZAGEM DE INGL\u00caS COMO LE<br>Ementa: Esta disciplina n\u00e3o possui conte\u00fado program\u00e1tico.<\/p>\n\n\n\n<p><strong>Disciplina:<\/strong><br>Nome: OFICINA DE LINGU\u00cdSTICA APLICADA AO ENSINO\/APRENDIZAGEM DE L\u00cdNGUA INGLESA &#8211; PRODU\u00c7\u00c3O TEXTUAL<br>Ementa: Esta disciplina n\u00e3o possui conte\u00fado program\u00e1tico.<\/p>\n\n\n\n<p><strong>Disciplina:<\/strong><br>Nome: T\u00d3PICOS ESPECIAIS EM POL\u00cdTICAS LINGU\u00cdSTICAS<br>Ementa: Esta disciplina n\u00e3o possui conte\u00fado program\u00e1tico.<\/p>\n\n\n\n<p><strong>Disciplina: EAD00165<\/strong><br>Nome: LINGU\u00cdSTICA I &#8211; INTRODU\u00c7\u00c3O AOS ESTUDOS LINGU\u00cdSTICOS<br>Ementa: Esta disciplina n\u00e3o possui conte\u00fado program\u00e1tico<\/p>\n\n\n\n<p><strong>Disciplina: EAD00166<\/strong><br>Nome: LINGU\u00cdSTICA II &#8211; GRAM\u00c1TICA GERATIVA E AQUISI\u00c7\u00c3O DA LINGUAGEM<br>Ementa: Esta disciplina n\u00e3o possui conte\u00fado program\u00e1tico<\/p>\n","protected":false},"excerpt":{"rendered":"<p>O curso de Letras Portugu\u00eas-Ingl\u00eas da UFF oferece o maior n\u00famero de disciplinas de gradua\u00e7\u00e3o, tendo Lingu\u00edstica como tema. Nem todas est\u00e3o dispon\u00edveis em cada semestre. A lista a seguir&#8230;<\/p>\n<div class=\"more-link-wrapper\"><a class=\"more-link\" href=\"https:\/\/treinamentolivre.com\/aluno04\/?page_id=453\">Continuar a ler&#8230;<span class=\"screen-reader-text\">A LINGU\u00cdSTICA NA GRADUA\u00c7\u00c3O DE LETRAS DA UFF.<\/span><\/a><\/div>\n","protected":false},"author":1,"featured_media":0,"parent":0,"menu_order":0,"comment_status":"closed","ping_status":"closed","template":"","meta":{"footnotes":""},"class_list":["post-453","page","type-page","status-publish","hentry","excerpt"],"_links":{"self":[{"href":"https:\/\/treinamentolivre.com\/aluno04\/index.php?rest_route=\/wp\/v2\/pages\/453","targetHints":{"allow":["GET"]}}],"collection":[{"href":"https:\/\/treinamentolivre.com\/aluno04\/index.php?rest_route=\/wp\/v2\/pages"}],"about":[{"href":"https:\/\/treinamentolivre.com\/aluno04\/index.php?rest_route=\/wp\/v2\/types\/page"}],"author":[{"embeddable":true,"href":"https:\/\/treinamentolivre.com\/aluno04\/index.php?rest_route=\/wp\/v2\/users\/1"}],"replies":[{"embeddable":true,"href":"https:\/\/treinamentolivre.com\/aluno04\/index.php?rest_route=%2Fwp%2Fv2%2Fcomments&post=453"}],"version-history":[{"count":2,"href":"https:\/\/treinamentolivre.com\/aluno04\/index.php?rest_route=\/wp\/v2\/pages\/453\/revisions"}],"predecessor-version":[{"id":455,"href":"https:\/\/treinamentolivre.com\/aluno04\/index.php?rest_route=\/wp\/v2\/pages\/453\/revisions\/455"}],"wp:attachment":[{"href":"https:\/\/treinamentolivre.com\/aluno04\/index.php?rest_route=%2Fwp%2Fv2%2Fmedia&parent=453"}],"curies":[{"name":"wp","href":"https:\/\/api.w.org\/{rel}","templated":true}]}}