{"id":384,"date":"2022-09-27T17:16:07","date_gmt":"2022-09-27T20:16:07","guid":{"rendered":"http:\/\/treinamentolivre.com\/aluno04\/?page_id=384"},"modified":"2022-10-05T16:43:03","modified_gmt":"2022-10-05T19:43:03","slug":"a-linguistica-no-curriculo-da-ufrj","status":"publish","type":"page","link":"https:\/\/treinamentolivre.com\/aluno04\/?page_id=384","title":{"rendered":"A LINGU\u00cdSTICA NA GRADUA\u00c7\u00c3O DA UFRJ"},"content":{"rendered":"\n<p>Na UFRJ, a Lingu\u00edstica est\u00e1 espalhada em dezesseis mat\u00e9rias do curso de Bacharelado e de Licenciatura em Letras Portugu\u00eas-Ingl\u00eas (existem vers\u00f5es em outras l\u00ednguas). A L\u00edngua Portuguesa, por exemplo, \u00e9 estudada em varia\u00e7\u00e3o, fonologia, morfosintaxe, sintaxe, sem\u00e2ntica \u2013 do per\u00edodo 2 ao 8. H\u00e1 uma disciplina de Fonologia da L\u00edngua Inglesa no quinto per\u00edodo; Fundamentos de An\u00e1lise Fonol\u00f3gica no segundo per\u00edodo e Fundamentos de An\u00e1lise Sint\u00e1tica no terceiro. Aqui, s\u00f3 mostramos as\u00a0<a href=\"https:\/\/treinamentolivre.com\/aluno04\/?page_id=384\">disciplinas com pr\u00e9-requisito ou de natureza diretamente relacionadas com lingu\u00edstica<\/a>\u00a0e com o curso de L\u00edngua Inglesa.<\/p>\n\n\n\n<p><\/p>\n\n\n\n<p><strong>LEF141-Lingu\u00edstica I<\/strong><\/p>\n\n\n\n<p>Introdu\u00e7\u00e3o. Objeto e campos da linguistica. Ciencias afins. Estrutura das linguas. Procedimentos de descricao e analise<\/p>\n\n\n\n<p><strong>LEF151-Linguistica II<\/strong><br>Fonetica e fonologia. Aparelho fonador. Tipos articulatorios. Sistema de transcricao fonetica. Vogais e consoantes. Fonema e alofone. Transcricao e analise fonemicas.<\/p>\n\n\n\n<p><strong>LEF241-Linguistica III<\/strong><br>Morfologia e sintaxe. Gramatica e lexico. Unidades, categorias e funcoes gramaticais. Estrutura sintatica. Problemas de analise gramatical do portugues.<\/p>\n\n\n\n<p><strong>LEF341-Linguistica A.<\/strong><br>Alguns modelos de an\u00e1lise ling\u00fc\u00edstica. A descri\u00e7\u00e3o ling\u00fcistica desde a antiguidade greco-romana at\u00e9 nossos dias.<\/p>\n\n\n\n<p><strong>LEF342-Linguistica B (Optativa)<\/strong><br>Trabalho de campo nas \u00e1reas da fonologia, morfologia, sintaxe, ling\u00fc\u00edstica aplicada, socioling\u00fcistica e psicoling\u00fcistica<\/p>\n\n\n\n<p><strong>LEF343-Linguistica C (Optativa)<\/strong><br>Introdu\u00e7\u00e3o as linguas ind\u00edgenas no Brasil. Vis\u00e3o e orienta\u00e7\u00e3o geral sobre os problemas da ling\u00fcistica ind\u00edgena no Brasil. Est\u00e1gio atual da classifica\u00e7\u00e3o das l\u00ednguas ind\u00edgenas brasileiras. As formas de acultura\u00e7\u00e3o e suas implica\u00e7\u00f5es ling\u00fcisticas. No\u00e7\u00f5es metodol\u00f3gicas de pesquisa de campo.<\/p>\n\n\n\n<p><strong>LEF344-Linguistica D<\/strong><br>A estrutura da senten\u00e7a: fun\u00e7\u00f5es, classes e sintagmas. Teoria X-Barra e representa\u00e7\u00f5es sint\u00e1ticas. Opera\u00e7\u00f5es sint\u00e1ticas: juntar e mover. Aplica\u00e7\u00f5es ao estudo da sintaxe do portugu\u00eas: rediscuss\u00e3o das no\u00e7\u00f5es tradicionais de sujeito, complemento, adjunto, reg\u00eancia e concord\u00e2ncia.<\/p>\n\n\n\n<p><strong>LEF345-Linguistica E.<\/strong><br>Fon\u00e9tica: perpectivas de estudo. Segmenta\u00e7\u00e3o e interpreta\u00e7\u00e3o de dados de fala. Treinamento de transcri\u00e7\u00e3o.<\/p>\n\n\n\n<p><strong>LEF346-Linguistica F<\/strong><br>Sintaxe de algumas constru\u00e7\u00f5es do potugu\u00eas descritas pela gram\u00e1tica gerativa. Alguns tipos de ora\u00e7\u00f5es subordinadas. Pronominaliza\u00e7\u00e3o.<\/p>\n\n\n\n<p><strong>LEF347-Linguistica G<\/strong><br>Fundamentos te\u00f3ricos e metodol\u00f3gicos das correntes da ling\u00fc\u00edstica moderna. Exame de alguns problemas especiais<\/p>\n\n\n\n<p><strong>LEF348-Linguistica Aplicada J<\/strong><br>Conceitos b\u00e1sicos: usos e atitudes. Varia\u00e7\u00e3o: dialetos\/registros. L\u00ednguas em contato. L\u00edngua padr\u00e3o e corre\u00e7\u00e3o ling\u00fc\u00edstica. Ling\u00fc\u00edstica aplicada ao ensino do portugu\u00eas: como 1a. L\u00edngua e como l\u00edngua 2. O ensino da alfabetiza\u00e7\u00e3o. Tarefas da ling\u00fcistica no Brasil.<\/p>\n\n\n\n<p><strong>LEF349-Sociolinguistica I (Optativa)<\/strong><br>A teoria de varia\u00e7\u00f5es ling\u00fcisticas. Problemas metodol\u00f3gicos: defini\u00e7\u00e3o da amostra. Dialetos sociais e educa\u00e7\u00e3o. Trabalho de campo.<\/p>\n\n\n\n<p><strong>LEF350-Psicolinguistica I (Optativa)<\/strong><br>Principais caracteristicas do processo de aquisi\u00e7\u00e3o da linguagem nas primeiras fases. Aquisi\u00e7\u00e3o de estruturas complexas pela crian\u00e7a na faixa de 0 a 06 anos de idade. Pesquisas de campo. Aplica\u00e7\u00f5es das pesquisas a alfabetiza\u00e7\u00e3o.<\/p>\n\n\n\n<p><strong>LEF351-Sociolinguistica II (Optativa)<\/strong><br>Varia\u00e7\u00e3o do uso ling\u00fc\u00edstico em portugu\u00eas.<\/p>\n\n\n\n<p><strong>LEF353-Psicolinguistica II (Optativa)<\/strong><br>O desenvolvimento intelectual\/lingu\u00edstico infantil, na faixa et\u00e1ria de 05 a 10 anos. An\u00e1lise desenvolvimental de algumas estruturas complexas: compreens\u00e3o e produ\u00e7\u00e3o de relativas, passivas e interrogativas. Grada\u00e7\u00e3o de complexidade lingu\u00edstica dessas estruturas tendo em vista suas etapas de aquisi\u00e7\u00e3o. Contribui\u00e7\u00e3o a lingu\u00edstica aplicada ao ensino do portugu\u00eas no primeiro grau. Trabalho de campo para aplica\u00e7\u00e3o de testes e semin\u00e1rios para apresenta\u00e7\u00e3o de resultados.<\/p>\n\n\n\n<p><strong>LEF415-Linguistica L -T\u00e9cnicas de Tradu\u00e7\u00e3o<\/strong><br>Perspectivas de estudo em fonologia. An\u00e1lise de dados. Interpreta\u00e7\u00e3o de processos fonol\u00f3gicos.<\/p>\n\n\n\n<p><\/p>\n\n\n\n<p>[ <a href=\"https:\/\/treinamentolivre.com\/aluno04\/?page_id=288\">Voltar para o G.E.L.<\/a> ]<\/p>\n","protected":false},"excerpt":{"rendered":"<p>Na UFRJ, a Lingu\u00edstica est\u00e1 espalhada em dezesseis mat\u00e9rias do curso de Bacharelado e de Licenciatura em Letras Portugu\u00eas-Ingl\u00eas (existem vers\u00f5es em outras l\u00ednguas). A L\u00edngua Portuguesa, por exemplo, \u00e9&#8230;<\/p>\n<div class=\"more-link-wrapper\"><a class=\"more-link\" href=\"https:\/\/treinamentolivre.com\/aluno04\/?page_id=384\">Continuar a ler&#8230;<span class=\"screen-reader-text\">A LINGU\u00cdSTICA NA GRADUA\u00c7\u00c3O DA UFRJ<\/span><\/a><\/div>\n","protected":false},"author":1,"featured_media":0,"parent":0,"menu_order":0,"comment_status":"closed","ping_status":"closed","template":"","meta":{"footnotes":""},"class_list":["post-384","page","type-page","status-publish","hentry","excerpt"],"_links":{"self":[{"href":"https:\/\/treinamentolivre.com\/aluno04\/index.php?rest_route=\/wp\/v2\/pages\/384","targetHints":{"allow":["GET"]}}],"collection":[{"href":"https:\/\/treinamentolivre.com\/aluno04\/index.php?rest_route=\/wp\/v2\/pages"}],"about":[{"href":"https:\/\/treinamentolivre.com\/aluno04\/index.php?rest_route=\/wp\/v2\/types\/page"}],"author":[{"embeddable":true,"href":"https:\/\/treinamentolivre.com\/aluno04\/index.php?rest_route=\/wp\/v2\/users\/1"}],"replies":[{"embeddable":true,"href":"https:\/\/treinamentolivre.com\/aluno04\/index.php?rest_route=%2Fwp%2Fv2%2Fcomments&post=384"}],"version-history":[{"count":4,"href":"https:\/\/treinamentolivre.com\/aluno04\/index.php?rest_route=\/wp\/v2\/pages\/384\/revisions"}],"predecessor-version":[{"id":446,"href":"https:\/\/treinamentolivre.com\/aluno04\/index.php?rest_route=\/wp\/v2\/pages\/384\/revisions\/446"}],"wp:attachment":[{"href":"https:\/\/treinamentolivre.com\/aluno04\/index.php?rest_route=%2Fwp%2Fv2%2Fmedia&parent=384"}],"curies":[{"name":"wp","href":"https:\/\/api.w.org\/{rel}","templated":true}]}}