{"id":38,"date":"2021-10-11T21:41:47","date_gmt":"2021-10-12T00:41:47","guid":{"rendered":"http:\/\/treinamentolivre.com\/aluno04\/?page_id=38"},"modified":"2023-11-19T22:00:17","modified_gmt":"2023-11-20T01:00:17","slug":"sobre-este-site","status":"publish","type":"page","link":"https:\/\/treinamentolivre.com\/aluno04\/?page_id=38","title":{"rendered":"Sobre este site"},"content":{"rendered":"\n<p><\/p>\n\n\n\n<p><\/p>\n\n\n\n<p><strong>Sobre o conjunto de sites do Curso de WordPress.<\/strong><\/p>\n\n\n\n<p>Ol\u00e1 ! Eu sou Hali Omani, diretor do <a rel=\"noreferrer noopener\" href=\"http:\/\/imbuhy.com\" target=\"_blank\">Instituto Imbuhy<\/a> (I2).<\/p>\n\n\n\n<p>Por ocasi\u00e3o dos preparativos da segunda turma de WordPress do I2, eu adaptei os sites de exerc\u00edcios do curso. Os sites passaram \u00e0 seguinte configura\u00e7\u00e3o:<\/p>\n\n\n\n<ul class=\"wp-block-list\"><li><a href=\"http:\/\/treinamentolivre.com\/aluno01\/\">http:\/\/treinamentolivre.com\/aluno01\/<\/a> &#8211; Destinado aos aficcionados de <strong>intelig\u00eancia artificial<\/strong>, este site \u00e9 um reposit\u00f3rio de material real sobre o assunto e <strong>precisa ser preservado, <\/strong>n\u00e3o admitindo falhas de opera\u00e7\u00e3o. Assim, as autoriza\u00e7\u00f5es s\u00e3o mais granuladas para os alunos. <strong>Site real, em produ\u00e7\u00e3o<\/strong>.<\/li><li><a href=\"http:\/\/treinamentolivre.com\/aluno02\/\">http:\/\/treinamentolivre.com\/aluno02\/<\/a> &#8211; Nosso site de pol\u00edtica e problemas brasileiros. <strong>Site em desenvolvimento<\/strong>.<\/li><li><a href=\"http:\/\/treinamentolivre.com\/aluno03\/\">http:\/\/treinamentolivre.com\/aluno03\/<\/a> &#8211; Um site sobre assuntos processuais, foi criado para servir de rascunho para experi\u00eancias mais audaciosas, que possam at\u00e9 mesmo destruir o <strong>site experimental<\/strong>.<\/li><li><a href=\"https:\/\/treinamentolivre.com\/aluno04\/\">https:\/\/treinamentolivre.com\/aluno04\/<\/a> &#8211; Dedicado \u00e0 Lingu\u00edstica.  O objetivo aqui \u00e9 ensinar o estudante a lidar com caracteres de outros conjuntos lingu\u00edsticos, por exemplo o cir\u00edlico. \u00c9 projetado para ser multil\u00edngue desde o come\u00e7o. Pensei, inclusive, em  esbo\u00e7ar a cria\u00e7\u00e3o de um novo tema WordPress com ajuda dos alunos. Uma das ideias \u00e9 que os alunos projetem uma estrat\u00e9gia realmente motivadora para forma\u00e7\u00e3o de um grupo real, no caso o <a href=\"https:\/\/treinamentolivre.com\/aluno04\/?page_id=288\">G.E.L.<\/a> .<\/li><li><a href=\"https:\/\/treinamentolivre.com\/aluno05\/\">https:\/\/treinamentolivre.com\/aluno05\/<\/a> &#8211; <strong>Outro site experimental<\/strong>, sedia uma imagin\u00e1ria Associa\u00e7\u00e3o dos Profissionais de TI das Justi\u00e7as Federais e deve servir para ensinar os estudantes a lidarem com os problemas e desafios t\u00edpicos de associa\u00e7\u00f5es de classe. O aluno tamb\u00e9m aprende a inserir c\u00f3digo nas p\u00e1ginas, de maneira mais intensa, atrav\u00e9s de HTML e de JavaScript. Um grande desafio \u00e9 realizar uma vota\u00e7\u00e3o <strong>segura<\/strong>, em n\u00edvel nacional para cargos da diretoria da associa\u00e7\u00e3o.<\/li><li><a href=\"https:\/\/treinamentolivre.com\/aluno06\/\">https:\/\/treinamentolivre.com\/aluno06\/<\/a> &#8211; <strong>Outro site  experimental<\/strong>. Aqui vale tudo (t\u00e9cnicas pouco usuais), desde que fique documentado para uso dos colegas !<\/li><\/ul>\n\n\n\n<p><\/p>\n","protected":false},"excerpt":{"rendered":"<p>Sobre o conjunto de sites do Curso de WordPress. Ol\u00e1 ! Eu sou Hali Omani, diretor do Instituto Imbuhy (I2). Por ocasi\u00e3o dos preparativos da segunda turma de WordPress do&#8230;<\/p>\n<div class=\"more-link-wrapper\"><a class=\"more-link\" href=\"https:\/\/treinamentolivre.com\/aluno04\/?page_id=38\">Continuar a ler&#8230;<span class=\"screen-reader-text\">Sobre este site<\/span><\/a><\/div>\n","protected":false},"author":1,"featured_media":0,"parent":0,"menu_order":0,"comment_status":"closed","ping_status":"closed","template":"","meta":{"footnotes":""},"class_list":["post-38","page","type-page","status-publish","hentry","excerpt"],"_links":{"self":[{"href":"https:\/\/treinamentolivre.com\/aluno04\/index.php?rest_route=\/wp\/v2\/pages\/38","targetHints":{"allow":["GET"]}}],"collection":[{"href":"https:\/\/treinamentolivre.com\/aluno04\/index.php?rest_route=\/wp\/v2\/pages"}],"about":[{"href":"https:\/\/treinamentolivre.com\/aluno04\/index.php?rest_route=\/wp\/v2\/types\/page"}],"author":[{"embeddable":true,"href":"https:\/\/treinamentolivre.com\/aluno04\/index.php?rest_route=\/wp\/v2\/users\/1"}],"replies":[{"embeddable":true,"href":"https:\/\/treinamentolivre.com\/aluno04\/index.php?rest_route=%2Fwp%2Fv2%2Fcomments&post=38"}],"version-history":[{"count":21,"href":"https:\/\/treinamentolivre.com\/aluno04\/index.php?rest_route=\/wp\/v2\/pages\/38\/revisions"}],"predecessor-version":[{"id":905,"href":"https:\/\/treinamentolivre.com\/aluno04\/index.php?rest_route=\/wp\/v2\/pages\/38\/revisions\/905"}],"wp:attachment":[{"href":"https:\/\/treinamentolivre.com\/aluno04\/index.php?rest_route=%2Fwp%2Fv2%2Fmedia&parent=38"}],"curies":[{"name":"wp","href":"https:\/\/api.w.org\/{rel}","templated":true}]}}