{"id":378,"date":"2022-09-27T17:11:51","date_gmt":"2022-09-27T20:11:51","guid":{"rendered":"http:\/\/treinamentolivre.com\/aluno04\/?page_id=378"},"modified":"2022-10-05T16:41:48","modified_gmt":"2022-10-05T19:41:48","slug":"a-linguistica-na-graduacao-da-uerj","status":"publish","type":"page","link":"https:\/\/treinamentolivre.com\/aluno04\/?page_id=378","title":{"rendered":"A LINGU\u00cdSTICA NA GRADUA\u00c7\u00c3O DA UERJ"},"content":{"rendered":"\n<p>A UERJ, em seu curso de Letras, oferece&nbsp;<a href=\"https:\/\/treinamentolivre.com\/aluno04\/?page_id=378\">quatro disciplinas de Lingu\u00edstica no curso b\u00e1sico<\/a>.<\/p>\n\n\n\n<p>Essas disciplinas s\u00e3o pr\u00e9-requisitos de 29 mat\u00e9rias, incluindo as pr\u00f3prias Lingu\u00edsticas (<a rel=\"noreferrer noopener\" href=\"http:\/\/www.institutodeletras.uerj.br\/gradhabilit.php\" target=\"_blank\">veja os planos dos cursos<\/a>).<\/p>\n\n\n\n<p><strong>Problema:<\/strong>&nbsp;Os estudantes oriundos da UFRJ em 2022 n\u00e3o conseguem isen\u00e7\u00e3o das disciplinas de Lingu\u00edstica na UERJ, mesmo tendo cursado o assunto naquela excelente universidade.<\/p>\n\n\n\n<p>Nome da disciplina: <strong>LINGU\u00cdSTICA I: Fundamentos Te\u00f3ricos<\/strong> (ILE06-05256)<\/p>\n\n\n\n<ul class=\"wp-block-list\"><li>Cr\u00e9ditos: 4<\/li><li>Pr\u00e9-requisito: n\u00e3o h\u00e1<\/li><li>Ementa: L\u00edngua, Linguagem, Lingu\u00edstica. Natureza, cientificidade, objeto, abordagens e modalidades da Lingu\u00edstica. No\u00e7\u00f5es Gerais de Lingu\u00edstica Descritiva. No\u00e7\u00f5es Gerais de \u00e1reas de interdisciplinaridade e de aplica\u00e7\u00e3o da Lingu\u00edstica.<\/li><\/ul>\n\n\n\n<p>Nome da disciplina: <strong>LINGU\u00cdSTICA II: Fundamentos Te\u00f3ricos<\/strong> (ILE06-05353)<\/p>\n\n\n\n<ul class=\"wp-block-list\"><li>Cr\u00e9ditos: 4<\/li><li>Pr\u00e9-requisito: LINGU\u00cdSTICA I: Fundamentos Te\u00f3ricos (ILE06-05256)<\/li><li>Ementa: Aspectos de Lingu\u00edstica Descritiva. Vis\u00e3o hist\u00f3rica e conceitos b\u00e1sicos em diferentes n\u00edveis de an\u00e1lise lingu\u00edstica. Objetos, unidades, categorias e desenvolvimentos mais recentes nas correntes da an\u00e1lise descritiva. \u00c1reas de interdepend\u00eancia intra e interdisciplinares.<\/li><\/ul>\n\n\n\n<p>Nome da disciplina: <strong>LINGU\u00cdSTICA III: Linguagem e Sociedade<\/strong> (ILE06-06770)<\/p>\n\n\n\n<ul class=\"wp-block-list\"><li>Cr\u00e9ditos: 2<\/li><li>Pr\u00e9-requisito: LINGU\u00cdSTICA II: Fundamentos Te\u00f3ricos (ILE06-05353)<\/li><li>Ementa: A perspectiva social da heterogeneidade lingu\u00edstica: m\u00e9todos de abordagens em sociolingu\u00edstica. Variantes lingu\u00edsticas, intera\u00e7\u00e3o social e a constru\u00e7\u00e3o de identidades. Os discursos e sua an\u00e1lise: hist\u00f3rico e perspectivas de abordagem. Suas rela\u00e7\u00f5es com a cultura e a ideologia. Subjetividade e polifonia.<\/li><\/ul>\n\n\n\n<p>Nome da disciplina: <strong>LINGU\u00cdSTICA IV: Linguagem e Cogni\u00e7\u00e3o<\/strong> (ILE06-06771)<\/p>\n\n\n\n<ul class=\"wp-block-list\"><li>Cr\u00e9dito: 1<\/li><li>Pr\u00e9-requisito: LINGU\u00cdSTICA III: Linguagem e Sociedade (ILE06-06770)<\/li><li>Ementa: Introdu\u00e7\u00e3o ao Estudo sobre Linguagem e Pensamento. Fundamentos Te\u00f3ricos sobre a Aquisi\u00e7\u00e3o e Desenvolvimento de Linguagem e Cogni\u00e7\u00e3o. Inter-rela\u00e7\u00e3o de produ\u00e7\u00e3o lingu\u00edstica e processos cognitivos: teoria e pr\u00e1tica.<\/li><\/ul>\n\n\n\n<p><\/p>\n\n\n\n<p>[ <a href=\"https:\/\/treinamentolivre.com\/aluno04\/?page_id=288\">Voltar para o G.E.L.<\/a> ]<\/p>\n","protected":false},"excerpt":{"rendered":"<p>A UERJ, em seu curso de Letras, oferece&nbsp;quatro disciplinas de Lingu\u00edstica no curso b\u00e1sico. Essas disciplinas s\u00e3o pr\u00e9-requisitos de 29 mat\u00e9rias, incluindo as pr\u00f3prias Lingu\u00edsticas (veja os planos dos cursos).&#8230;<\/p>\n<div class=\"more-link-wrapper\"><a class=\"more-link\" href=\"https:\/\/treinamentolivre.com\/aluno04\/?page_id=378\">Continuar a ler&#8230;<span class=\"screen-reader-text\">A LINGU\u00cdSTICA NA GRADUA\u00c7\u00c3O DA UERJ<\/span><\/a><\/div>\n","protected":false},"author":1,"featured_media":0,"parent":0,"menu_order":0,"comment_status":"closed","ping_status":"closed","template":"","meta":{"footnotes":""},"class_list":["post-378","page","type-page","status-publish","hentry","excerpt"],"_links":{"self":[{"href":"https:\/\/treinamentolivre.com\/aluno04\/index.php?rest_route=\/wp\/v2\/pages\/378","targetHints":{"allow":["GET"]}}],"collection":[{"href":"https:\/\/treinamentolivre.com\/aluno04\/index.php?rest_route=\/wp\/v2\/pages"}],"about":[{"href":"https:\/\/treinamentolivre.com\/aluno04\/index.php?rest_route=\/wp\/v2\/types\/page"}],"author":[{"embeddable":true,"href":"https:\/\/treinamentolivre.com\/aluno04\/index.php?rest_route=\/wp\/v2\/users\/1"}],"replies":[{"embeddable":true,"href":"https:\/\/treinamentolivre.com\/aluno04\/index.php?rest_route=%2Fwp%2Fv2%2Fcomments&post=378"}],"version-history":[{"count":5,"href":"https:\/\/treinamentolivre.com\/aluno04\/index.php?rest_route=\/wp\/v2\/pages\/378\/revisions"}],"predecessor-version":[{"id":809,"href":"https:\/\/treinamentolivre.com\/aluno04\/index.php?rest_route=\/wp\/v2\/pages\/378\/revisions\/809"}],"wp:attachment":[{"href":"https:\/\/treinamentolivre.com\/aluno04\/index.php?rest_route=%2Fwp%2Fv2%2Fmedia&parent=378"}],"curies":[{"name":"wp","href":"https:\/\/api.w.org\/{rel}","templated":true}]}}